{"id":1044,"date":"2025-04-01T15:03:28","date_gmt":"2025-04-01T15:03:28","guid":{"rendered":"https:\/\/electricidadeaguas.pt\/?page_id=1044"},"modified":"2025-05-05T15:10:17","modified_gmt":"2025-05-05T15:10:17","slug":"empresas-canalizacao","status":"publish","type":"page","link":"https:\/\/electricidadeaguas.pt\/?page_id=1044","title":{"rendered":"Empresas Canaliza\u00e7\u00e3o"},"content":{"rendered":"<div class=\"wp-block-cover alignfull is-light\" style=\"padding-top:var(--wp--preset--spacing--60);padding-right:var(--wp--preset--spacing--60);padding-bottom:var(--wp--preset--spacing--60);padding-left:var(--wp--preset--spacing--60);min-height:608px;aspect-ratio:unset;\"><img loading=\"lazy\" decoding=\"async\" width=\"1024\" height=\"683\" class=\"wp-block-cover__image-background wp-image-3698 size-large\" alt=\"\" src=\"https:\/\/electricidadeaguas.pt\/wp-content\/uploads\/2025\/05\/service-maintenance-worker-repairing-1024x683.jpg\" style=\"object-position:54% 11%\" data-object-fit=\"cover\" data-object-position=\"54% 11%\" srcset=\"https:\/\/electricidadeaguas.pt\/wp-content\/uploads\/2025\/05\/service-maintenance-worker-repairing-1024x683.jpg 1024w, https:\/\/electricidadeaguas.pt\/wp-content\/uploads\/2025\/05\/service-maintenance-worker-repairing-300x200.jpg 300w, https:\/\/electricidadeaguas.pt\/wp-content\/uploads\/2025\/05\/service-maintenance-worker-repairing-768x512.jpg 768w, https:\/\/electricidadeaguas.pt\/wp-content\/uploads\/2025\/05\/service-maintenance-worker-repairing-1536x1024.jpg 1536w, https:\/\/electricidadeaguas.pt\/wp-content\/uploads\/2025\/05\/service-maintenance-worker-repairing-2048x1366.jpg 2048w, https:\/\/electricidadeaguas.pt\/wp-content\/uploads\/2025\/05\/service-maintenance-worker-repairing-930x620.jpg 930w, https:\/\/electricidadeaguas.pt\/wp-content\/uploads\/2025\/05\/service-maintenance-worker-repairing-1320x880.jpg 1320w, https:\/\/electricidadeaguas.pt\/wp-content\/uploads\/2025\/05\/service-maintenance-worker-repairing-600x400.jpg 600w\" sizes=\"auto, (max-width: 1024px) 100vw, 1024px\" \/><span aria-hidden=\"true\" class=\"wp-block-cover__background has-nv-dark-bg-background-color has-background-dim-0 has-background-dim\"><\/span><div class=\"wp-block-cover__inner-container is-layout-flow wp-block-cover-is-layout-flow\"><p><\/p>\n\n<p><\/p><\/div><\/div><div style=\"height:54px\" aria-hidden=\"true\" class=\"wp-block-spacer\"><\/div><h2 class=\"wp-block-heading has-text-align-center has-neve-text-color-color has-text-color\" style=\"font-size:50px\">Empresas de Canaliza\u00e7\u00e3o<\/h2><p class=\"has-text-align-center\" style=\"font-size:18px\">Explore os cat\u00e1logos das empresas de canaliza\u00e7\u00e3o, que oferecem uma vasta gama de produtos e solu\u00e7\u00f5es para instala\u00e7\u00f5es de \u00e1gua e g\u00e1s, bem como sistemas de drenagem e tratamento de \u00e1guas. Encontre tudo o que precisa para garantir a efici\u00eancia, a seguran\u00e7a e a durabilidade das suas redes de canaliza\u00e7\u00e3o.<\/p><div style=\"height:707px\" aria-hidden=\"true\" class=\"wp-block-spacer\"><\/div><div class=\"wp-block-cover alignfull\" style=\"min-height:300px;aspect-ratio:unset;\"><span aria-hidden=\"true\" class=\"wp-block-cover__background has-neve-link-hover-color-background-color has-background-dim-100 has-background-dim\"><\/span><div class=\"wp-block-cover__inner-container is-layout-flow wp-block-cover-is-layout-flow\"><div style=\"height:14px\" aria-hidden=\"true\" class=\"wp-block-spacer\"><\/div>\n\n<div class=\"wp-block-columns is-layout-flex wp-container-core-columns-is-layout-9d6595d7 wp-block-columns-is-layout-flex\"><div class=\"wp-block-column is-layout-flow wp-block-column-is-layout-flow\" style=\"flex-basis:20%\"><\/div>\n\n<div class=\"wp-block-column is-layout-flow wp-block-column-is-layout-flow\" style=\"flex-basis:60%\"><div class=\"wp-block-group\"><div class=\"wp-block-group__inner-container is-layout-constrained wp-block-group-is-layout-constrained\"><h2 class=\"wp-block-heading has-text-align-center has-nv-text-dark-bg-color has-text-color\">Vamos trabalhar juntos, contacte-nos ao clicar no bot\u00e3o abaixo!<\/h2>\n\n<div class=\"wp-block-buttons is-horizontal is-content-justification-center is-layout-flex wp-container-core-buttons-is-layout-499968f5 wp-block-buttons-is-layout-flex\"><div class=\"wp-block-button is-style-primary\"><a class=\"wp-block-button__link has-neve-link-color-color has-text-color has-background has-link-color wp-element-button\" href=\"https:\/\/electricidadeaguas.pt\/?page_id=10\" style=\"background-color:#ffffff\">Contacte-nos<\/a><\/div><\/div><\/div><\/div><\/div>\n\n<div class=\"wp-block-column is-layout-flow wp-block-column-is-layout-flow\" style=\"flex-basis:20%\"><\/div><\/div>\n\n<div style=\"height:14px\" aria-hidden=\"true\" class=\"wp-block-spacer\"><\/div><\/div><\/div>","protected":false},"excerpt":{"rendered":"<p>Empresas de Canaliza\u00e7\u00e3o Explore os cat\u00e1logos das empresas de canaliza\u00e7\u00e3o, que oferecem uma vasta gama de produtos e solu\u00e7\u00f5es para instala\u00e7\u00f5es de \u00e1gua e g\u00e1s, bem como sistemas de drenagem e tratamento de \u00e1guas. Encontre tudo o que precisa para garantir a efici\u00eancia, a seguran\u00e7a e a durabilidade das suas redes de canaliza\u00e7\u00e3o.<\/p>\n","protected":false},"author":1,"featured_media":0,"parent":0,"menu_order":0,"comment_status":"closed","ping_status":"closed","template":"","meta":{"neve_meta_sidebar":"","neve_meta_container":"","neve_meta_enable_content_width":"on","neve_meta_content_width":100,"neve_meta_title_alignment":"","neve_meta_author_avatar":"","neve_post_elements_order":"","neve_meta_disable_header":"","neve_meta_disable_footer":"on","neve_meta_disable_title":"on","footnotes":""},"class_list":["post-1044","page","type-page","status-publish","hentry"],"jetpack_sharing_enabled":true,"_links":{"self":[{"href":"https:\/\/electricidadeaguas.pt\/index.php?rest_route=\/wp\/v2\/pages\/1044","targetHints":{"allow":["GET"]}}],"collection":[{"href":"https:\/\/electricidadeaguas.pt\/index.php?rest_route=\/wp\/v2\/pages"}],"about":[{"href":"https:\/\/electricidadeaguas.pt\/index.php?rest_route=\/wp\/v2\/types\/page"}],"author":[{"embeddable":true,"href":"https:\/\/electricidadeaguas.pt\/index.php?rest_route=\/wp\/v2\/users\/1"}],"replies":[{"embeddable":true,"href":"https:\/\/electricidadeaguas.pt\/index.php?rest_route=%2Fwp%2Fv2%2Fcomments&post=1044"}],"version-history":[{"count":21,"href":"https:\/\/electricidadeaguas.pt\/index.php?rest_route=\/wp\/v2\/pages\/1044\/revisions"}],"predecessor-version":[{"id":3804,"href":"https:\/\/electricidadeaguas.pt\/index.php?rest_route=\/wp\/v2\/pages\/1044\/revisions\/3804"}],"wp:attachment":[{"href":"https:\/\/electricidadeaguas.pt\/index.php?rest_route=%2Fwp%2Fv2%2Fmedia&parent=1044"}],"curies":[{"name":"wp","href":"https:\/\/api.w.org\/{rel}","templated":true}]}}