{"id":1048,"date":"2025-04-01T15:04:57","date_gmt":"2025-04-01T15:04:57","guid":{"rendered":"https:\/\/electricidadeaguas.pt\/?page_id=1048"},"modified":"2025-05-05T15:08:57","modified_gmt":"2025-05-05T15:08:57","slug":"empresas-energias-renovaveis","status":"publish","type":"page","link":"https:\/\/electricidadeaguas.pt\/?page_id=1048","title":{"rendered":"Empresas Energias Renov\u00e1veis"},"content":{"rendered":"<div class=\"wp-block-cover alignfull is-light\" style=\"padding-top:var(--wp--preset--spacing--60);padding-right:var(--wp--preset--spacing--60);padding-bottom:var(--wp--preset--spacing--60);padding-left:var(--wp--preset--spacing--60);min-height:608px;aspect-ratio:unset;\"><img loading=\"lazy\" decoding=\"async\" width=\"1024\" height=\"751\" class=\"wp-block-cover__image-background wp-image-3705 size-large\" alt=\"\" src=\"https:\/\/electricidadeaguas.pt\/wp-content\/uploads\/2025\/05\/3d-solar-pannels-project-energy-saving-1024x751.jpg\" data-object-fit=\"cover\" srcset=\"https:\/\/electricidadeaguas.pt\/wp-content\/uploads\/2025\/05\/3d-solar-pannels-project-energy-saving-1024x751.jpg 1024w, https:\/\/electricidadeaguas.pt\/wp-content\/uploads\/2025\/05\/3d-solar-pannels-project-energy-saving-300x220.jpg 300w, https:\/\/electricidadeaguas.pt\/wp-content\/uploads\/2025\/05\/3d-solar-pannels-project-energy-saving-768x563.jpg 768w, https:\/\/electricidadeaguas.pt\/wp-content\/uploads\/2025\/05\/3d-solar-pannels-project-energy-saving-1536x1126.jpg 1536w, https:\/\/electricidadeaguas.pt\/wp-content\/uploads\/2025\/05\/3d-solar-pannels-project-energy-saving-2048x1502.jpg 2048w, https:\/\/electricidadeaguas.pt\/wp-content\/uploads\/2025\/05\/3d-solar-pannels-project-energy-saving-1320x968.jpg 1320w, https:\/\/electricidadeaguas.pt\/wp-content\/uploads\/2025\/05\/3d-solar-pannels-project-energy-saving-600x440.jpg 600w\" sizes=\"auto, (max-width: 1024px) 100vw, 1024px\" \/><span aria-hidden=\"true\" class=\"wp-block-cover__background has-nv-dark-bg-background-color has-background-dim-0 has-background-dim\"><\/span><div class=\"wp-block-cover__inner-container is-layout-flow wp-block-cover-is-layout-flow\"><p><\/p>\n\n<p><\/p><\/div><\/div><div style=\"height:94px\" aria-hidden=\"true\" class=\"wp-block-spacer\"><\/div><h2 class=\"wp-block-heading has-text-align-center has-neve-text-color-color has-text-color\" style=\"font-size:50px\">Empresas de Energias Renov\u00e1veis<\/h2><h2 class=\"wp-block-heading has-text-align-center has-neve-text-color-color has-text-color\" style=\"font-size:18px;font-style:normal;font-weight:400\">Descubra os cat\u00e1logos das empresas especializadas em energias renov\u00e1veis, oferecendo solu\u00e7\u00f5es inovadoras e sustent\u00e1veis para reduzir o impacto ambiental e aumentar a efici\u00eancia energ\u00e9tica. Encontre sistemas solares e outras tecnologias ecol\u00f3gicas que contribuem para um futuro mais verde e sustent\u00e1vel.<\/h2><div style=\"height:554px\" aria-hidden=\"true\" class=\"wp-block-spacer\"><\/div><div class=\"wp-block-cover alignfull\" style=\"min-height:300px;aspect-ratio:unset;\"><span aria-hidden=\"true\" class=\"wp-block-cover__background has-neve-link-hover-color-background-color has-background-dim-100 has-background-dim\"><\/span><div class=\"wp-block-cover__inner-container is-layout-flow wp-block-cover-is-layout-flow\"><div style=\"height:14px\" aria-hidden=\"true\" class=\"wp-block-spacer\"><\/div>\n\n<div class=\"wp-block-columns is-layout-flex wp-container-core-columns-is-layout-9d6595d7 wp-block-columns-is-layout-flex\"><div class=\"wp-block-column is-layout-flow wp-block-column-is-layout-flow\" style=\"flex-basis:20%\"><\/div>\n\n<div class=\"wp-block-column is-layout-flow wp-block-column-is-layout-flow\" style=\"flex-basis:60%\"><div class=\"wp-block-group\"><div class=\"wp-block-group__inner-container is-layout-constrained wp-block-group-is-layout-constrained\"><h2 class=\"wp-block-heading has-text-align-center has-nv-text-dark-bg-color has-text-color\">Vamos trabalhar juntos, contacte-nos ao clicar no bot\u00e3o abaixo!<\/h2>\n\n<div class=\"wp-block-buttons is-horizontal is-content-justification-center is-layout-flex wp-container-core-buttons-is-layout-499968f5 wp-block-buttons-is-layout-flex\"><div class=\"wp-block-button is-style-primary\"><a class=\"wp-block-button__link has-neve-link-color-color has-text-color has-background has-link-color wp-element-button\" href=\"https:\/\/electricidadeaguas.pt\/?page_id=10\" style=\"background-color:#ffffff\">Contacte-nos<\/a><\/div><\/div><\/div><\/div><\/div>\n\n<div class=\"wp-block-column is-layout-flow wp-block-column-is-layout-flow\" style=\"flex-basis:20%\"><\/div><\/div>\n\n<div style=\"height:14px\" aria-hidden=\"true\" class=\"wp-block-spacer\"><\/div><\/div><\/div>","protected":false},"excerpt":{"rendered":"<p>Empresas de Energias Renov\u00e1veis Descubra os cat\u00e1logos das empresas especializadas em energias renov\u00e1veis, oferecendo solu\u00e7\u00f5es inovadoras e sustent\u00e1veis para reduzir o impacto ambiental e aumentar a efici\u00eancia energ\u00e9tica. Encontre sistemas solares e outras tecnologias ecol\u00f3gicas que contribuem para um futuro mais verde e sustent\u00e1vel.<\/p>\n","protected":false},"author":1,"featured_media":0,"parent":0,"menu_order":0,"comment_status":"closed","ping_status":"closed","template":"","meta":{"neve_meta_sidebar":"","neve_meta_container":"","neve_meta_enable_content_width":"on","neve_meta_content_width":100,"neve_meta_title_alignment":"","neve_meta_author_avatar":"","neve_post_elements_order":"","neve_meta_disable_header":"","neve_meta_disable_footer":"on","neve_meta_disable_title":"on","footnotes":""},"class_list":["post-1048","page","type-page","status-publish","hentry"],"jetpack_sharing_enabled":true,"_links":{"self":[{"href":"https:\/\/electricidadeaguas.pt\/index.php?rest_route=\/wp\/v2\/pages\/1048","targetHints":{"allow":["GET"]}}],"collection":[{"href":"https:\/\/electricidadeaguas.pt\/index.php?rest_route=\/wp\/v2\/pages"}],"about":[{"href":"https:\/\/electricidadeaguas.pt\/index.php?rest_route=\/wp\/v2\/types\/page"}],"author":[{"embeddable":true,"href":"https:\/\/electricidadeaguas.pt\/index.php?rest_route=\/wp\/v2\/users\/1"}],"replies":[{"embeddable":true,"href":"https:\/\/electricidadeaguas.pt\/index.php?rest_route=%2Fwp%2Fv2%2Fcomments&post=1048"}],"version-history":[{"count":6,"href":"https:\/\/electricidadeaguas.pt\/index.php?rest_route=\/wp\/v2\/pages\/1048\/revisions"}],"predecessor-version":[{"id":3803,"href":"https:\/\/electricidadeaguas.pt\/index.php?rest_route=\/wp\/v2\/pages\/1048\/revisions\/3803"}],"wp:attachment":[{"href":"https:\/\/electricidadeaguas.pt\/index.php?rest_route=%2Fwp%2Fv2%2Fmedia&parent=1048"}],"curies":[{"name":"wp","href":"https:\/\/api.w.org\/{rel}","templated":true}]}}