{"id":1122,"date":"2025-04-03T07:44:49","date_gmt":"2025-04-03T07:44:49","guid":{"rendered":"https:\/\/electricidadeaguas.pt\/?page_id=1122"},"modified":"2025-05-12T07:45:48","modified_gmt":"2025-05-12T07:45:48","slug":"piscinas","status":"publish","type":"page","link":"https:\/\/electricidadeaguas.pt\/?page_id=1122","title":{"rendered":"Piscinas"},"content":{"rendered":"<div class=\"wp-block-cover alignfull is-light\" style=\"min-height:600px;aspect-ratio:unset;\"><span aria-hidden=\"true\" class=\"wp-block-cover__background has-background-dim-100 has-background-dim\" style=\"background-color:#e7e6e6\"><\/span><div class=\"wp-block-cover__inner-container is-layout-flow wp-block-cover-is-layout-flow\"><div class=\"wp-block-group\"><div class=\"wp-block-group__inner-container is-layout-flow wp-block-group-is-layout-flow\"><div style=\"height:46px\" aria-hidden=\"true\" class=\"wp-block-spacer\"><\/div>\n\n<div class=\"wp-block-columns has-neve-text-color-color has-text-color is-layout-flex wp-container-core-columns-is-layout-9d6595d7 wp-block-columns-is-layout-flex\"><div class=\"wp-block-column is-vertically-aligned-center is-layout-flow wp-block-column-is-layout-flow\" style=\"padding-right:var(--wp--preset--spacing--30);padding-left:var(--wp--preset--spacing--30);flex-basis:50%\"><div class=\"wp-block-image\"><figure class=\"alignleft size-full has-custom-border\"><img loading=\"lazy\" decoding=\"async\" width=\"512\" height=\"512\" src=\"https:\/\/electricidadeaguas.pt\/wp-content\/uploads\/2025\/04\/piscina-4.png\" alt=\"\" class=\"wp-image-1142\" style=\"border-radius:16px;object-fit:cover\" srcset=\"https:\/\/electricidadeaguas.pt\/wp-content\/uploads\/2025\/04\/piscina-4.png 512w, https:\/\/electricidadeaguas.pt\/wp-content\/uploads\/2025\/04\/piscina-4-300x300.png 300w, https:\/\/electricidadeaguas.pt\/wp-content\/uploads\/2025\/04\/piscina-4-150x150.png 150w, https:\/\/electricidadeaguas.pt\/wp-content\/uploads\/2025\/04\/piscina-4-100x100.png 100w\" sizes=\"auto, (max-width: 512px) 100vw, 512px\" \/><\/figure><\/div><\/div>\n\n<div class=\"wp-block-column is-vertically-aligned-center is-layout-flow wp-block-column-is-layout-flow\" style=\"padding-top:0;padding-right:var(--wp--preset--spacing--60);padding-bottom:0;padding-left:var(--wp--preset--spacing--60);flex-basis:50%\"><h2 class=\"wp-block-heading has-neve-text-color-color has-text-color\" style=\"font-size:50px\">A sua piscina<\/h2>\n\n<p class=\"has-neve-text-color-color has-text-color\" style=\"font-size:20px\">Est\u00e1 na hora de transformar o seu espa\u00e7o exterior! Fale conosco e descubra como podemos criar a piscina perfeita para si, com qualidade, seguran\u00e7a e design \u00e0 sua medida.<\/p>\n\n<p class=\"has-neve-text-color-color has-text-color\" style=\"font-size:20px\">Com anos de experi\u00eancia e um compromisso inabal\u00e1vel com a qualidade, oferecemos solu\u00e7\u00f5es de piscinas que aliam seguran\u00e7a, durabilidade e design. Vamos transformar o seu espa\u00e7o com dedica\u00e7\u00e3o.<\/p>\n\n<p style=\"font-size:20px\">Vamos dar uma nova cara \u00e1 sua casa? Venha conosco resolver e entrar nessa jornada.<\/p><\/div><\/div><\/div><\/div><\/div><\/div><div class=\"wp-block-cover alignfull\" style=\"min-height:600px;aspect-ratio:unset;\"><span aria-hidden=\"true\" class=\"wp-block-cover__background has-nv-dark-bg-background-color has-background-dim-100 has-background-dim\"><\/span><div class=\"wp-block-cover__inner-container is-layout-flow wp-block-cover-is-layout-flow\"><div class=\"wp-block-group\"><div class=\"wp-block-group__inner-container is-layout-flow wp-block-group-is-layout-flow\"><div style=\"height:80px\" aria-hidden=\"true\" class=\"wp-block-spacer\"><\/div>\n\n<div class=\"wp-block-columns is-layout-flex wp-container-core-columns-is-layout-9d6595d7 wp-block-columns-is-layout-flex\"><div class=\"wp-block-column is-vertically-aligned-center is-layout-flow wp-block-column-is-layout-flow\" style=\"padding-right:var(--wp--preset--spacing--60);padding-left:var(--wp--preset--spacing--60);flex-basis:50%\"><h2 class=\"wp-block-heading has-nv-text-dark-bg-color has-text-color\" style=\"font-size:50px\">Confie em n\u00f3s<\/h2>\n\n<p class=\"has-nv-text-dark-bg-color has-text-color\" style=\"font-size:20px\">Com anos de experi\u00eancia e uma equipa especializada, garantimos piscinas constru\u00eddas com os mais altos padr\u00f5es de qualidade e seguran\u00e7a.<\/p>\n\n<p style=\"font-size:20px\">Apostamos em materiais dur\u00e1veis e solu\u00e7\u00f5es personalizadas, assegurando que cada projeto se adapta perfeitamente ao seu espa\u00e7o e estilo de vida.<\/p>\n\n<p style=\"font-size:20px\">Do primeiro contacto \u00e0 instala\u00e7\u00e3o final, acompanhamos cada etapa com transpar\u00eancia e compromisso, para que tenha a piscina dos seus sonhos sem preocupa\u00e7\u00f5es.<br><\/p>\n\n<div style=\"height:20px\" aria-hidden=\"true\" class=\"wp-block-spacer\"><\/div><\/div>\n\n<div class=\"wp-block-column is-vertically-aligned-stretch is-layout-flow wp-block-column-is-layout-flow\" style=\"padding-right:var(--wp--preset--spacing--30);padding-left:var(--wp--preset--spacing--30);flex-basis:50%\"><div class=\"wp-block-image\"><figure class=\"alignright size-full has-custom-border\"><img loading=\"lazy\" decoding=\"async\" width=\"512\" height=\"512\" src=\"https:\/\/electricidadeaguas.pt\/wp-content\/uploads\/2025\/04\/piscina-1-1.png\" alt=\"\" class=\"wp-image-1129\" style=\"border-radius:16px;object-fit:cover\" srcset=\"https:\/\/electricidadeaguas.pt\/wp-content\/uploads\/2025\/04\/piscina-1-1.png 512w, https:\/\/electricidadeaguas.pt\/wp-content\/uploads\/2025\/04\/piscina-1-1-300x300.png 300w, https:\/\/electricidadeaguas.pt\/wp-content\/uploads\/2025\/04\/piscina-1-1-150x150.png 150w, https:\/\/electricidadeaguas.pt\/wp-content\/uploads\/2025\/04\/piscina-1-1-100x100.png 100w\" sizes=\"auto, (max-width: 512px) 100vw, 512px\" \/><\/figure><\/div><\/div><\/div>\n\n<div style=\"height:40px\" aria-hidden=\"true\" class=\"wp-block-spacer\"><\/div><\/div><\/div><\/div><\/div><div class=\"wp-block-cover alignfull is-light\" style=\"min-height:382px;aspect-ratio:unset;\"><span aria-hidden=\"true\" class=\"wp-block-cover__background has-background-dim-100 has-background-dim\" style=\"background-color:#e7e6e6\"><\/span><div class=\"wp-block-cover__inner-container is-layout-flow wp-block-cover-is-layout-flow\"><div class=\"wp-block-columns is-layout-flex wp-container-core-columns-is-layout-9d6595d7 wp-block-columns-is-layout-flex\"><div class=\"wp-block-column ticss-4ce656f1 is-layout-flow wp-block-column-is-layout-flow\" style=\"padding-right:var(--wp--preset--spacing--30);padding-left:var(--wp--preset--spacing--30)\"><div style=\"height:24px\" aria-hidden=\"true\" class=\"wp-block-spacer\"><\/div>\n\n<h3 class=\"wp-block-heading has-text-align-center has-neve-text-color-color has-text-color\" style=\"font-size:35px\">Constru\u00e7\u00e3o<\/h3>\n\n<p class=\"has-text-align-center has-neve-text-color-color has-text-color\" style=\"font-size:18px\">Constru\u00edmos a sua piscina da maneira que sonha.<\/p>\n\n<div style=\"height:20px\" aria-hidden=\"true\" class=\"wp-block-spacer\"><\/div><\/div>\n\n<div class=\"wp-block-column ticss-f6fc7494 is-layout-flow wp-block-column-is-layout-flow\" style=\"padding-right:var(--wp--preset--spacing--30);padding-left:var(--wp--preset--spacing--30)\"><div style=\"height:24px\" aria-hidden=\"true\" class=\"wp-block-spacer\"><\/div>\n\n<h3 class=\"wp-block-heading has-text-align-center has-neve-text-color-color has-text-color\" style=\"font-size:35px\">Manuten\u00e7\u00e3o<\/h3>\n\n<p class=\"has-text-align-center has-neve-text-color-color has-text-color\">Prestamos servi\u00e7os de qualquer manuten\u00e7\u00e3o para a sua piscina.<\/p>\n\n<div style=\"height:20px\" aria-hidden=\"true\" class=\"wp-block-spacer\"><\/div><\/div>\n\n<div class=\"wp-block-column ticss-a5b4df29 is-layout-flow wp-block-column-is-layout-flow\" style=\"padding-right:var(--wp--preset--spacing--30);padding-left:var(--wp--preset--spacing--30)\"><div style=\"height:24px\" aria-hidden=\"true\" class=\"wp-block-spacer\"><\/div>\n\n<h3 class=\"wp-block-heading has-text-align-center has-neve-text-color-color has-text-color\" style=\"font-size:35px\">Produtos<\/h3>\n\n<p class=\"has-text-align-center has-neve-text-color-color has-text-color\">Vendemos produtos associados de alta qualidade<\/p>\n\n<div style=\"height:21px\" aria-hidden=\"true\" class=\"wp-block-spacer\"><\/div><\/div>\n\n<div class=\"wp-block-column ticss-a5b4df29 is-layout-flow wp-block-column-is-layout-flow\" style=\"padding-right:var(--wp--preset--spacing--30);padding-left:var(--wp--preset--spacing--30)\"><div style=\"height:24px\" aria-hidden=\"true\" class=\"wp-block-spacer\"><\/div>\n\n<h3 class=\"wp-block-heading has-text-align-center has-neve-text-color-color has-text-color\" style=\"font-size:35px\">Liner<\/h3>\n\n<p class=\"has-text-align-center has-neve-text-color-color has-text-color\">Aplicamos liner de alta qualidade para uma maior durabilidade.<\/p>\n\n<div style=\"height:21px\" aria-hidden=\"true\" class=\"wp-block-spacer\"><\/div><\/div><\/div><\/div><\/div>","protected":false},"excerpt":{"rendered":"","protected":false},"author":1,"featured_media":0,"parent":0,"menu_order":0,"comment_status":"closed","ping_status":"closed","template":"","meta":{"neve_meta_sidebar":"","neve_meta_container":"","neve_meta_enable_content_width":"on","neve_meta_content_width":100,"neve_meta_title_alignment":"","neve_meta_author_avatar":"","neve_post_elements_order":"","neve_meta_disable_header":"","neve_meta_disable_footer":"on","neve_meta_disable_title":"on","footnotes":""},"class_list":["post-1122","page","type-page","status-publish","hentry"],"jetpack_sharing_enabled":true,"_links":{"self":[{"href":"https:\/\/electricidadeaguas.pt\/index.php?rest_route=\/wp\/v2\/pages\/1122","targetHints":{"allow":["GET"]}}],"collection":[{"href":"https:\/\/electricidadeaguas.pt\/index.php?rest_route=\/wp\/v2\/pages"}],"about":[{"href":"https:\/\/electricidadeaguas.pt\/index.php?rest_route=\/wp\/v2\/types\/page"}],"author":[{"embeddable":true,"href":"https:\/\/electricidadeaguas.pt\/index.php?rest_route=\/wp\/v2\/users\/1"}],"replies":[{"embeddable":true,"href":"https:\/\/electricidadeaguas.pt\/index.php?rest_route=%2Fwp%2Fv2%2Fcomments&post=1122"}],"version-history":[{"count":17,"href":"https:\/\/electricidadeaguas.pt\/index.php?rest_route=\/wp\/v2\/pages\/1122\/revisions"}],"predecessor-version":[{"id":4347,"href":"https:\/\/electricidadeaguas.pt\/index.php?rest_route=\/wp\/v2\/pages\/1122\/revisions\/4347"}],"wp:attachment":[{"href":"https:\/\/electricidadeaguas.pt\/index.php?rest_route=%2Fwp%2Fv2%2Fmedia&parent=1122"}],"curies":[{"name":"wp","href":"https:\/\/api.w.org\/{rel}","templated":true}]}}