{"id":1169,"date":"2025-04-03T14:39:18","date_gmt":"2025-04-03T14:39:18","guid":{"rendered":"https:\/\/electricidadeaguas.pt\/?page_id=1169"},"modified":"2025-06-26T10:40:34","modified_gmt":"2025-06-26T10:40:34","slug":"climatizacao-2","status":"publish","type":"page","link":"https:\/\/electricidadeaguas.pt\/?page_id=1169","title":{"rendered":"Climatiza\u00e7\u00e3o"},"content":{"rendered":"<div class=\"wp-block-cover alignfull is-light\" style=\"min-height:600px;aspect-ratio:unset;\"><span aria-hidden=\"true\" class=\"wp-block-cover__background has-background-dim-100 has-background-dim\" style=\"background-color:#f5f5f5\"><\/span><div class=\"wp-block-cover__inner-container is-layout-flow wp-block-cover-is-layout-flow\"><div class=\"wp-block-group\"><div class=\"wp-block-group__inner-container is-layout-flow wp-block-group-is-layout-flow\"><div class=\"wp-block-cover alignfull is-light\" style=\"padding-top:var(--wp--preset--spacing--60);padding-right:var(--wp--preset--spacing--60);padding-bottom:var(--wp--preset--spacing--60);padding-left:var(--wp--preset--spacing--60);min-height:608px;aspect-ratio:unset;\"><img loading=\"lazy\" decoding=\"async\" width=\"2560\" height=\"1707\" class=\"wp-block-cover__image-background wp-image-1196\" alt=\"\" src=\"https:\/\/electricidadeaguas.pt\/wp-content\/uploads\/2025\/04\/engineer-arriving-location-help-apprentice-mend-busted-electric-coils-damaged-external-air-conditioner-technicians-comissioned-prevent-internal-parts-breakdowns-ensuring-timely-repair-scaled.jpg\" style=\"object-position:67% 51%\" data-object-fit=\"cover\" data-object-position=\"67% 51%\" srcset=\"https:\/\/electricidadeaguas.pt\/wp-content\/uploads\/2025\/04\/engineer-arriving-location-help-apprentice-mend-busted-electric-coils-damaged-external-air-conditioner-technicians-comissioned-prevent-internal-parts-breakdowns-ensuring-timely-repair-scaled.jpg 2560w, https:\/\/electricidadeaguas.pt\/wp-content\/uploads\/2025\/04\/engineer-arriving-location-help-apprentice-mend-busted-electric-coils-damaged-external-air-conditioner-technicians-comissioned-prevent-internal-parts-breakdowns-ensuring-timely-repair-300x200.jpg 300w, https:\/\/electricidadeaguas.pt\/wp-content\/uploads\/2025\/04\/engineer-arriving-location-help-apprentice-mend-busted-electric-coils-damaged-external-air-conditioner-technicians-comissioned-prevent-internal-parts-breakdowns-ensuring-timely-repair-1024x683.jpg 1024w, https:\/\/electricidadeaguas.pt\/wp-content\/uploads\/2025\/04\/engineer-arriving-location-help-apprentice-mend-busted-electric-coils-damaged-external-air-conditioner-technicians-comissioned-prevent-internal-parts-breakdowns-ensuring-timely-repair-768x512.jpg 768w, https:\/\/electricidadeaguas.pt\/wp-content\/uploads\/2025\/04\/engineer-arriving-location-help-apprentice-mend-busted-electric-coils-damaged-external-air-conditioner-technicians-comissioned-prevent-internal-parts-breakdowns-ensuring-timely-repair-1536x1024.jpg 1536w, https:\/\/electricidadeaguas.pt\/wp-content\/uploads\/2025\/04\/engineer-arriving-location-help-apprentice-mend-busted-electric-coils-damaged-external-air-conditioner-technicians-comissioned-prevent-internal-parts-breakdowns-ensuring-timely-repair-2048x1365.jpg 2048w, https:\/\/electricidadeaguas.pt\/wp-content\/uploads\/2025\/04\/engineer-arriving-location-help-apprentice-mend-busted-electric-coils-damaged-external-air-conditioner-technicians-comissioned-prevent-internal-parts-breakdowns-ensuring-timely-repair-930x620.jpg 930w, https:\/\/electricidadeaguas.pt\/wp-content\/uploads\/2025\/04\/engineer-arriving-location-help-apprentice-mend-busted-electric-coils-damaged-external-air-conditioner-technicians-comissioned-prevent-internal-parts-breakdowns-ensuring-timely-repair-1320x880.jpg 1320w, https:\/\/electricidadeaguas.pt\/wp-content\/uploads\/2025\/04\/engineer-arriving-location-help-apprentice-mend-busted-electric-coils-damaged-external-air-conditioner-technicians-comissioned-prevent-internal-parts-breakdowns-ensuring-timely-repair-600x400.jpg 600w\" sizes=\"auto, (max-width: 2560px) 100vw, 2560px\" \/><span aria-hidden=\"true\" class=\"wp-block-cover__background has-nv-dark-bg-background-color has-background-dim-0 has-background-dim\"><\/span><div class=\"wp-block-cover__inner-container is-layout-flow wp-block-cover-is-layout-flow\"><p><\/p>\n\n<p><\/p><\/div><\/div>\n\n<div style=\"height:60px\" aria-hidden=\"true\" class=\"wp-block-spacer\"><\/div>\n\n<p class=\"has-text-align-center has-nv-dark-bg-color has-text-color has-link-color wp-elements-389822fa906935cf7ebe71d5669496ad\" style=\"font-size:50px\"> <strong>Climatiza\u00e7\u00e3o<\/strong><\/p>\n\n<div class=\"wp-block-columns is-layout-flex wp-container-core-columns-is-layout-9d6595d7 wp-block-columns-is-layout-flex\"><div class=\"wp-block-column is-layout-flow wp-block-column-is-layout-flow\" style=\"padding-right:var(--wp--preset--spacing--30);padding-left:var(--wp--preset--spacing--30);flex-basis:120%\"><p class=\"has-text-align-center has-neve-text-color-color has-text-color\" style=\"font-size:19px\">A climatiza\u00e7\u00e3o \u00e9 o conjunto de processos e sistemas que visam controlar e ajustar as condi\u00e7\u00f5es ambientais de um espa\u00e7o, incluindo a temperatura, a umidade, a ventila\u00e7\u00e3o e a qualidade do ar, com o objetivo de proporcionar conforto t\u00e9rmico, melhorar a qualidade do ambiente e garantir a sa\u00fade e o bem-estar das pessoas que o ocupam, seja em resid\u00eancias, escrit\u00f3rios, espa\u00e7os comerciais ou industriais.<\/p><\/div><\/div><\/div><\/div>\n\n<div style=\"height:20px\" aria-hidden=\"true\" class=\"wp-block-spacer\"><\/div><\/div><\/div><div class=\"wp-block-cover alignfull\" style=\"min-height:605px;aspect-ratio:unset;\"><span aria-hidden=\"true\" class=\"wp-block-cover__background has-nv-site-bg-background-color has-background-dim-100 has-background-dim\"><\/span><div class=\"wp-block-cover__inner-container is-layout-flow wp-block-cover-is-layout-flow\"><div style=\"height:60px\" aria-hidden=\"true\" class=\"wp-block-spacer\"><\/div>\n\n<div class=\"wp-block-group\"><div class=\"wp-block-group__inner-container is-layout-flow wp-block-group-is-layout-flow\"><h2 class=\"wp-block-heading has-text-align-center has-neve-text-color-color has-text-color\" style=\"font-size:45px\">Benef\u00edcios da climatiza\u00e7\u00e3o <\/h2>\n\n<div class=\"wp-block-columns are-vertically-aligned-center is-layout-flex wp-container-core-columns-is-layout-9d6595d7 wp-block-columns-is-layout-flex\"><div class=\"wp-block-column is-vertically-aligned-center is-layout-flow wp-block-column-is-layout-flow\" style=\"padding-right:var(--wp--preset--spacing--30);padding-left:var(--wp--preset--spacing--30);flex-basis:50%\"><figure class=\"wp-block-image size-full has-custom-border\"><img loading=\"lazy\" decoding=\"async\" width=\"2560\" height=\"1706\" src=\"https:\/\/electricidadeaguas.pt\/wp-content\/uploads\/2025\/04\/full-shot-smiley-woman-reading-home-scaled.jpg\" alt=\"\" class=\"has-border-color has-neve-link-hover-color-border-color wp-image-1210\" style=\"border-width:4px;border-radius:24px;object-fit:cover\" srcset=\"https:\/\/electricidadeaguas.pt\/wp-content\/uploads\/2025\/04\/full-shot-smiley-woman-reading-home-scaled.jpg 2560w, https:\/\/electricidadeaguas.pt\/wp-content\/uploads\/2025\/04\/full-shot-smiley-woman-reading-home-300x200.jpg 300w, https:\/\/electricidadeaguas.pt\/wp-content\/uploads\/2025\/04\/full-shot-smiley-woman-reading-home-1024x683.jpg 1024w, https:\/\/electricidadeaguas.pt\/wp-content\/uploads\/2025\/04\/full-shot-smiley-woman-reading-home-768x512.jpg 768w, https:\/\/electricidadeaguas.pt\/wp-content\/uploads\/2025\/04\/full-shot-smiley-woman-reading-home-1536x1024.jpg 1536w, https:\/\/electricidadeaguas.pt\/wp-content\/uploads\/2025\/04\/full-shot-smiley-woman-reading-home-2048x1365.jpg 2048w, https:\/\/electricidadeaguas.pt\/wp-content\/uploads\/2025\/04\/full-shot-smiley-woman-reading-home-930x620.jpg 930w, https:\/\/electricidadeaguas.pt\/wp-content\/uploads\/2025\/04\/full-shot-smiley-woman-reading-home-1320x880.jpg 1320w, https:\/\/electricidadeaguas.pt\/wp-content\/uploads\/2025\/04\/full-shot-smiley-woman-reading-home-600x400.jpg 600w\" sizes=\"auto, (max-width: 2560px) 100vw, 2560px\" \/><\/figure>\n\n<div style=\"height:14px\" aria-hidden=\"true\" class=\"wp-block-spacer\"><\/div>\n\n<h3 class=\"wp-block-heading has-text-align-center has-neve-text-color-color has-text-color\">Conforto t\u00e9rmico<\/h3>\n\n<div style=\"height:20px\" aria-hidden=\"true\" class=\"wp-block-spacer\"><\/div><\/div>\n\n<div class=\"wp-block-column is-vertically-aligned-center is-layout-flow wp-block-column-is-layout-flow\" style=\"padding-right:var(--wp--preset--spacing--30);padding-left:var(--wp--preset--spacing--30);flex-basis:50%\"><figure class=\"wp-block-image size-full has-custom-border\"><img loading=\"lazy\" decoding=\"async\" width=\"2560\" height=\"1703\" src=\"https:\/\/electricidadeaguas.pt\/wp-content\/uploads\/2025\/04\/side-view-woman-taking-off-face-mask-scaled.jpg\" alt=\"\" class=\"has-border-color has-neve-link-hover-color-border-color wp-image-1211\" style=\"border-width:4px;border-radius:24px\" srcset=\"https:\/\/electricidadeaguas.pt\/wp-content\/uploads\/2025\/04\/side-view-woman-taking-off-face-mask-scaled.jpg 2560w, https:\/\/electricidadeaguas.pt\/wp-content\/uploads\/2025\/04\/side-view-woman-taking-off-face-mask-300x200.jpg 300w, https:\/\/electricidadeaguas.pt\/wp-content\/uploads\/2025\/04\/side-view-woman-taking-off-face-mask-1024x681.jpg 1024w, https:\/\/electricidadeaguas.pt\/wp-content\/uploads\/2025\/04\/side-view-woman-taking-off-face-mask-768x511.jpg 768w, https:\/\/electricidadeaguas.pt\/wp-content\/uploads\/2025\/04\/side-view-woman-taking-off-face-mask-1536x1022.jpg 1536w, https:\/\/electricidadeaguas.pt\/wp-content\/uploads\/2025\/04\/side-view-woman-taking-off-face-mask-2048x1363.jpg 2048w, https:\/\/electricidadeaguas.pt\/wp-content\/uploads\/2025\/04\/side-view-woman-taking-off-face-mask-930x620.jpg 930w, https:\/\/electricidadeaguas.pt\/wp-content\/uploads\/2025\/04\/side-view-woman-taking-off-face-mask-1320x878.jpg 1320w, https:\/\/electricidadeaguas.pt\/wp-content\/uploads\/2025\/04\/side-view-woman-taking-off-face-mask-600x399.jpg 600w\" sizes=\"auto, (max-width: 2560px) 100vw, 2560px\" \/><\/figure>\n\n<div style=\"height:14px\" aria-hidden=\"true\" class=\"wp-block-spacer\"><\/div>\n\n<h3 class=\"wp-block-heading has-text-align-center has-neve-text-color-color has-text-color\">Melhor sa\u00fade respirat\u00f3ria<\/h3>\n\n<div style=\"height:20px\" aria-hidden=\"true\" class=\"wp-block-spacer\"><\/div><\/div>\n\n<div class=\"wp-block-column is-vertically-aligned-center is-layout-flow wp-block-column-is-layout-flow\" style=\"padding-right:var(--wp--preset--spacing--30);padding-left:var(--wp--preset--spacing--30);flex-basis:50%\"><figure class=\"wp-block-image size-full has-custom-border\"><img loading=\"lazy\" decoding=\"async\" width=\"2560\" height=\"1707\" src=\"https:\/\/electricidadeaguas.pt\/wp-content\/uploads\/2025\/05\/low-angle-young-woman-smiling-outdoors-scaled.jpg\" alt=\"\" class=\"has-border-color has-neve-link-hover-color-border-color wp-image-3608\" style=\"border-width:4px;border-radius:24px;object-fit:cover\" srcset=\"https:\/\/electricidadeaguas.pt\/wp-content\/uploads\/2025\/05\/low-angle-young-woman-smiling-outdoors-scaled.jpg 2560w, https:\/\/electricidadeaguas.pt\/wp-content\/uploads\/2025\/05\/low-angle-young-woman-smiling-outdoors-300x200.jpg 300w, https:\/\/electricidadeaguas.pt\/wp-content\/uploads\/2025\/05\/low-angle-young-woman-smiling-outdoors-1024x683.jpg 1024w, https:\/\/electricidadeaguas.pt\/wp-content\/uploads\/2025\/05\/low-angle-young-woman-smiling-outdoors-768x512.jpg 768w, https:\/\/electricidadeaguas.pt\/wp-content\/uploads\/2025\/05\/low-angle-young-woman-smiling-outdoors-1536x1024.jpg 1536w, https:\/\/electricidadeaguas.pt\/wp-content\/uploads\/2025\/05\/low-angle-young-woman-smiling-outdoors-2048x1365.jpg 2048w, https:\/\/electricidadeaguas.pt\/wp-content\/uploads\/2025\/05\/low-angle-young-woman-smiling-outdoors-930x620.jpg 930w, https:\/\/electricidadeaguas.pt\/wp-content\/uploads\/2025\/05\/low-angle-young-woman-smiling-outdoors-1320x880.jpg 1320w, https:\/\/electricidadeaguas.pt\/wp-content\/uploads\/2025\/05\/low-angle-young-woman-smiling-outdoors-600x400.jpg 600w\" sizes=\"auto, (max-width: 2560px) 100vw, 2560px\" \/><\/figure>\n\n<div style=\"height:14px\" aria-hidden=\"true\" class=\"wp-block-spacer\"><\/div>\n\n<h3 class=\"wp-block-heading has-text-align-center has-neve-text-color-color has-text-color\">Melhor qualidade de ar<\/h3>\n\n<div style=\"height:20px\" aria-hidden=\"true\" class=\"wp-block-spacer\"><\/div><\/div><\/div><\/div><\/div>\n\n<div class=\"wp-block-group\"><div class=\"wp-block-group__inner-container is-layout-flow wp-block-group-is-layout-flow\"><h2 class=\"wp-block-heading has-text-align-center has-neve-text-color-color has-text-color\" style=\"font-size:45px\">Servi\u00e7os oferecidos<\/h2>\n\n<div class=\"wp-block-columns are-vertically-aligned-center is-layout-flex wp-container-core-columns-is-layout-9d6595d7 wp-block-columns-is-layout-flex\"><div class=\"wp-block-column is-vertically-aligned-center is-layout-flow wp-block-column-is-layout-flow\" style=\"padding-right:var(--wp--preset--spacing--30);padding-left:var(--wp--preset--spacing--30);flex-basis:50%\"><figure class=\"wp-block-image size-full has-custom-border\"><img loading=\"lazy\" decoding=\"async\" width=\"2560\" height=\"1707\" src=\"https:\/\/electricidadeaguas.pt\/wp-content\/uploads\/2025\/04\/medium-shot-people-wearing-safety-helmets-scaled.jpg\" alt=\"\" class=\"has-border-color has-neve-link-hover-color-border-color wp-image-1204\" style=\"border-width:4px;border-radius:24px;object-fit:cover\" srcset=\"https:\/\/electricidadeaguas.pt\/wp-content\/uploads\/2025\/04\/medium-shot-people-wearing-safety-helmets-scaled.jpg 2560w, https:\/\/electricidadeaguas.pt\/wp-content\/uploads\/2025\/04\/medium-shot-people-wearing-safety-helmets-300x200.jpg 300w, https:\/\/electricidadeaguas.pt\/wp-content\/uploads\/2025\/04\/medium-shot-people-wearing-safety-helmets-1024x683.jpg 1024w, https:\/\/electricidadeaguas.pt\/wp-content\/uploads\/2025\/04\/medium-shot-people-wearing-safety-helmets-768x512.jpg 768w, https:\/\/electricidadeaguas.pt\/wp-content\/uploads\/2025\/04\/medium-shot-people-wearing-safety-helmets-1536x1024.jpg 1536w, https:\/\/electricidadeaguas.pt\/wp-content\/uploads\/2025\/04\/medium-shot-people-wearing-safety-helmets-2048x1365.jpg 2048w, https:\/\/electricidadeaguas.pt\/wp-content\/uploads\/2025\/04\/medium-shot-people-wearing-safety-helmets-930x620.jpg 930w, https:\/\/electricidadeaguas.pt\/wp-content\/uploads\/2025\/04\/medium-shot-people-wearing-safety-helmets-1320x880.jpg 1320w, https:\/\/electricidadeaguas.pt\/wp-content\/uploads\/2025\/04\/medium-shot-people-wearing-safety-helmets-600x400.jpg 600w\" sizes=\"auto, (max-width: 2560px) 100vw, 2560px\" \/><\/figure>\n\n<div style=\"height:16px\" aria-hidden=\"true\" class=\"wp-block-spacer\"><\/div>\n\n<h3 class=\"wp-block-heading has-text-align-center has-neve-text-color-color has-text-color\" style=\"font-size:18px\">Instala\u00e7\u00e3o de sistemas de aquecimento, ventila\u00e7\u00e3o e ar condicionado.<\/h3>\n\n<div style=\"height:20px\" aria-hidden=\"true\" class=\"wp-block-spacer\"><\/div><\/div>\n\n<div class=\"wp-block-column is-vertically-aligned-center is-layout-flow wp-block-column-is-layout-flow\" style=\"padding-right:var(--wp--preset--spacing--30);padding-left:var(--wp--preset--spacing--30);flex-basis:50%\"><figure class=\"wp-block-image size-full has-custom-border\"><img loading=\"lazy\" decoding=\"async\" width=\"2560\" height=\"1707\" src=\"https:\/\/electricidadeaguas.pt\/wp-content\/uploads\/2025\/04\/skilled-electrician-contracted-check-up-outdoor-air-conditioner-starting-work-shift-trained-worker-wearing-protective-gear-preparing-service-faulty-external-hvac-system-scaled.jpg\" alt=\"\" class=\"has-border-color has-neve-link-hover-color-border-color wp-image-1207\" style=\"border-width:4px;border-radius:24px;object-fit:cover\" srcset=\"https:\/\/electricidadeaguas.pt\/wp-content\/uploads\/2025\/04\/skilled-electrician-contracted-check-up-outdoor-air-conditioner-starting-work-shift-trained-worker-wearing-protective-gear-preparing-service-faulty-external-hvac-system-scaled.jpg 2560w, https:\/\/electricidadeaguas.pt\/wp-content\/uploads\/2025\/04\/skilled-electrician-contracted-check-up-outdoor-air-conditioner-starting-work-shift-trained-worker-wearing-protective-gear-preparing-service-faulty-external-hvac-system-300x200.jpg 300w, https:\/\/electricidadeaguas.pt\/wp-content\/uploads\/2025\/04\/skilled-electrician-contracted-check-up-outdoor-air-conditioner-starting-work-shift-trained-worker-wearing-protective-gear-preparing-service-faulty-external-hvac-system-1024x683.jpg 1024w, https:\/\/electricidadeaguas.pt\/wp-content\/uploads\/2025\/04\/skilled-electrician-contracted-check-up-outdoor-air-conditioner-starting-work-shift-trained-worker-wearing-protective-gear-preparing-service-faulty-external-hvac-system-768x512.jpg 768w, https:\/\/electricidadeaguas.pt\/wp-content\/uploads\/2025\/04\/skilled-electrician-contracted-check-up-outdoor-air-conditioner-starting-work-shift-trained-worker-wearing-protective-gear-preparing-service-faulty-external-hvac-system-1536x1024.jpg 1536w, https:\/\/electricidadeaguas.pt\/wp-content\/uploads\/2025\/04\/skilled-electrician-contracted-check-up-outdoor-air-conditioner-starting-work-shift-trained-worker-wearing-protective-gear-preparing-service-faulty-external-hvac-system-2048x1365.jpg 2048w, https:\/\/electricidadeaguas.pt\/wp-content\/uploads\/2025\/04\/skilled-electrician-contracted-check-up-outdoor-air-conditioner-starting-work-shift-trained-worker-wearing-protective-gear-preparing-service-faulty-external-hvac-system-930x620.jpg 930w, https:\/\/electricidadeaguas.pt\/wp-content\/uploads\/2025\/04\/skilled-electrician-contracted-check-up-outdoor-air-conditioner-starting-work-shift-trained-worker-wearing-protective-gear-preparing-service-faulty-external-hvac-system-1320x880.jpg 1320w, https:\/\/electricidadeaguas.pt\/wp-content\/uploads\/2025\/04\/skilled-electrician-contracted-check-up-outdoor-air-conditioner-starting-work-shift-trained-worker-wearing-protective-gear-preparing-service-faulty-external-hvac-system-600x400.jpg 600w\" sizes=\"auto, (max-width: 2560px) 100vw, 2560px\" \/><\/figure>\n\n<div style=\"height:14px\" aria-hidden=\"true\" class=\"wp-block-spacer\"><\/div>\n\n<h3 class=\"wp-block-heading has-text-align-center has-neve-text-color-color has-text-color\" style=\"font-size:18px\">Manuten\u00e7\u00e3o e repara\u00e7\u00e3o de sistemas de climatiza\u00e7\u00e3o.   <\/h3>\n\n<div style=\"height:20px\" aria-hidden=\"true\" class=\"wp-block-spacer\"><\/div><\/div>\n\n<div class=\"wp-block-column is-vertically-aligned-center is-layout-flow wp-block-column-is-layout-flow\" style=\"padding-right:var(--wp--preset--spacing--30);padding-left:var(--wp--preset--spacing--30);flex-basis:50%\"><figure class=\"wp-block-image size-full has-custom-border\"><img loading=\"lazy\" decoding=\"async\" width=\"2560\" height=\"1707\" src=\"https:\/\/electricidadeaguas.pt\/wp-content\/uploads\/2025\/04\/close-up-refrigerant-manifold-gauges-scaled.jpg\" alt=\"\" class=\"has-border-color has-neve-link-hover-color-border-color wp-image-1209\" style=\"border-width:4px;border-radius:24px\" srcset=\"https:\/\/electricidadeaguas.pt\/wp-content\/uploads\/2025\/04\/close-up-refrigerant-manifold-gauges-scaled.jpg 2560w, https:\/\/electricidadeaguas.pt\/wp-content\/uploads\/2025\/04\/close-up-refrigerant-manifold-gauges-300x200.jpg 300w, https:\/\/electricidadeaguas.pt\/wp-content\/uploads\/2025\/04\/close-up-refrigerant-manifold-gauges-1024x683.jpg 1024w, https:\/\/electricidadeaguas.pt\/wp-content\/uploads\/2025\/04\/close-up-refrigerant-manifold-gauges-768x512.jpg 768w, https:\/\/electricidadeaguas.pt\/wp-content\/uploads\/2025\/04\/close-up-refrigerant-manifold-gauges-1536x1024.jpg 1536w, https:\/\/electricidadeaguas.pt\/wp-content\/uploads\/2025\/04\/close-up-refrigerant-manifold-gauges-2048x1365.jpg 2048w, https:\/\/electricidadeaguas.pt\/wp-content\/uploads\/2025\/04\/close-up-refrigerant-manifold-gauges-930x620.jpg 930w, https:\/\/electricidadeaguas.pt\/wp-content\/uploads\/2025\/04\/close-up-refrigerant-manifold-gauges-1320x880.jpg 1320w, https:\/\/electricidadeaguas.pt\/wp-content\/uploads\/2025\/04\/close-up-refrigerant-manifold-gauges-600x400.jpg 600w\" sizes=\"auto, (max-width: 2560px) 100vw, 2560px\" \/><\/figure>\n\n<div style=\"height:14px\" aria-hidden=\"true\" class=\"wp-block-spacer\"><\/div>\n\n<h3 class=\"wp-block-heading has-text-align-center has-neve-text-color-color has-text-color\" style=\"font-size:18px\">Consultoria para escolha do sistema ideal para diferentes tipos de ambientes.<\/h3>\n\n<div style=\"height:20px\" aria-hidden=\"true\" class=\"wp-block-spacer\"><\/div><\/div><\/div><\/div><\/div><\/div><\/div><div class=\"wp-block-cover alignfull\" style=\"min-height:300px;aspect-ratio:unset;\"><span aria-hidden=\"true\" class=\"wp-block-cover__background has-neve-link-hover-color-background-color has-background-dim-100 has-background-dim\"><\/span><div class=\"wp-block-cover__inner-container is-layout-flow wp-block-cover-is-layout-flow\"><div style=\"height:14px\" aria-hidden=\"true\" class=\"wp-block-spacer\"><\/div>\n\n<div class=\"wp-block-columns is-layout-flex wp-container-core-columns-is-layout-9d6595d7 wp-block-columns-is-layout-flex\"><div class=\"wp-block-column is-layout-flow wp-block-column-is-layout-flow\" style=\"flex-basis:20%\"><\/div>\n\n<div class=\"wp-block-column is-layout-flow wp-block-column-is-layout-flow\" style=\"flex-basis:60%\"><div class=\"wp-block-group\"><div class=\"wp-block-group__inner-container is-layout-constrained wp-block-group-is-layout-constrained\"><h2 class=\"wp-block-heading has-text-align-center has-nv-text-dark-bg-color has-text-color\">Vamos trabalhar juntos, contacte-nos ao clicar no bot\u00e3o abaixo!<\/h2>\n\n<div class=\"wp-block-buttons is-horizontal is-content-justification-center is-layout-flex wp-container-core-buttons-is-layout-499968f5 wp-block-buttons-is-layout-flex\"><div class=\"wp-block-button is-style-primary\"><a class=\"wp-block-button__link has-neve-link-color-color has-text-color has-background has-link-color wp-element-button\" href=\"https:\/\/electricidadeaguas.pt\/?page_id=5212\" style=\"background-color:#ffffff\">Contacte-nos<\/a><\/div><\/div><\/div><\/div><\/div>\n\n<div class=\"wp-block-column is-layout-flow wp-block-column-is-layout-flow\" style=\"flex-basis:20%\"><\/div><\/div>\n\n<div style=\"height:14px\" aria-hidden=\"true\" class=\"wp-block-spacer\"><\/div><\/div><\/div>","protected":false},"excerpt":{"rendered":"","protected":false},"author":1,"featured_media":0,"parent":0,"menu_order":0,"comment_status":"closed","ping_status":"closed","template":"","meta":{"neve_meta_sidebar":"","neve_meta_container":"","neve_meta_enable_content_width":"on","neve_meta_content_width":100,"neve_meta_title_alignment":"","neve_meta_author_avatar":"","neve_post_elements_order":"","neve_meta_disable_header":"","neve_meta_disable_footer":"on","neve_meta_disable_title":"on","footnotes":""},"class_list":["post-1169","page","type-page","status-publish","hentry"],"jetpack_sharing_enabled":true,"_links":{"self":[{"href":"https:\/\/electricidadeaguas.pt\/index.php?rest_route=\/wp\/v2\/pages\/1169","targetHints":{"allow":["GET"]}}],"collection":[{"href":"https:\/\/electricidadeaguas.pt\/index.php?rest_route=\/wp\/v2\/pages"}],"about":[{"href":"https:\/\/electricidadeaguas.pt\/index.php?rest_route=\/wp\/v2\/types\/page"}],"author":[{"embeddable":true,"href":"https:\/\/electricidadeaguas.pt\/index.php?rest_route=\/wp\/v2\/users\/1"}],"replies":[{"embeddable":true,"href":"https:\/\/electricidadeaguas.pt\/index.php?rest_route=%2Fwp%2Fv2%2Fcomments&post=1169"}],"version-history":[{"count":48,"href":"https:\/\/electricidadeaguas.pt\/index.php?rest_route=\/wp\/v2\/pages\/1169\/revisions"}],"predecessor-version":[{"id":6217,"href":"https:\/\/electricidadeaguas.pt\/index.php?rest_route=\/wp\/v2\/pages\/1169\/revisions\/6217"}],"wp:attachment":[{"href":"https:\/\/electricidadeaguas.pt\/index.php?rest_route=%2Fwp%2Fv2%2Fmedia&parent=1169"}],"curies":[{"name":"wp","href":"https:\/\/api.w.org\/{rel}","templated":true}]}}