{"id":12,"date":"2025-03-20T11:40:46","date_gmt":"2025-03-20T11:40:46","guid":{"rendered":"https:\/\/electricidadeaguas.pt\/?page_id=12"},"modified":"2025-06-26T10:40:06","modified_gmt":"2025-06-26T10:40:06","slug":"project-details","status":"publish","type":"page","link":"https:\/\/electricidadeaguas.pt\/?page_id=12","title":{"rendered":"Eletricidade"},"content":{"rendered":"<div class=\"wp-block-cover alignfull is-light\" style=\"min-height:600px;aspect-ratio:unset;\"><span aria-hidden=\"true\" class=\"wp-block-cover__background has-background-dim-100 has-background-dim\" style=\"background-color:#f5f5f5\"><\/span><div class=\"wp-block-cover__inner-container is-layout-flow wp-block-cover-is-layout-flow\"><div class=\"wp-block-group\"><div class=\"wp-block-group__inner-container is-layout-flow wp-block-group-is-layout-flow\"><div class=\"wp-block-cover alignfull\" style=\"padding-top:var(--wp--preset--spacing--60);padding-right:var(--wp--preset--spacing--60);padding-bottom:var(--wp--preset--spacing--60);padding-left:var(--wp--preset--spacing--60);min-height:608px;aspect-ratio:unset;\"><img loading=\"lazy\" decoding=\"async\" width=\"1024\" height=\"683\" class=\"wp-block-cover__image-background wp-image-3601 size-large\" alt=\"\" src=\"https:\/\/electricidadeaguas.pt\/wp-content\/uploads\/2025\/05\/male-electrician-works-switchboard-with-electrical-connecting-cable-1024x683.jpg\" style=\"object-position:0% 49%\" data-object-fit=\"cover\" data-object-position=\"0% 49%\" srcset=\"https:\/\/electricidadeaguas.pt\/wp-content\/uploads\/2025\/05\/male-electrician-works-switchboard-with-electrical-connecting-cable-1024x683.jpg 1024w, https:\/\/electricidadeaguas.pt\/wp-content\/uploads\/2025\/05\/male-electrician-works-switchboard-with-electrical-connecting-cable-300x200.jpg 300w, https:\/\/electricidadeaguas.pt\/wp-content\/uploads\/2025\/05\/male-electrician-works-switchboard-with-electrical-connecting-cable-768x512.jpg 768w, https:\/\/electricidadeaguas.pt\/wp-content\/uploads\/2025\/05\/male-electrician-works-switchboard-with-electrical-connecting-cable-1536x1024.jpg 1536w, https:\/\/electricidadeaguas.pt\/wp-content\/uploads\/2025\/05\/male-electrician-works-switchboard-with-electrical-connecting-cable-2048x1365.jpg 2048w, https:\/\/electricidadeaguas.pt\/wp-content\/uploads\/2025\/05\/male-electrician-works-switchboard-with-electrical-connecting-cable-930x620.jpg 930w, https:\/\/electricidadeaguas.pt\/wp-content\/uploads\/2025\/05\/male-electrician-works-switchboard-with-electrical-connecting-cable-1320x880.jpg 1320w, https:\/\/electricidadeaguas.pt\/wp-content\/uploads\/2025\/05\/male-electrician-works-switchboard-with-electrical-connecting-cable-600x400.jpg 600w\" sizes=\"auto, (max-width: 1024px) 100vw, 1024px\" \/><span aria-hidden=\"true\" class=\"wp-block-cover__background has-nv-dark-bg-background-color has-background-dim-0 has-background-dim\"><\/span><div class=\"wp-block-cover__inner-container is-layout-flow wp-block-cover-is-layout-flow\"><p><\/p>\n\n<p><\/p><\/div><\/div>\n\n<div style=\"height:54px\" aria-hidden=\"true\" class=\"wp-block-spacer\"><\/div>\n\n<h2 class=\"wp-block-heading has-text-align-center has-neve-text-color-color has-text-color\" style=\"font-size:50px\">Eletricidade<\/h2>\n\n<div class=\"wp-block-columns is-layout-flex wp-container-core-columns-is-layout-9d6595d7 wp-block-columns-is-layout-flex\"><div class=\"wp-block-column is-layout-flow wp-block-column-is-layout-flow\" style=\"padding-right:var(--wp--preset--spacing--30);padding-left:var(--wp--preset--spacing--30);flex-basis:120%\"><p class=\"has-text-align-center has-nv-dark-bg-color has-text-color\" style=\"font-size:19px\">A eletricidade \u00e9 uma forma de energia fundamental no nosso dia a dia. Est\u00e1 presente em tudo, desde as luzes que iluminam as nossas casas at\u00e9 aos aparelhos que facilitam a nossa vida. No entanto, \u00e9 essencial garantir que a eletricidade \u00e9 usada de forma segura e eficiente, para que possamos desfrutar dos seus benef\u00edcios enquanto protegemos o ambiente e a nossa seguran\u00e7a.<\/p><\/div><\/div><\/div><\/div>\n\n<div style=\"height:20px\" aria-hidden=\"true\" class=\"wp-block-spacer\"><\/div><\/div><\/div><div class=\"wp-block-cover alignfull\" style=\"min-height:600px;aspect-ratio:unset;\"><span aria-hidden=\"true\" class=\"wp-block-cover__background has-nv-site-bg-background-color has-background-dim-100 has-background-dim\"><\/span><div class=\"wp-block-cover__inner-container is-layout-flow wp-block-cover-is-layout-flow\"><div class=\"wp-block-group\"><div class=\"wp-block-group__inner-container is-layout-flow wp-block-group-is-layout-flow\"><div style=\"height:60px\" aria-hidden=\"true\" class=\"wp-block-spacer\"><\/div>\n\n<h2 class=\"wp-block-heading has-text-align-center has-neve-text-color-color has-text-color\" style=\"font-size:45px\">Os nossos servi\u00e7os<\/h2>\n\n<div class=\"wp-block-columns are-vertically-aligned-center is-layout-flex wp-container-core-columns-is-layout-9d6595d7 wp-block-columns-is-layout-flex\"><div class=\"wp-block-column is-vertically-aligned-center is-layout-flow wp-block-column-is-layout-flow\" style=\"padding-right:var(--wp--preset--spacing--30);padding-left:var(--wp--preset--spacing--30);flex-basis:50%\"><figure class=\"wp-block-image size-full has-custom-border\"><img loading=\"lazy\" decoding=\"async\" width=\"2000\" height=\"1333\" src=\"https:\/\/electricidadeaguas.pt\/wp-content\/uploads\/2025\/03\/man-electrical-technician-working-switchboard-with-fuses.jpg\" alt=\"\" class=\"has-border-color has-neve-link-hover-color-border-color wp-image-270\" style=\"border-width:4px;border-radius:24px\" srcset=\"https:\/\/electricidadeaguas.pt\/wp-content\/uploads\/2025\/03\/man-electrical-technician-working-switchboard-with-fuses.jpg 2000w, https:\/\/electricidadeaguas.pt\/wp-content\/uploads\/2025\/03\/man-electrical-technician-working-switchboard-with-fuses-600x400.jpg 600w, https:\/\/electricidadeaguas.pt\/wp-content\/uploads\/2025\/03\/man-electrical-technician-working-switchboard-with-fuses-300x200.jpg 300w, https:\/\/electricidadeaguas.pt\/wp-content\/uploads\/2025\/03\/man-electrical-technician-working-switchboard-with-fuses-1024x682.jpg 1024w, https:\/\/electricidadeaguas.pt\/wp-content\/uploads\/2025\/03\/man-electrical-technician-working-switchboard-with-fuses-768x512.jpg 768w, https:\/\/electricidadeaguas.pt\/wp-content\/uploads\/2025\/03\/man-electrical-technician-working-switchboard-with-fuses-1536x1024.jpg 1536w, https:\/\/electricidadeaguas.pt\/wp-content\/uploads\/2025\/03\/man-electrical-technician-working-switchboard-with-fuses-930x620.jpg 930w\" sizes=\"auto, (max-width: 2000px) 100vw, 2000px\" \/><\/figure>\n\n<div style=\"height:14px\" aria-hidden=\"true\" class=\"wp-block-spacer\"><\/div>\n\n<h3 class=\"wp-block-heading has-text-align-center has-neve-text-color-color has-text-color\">Instala\u00e7\u00f5es el\u00e9tricas<\/h3>\n\n<div style=\"height:20px\" aria-hidden=\"true\" class=\"wp-block-spacer\"><\/div><\/div>\n\n<div class=\"wp-block-column is-vertically-aligned-center is-layout-flow wp-block-column-is-layout-flow\" style=\"padding-right:var(--wp--preset--spacing--30);padding-left:var(--wp--preset--spacing--30);flex-basis:50%\"><figure class=\"wp-block-image size-full has-custom-border\"><img loading=\"lazy\" decoding=\"async\" width=\"2000\" height=\"1333\" src=\"https:\/\/electricidadeaguas.pt\/wp-content\/uploads\/2025\/03\/man-installs-heating-system-house-checks-pipes-with-wrench.jpg\" alt=\"\" class=\"has-border-color has-neve-link-hover-color-border-color wp-image-271\" style=\"border-width:4px;border-radius:24px\" srcset=\"https:\/\/electricidadeaguas.pt\/wp-content\/uploads\/2025\/03\/man-installs-heating-system-house-checks-pipes-with-wrench.jpg 2000w, https:\/\/electricidadeaguas.pt\/wp-content\/uploads\/2025\/03\/man-installs-heating-system-house-checks-pipes-with-wrench-600x400.jpg 600w, https:\/\/electricidadeaguas.pt\/wp-content\/uploads\/2025\/03\/man-installs-heating-system-house-checks-pipes-with-wrench-300x200.jpg 300w, https:\/\/electricidadeaguas.pt\/wp-content\/uploads\/2025\/03\/man-installs-heating-system-house-checks-pipes-with-wrench-1024x682.jpg 1024w, https:\/\/electricidadeaguas.pt\/wp-content\/uploads\/2025\/03\/man-installs-heating-system-house-checks-pipes-with-wrench-768x512.jpg 768w, https:\/\/electricidadeaguas.pt\/wp-content\/uploads\/2025\/03\/man-installs-heating-system-house-checks-pipes-with-wrench-1536x1024.jpg 1536w, https:\/\/electricidadeaguas.pt\/wp-content\/uploads\/2025\/03\/man-installs-heating-system-house-checks-pipes-with-wrench-930x620.jpg 930w\" sizes=\"auto, (max-width: 2000px) 100vw, 2000px\" \/><\/figure>\n\n<div style=\"height:14px\" aria-hidden=\"true\" class=\"wp-block-spacer\"><\/div>\n\n<h3 class=\"wp-block-heading has-text-align-center has-neve-text-color-color has-text-color\">Manuten\u00e7\u00e3o e repara\u00e7\u00f5es<\/h3>\n\n<div style=\"height:20px\" aria-hidden=\"true\" class=\"wp-block-spacer\"><\/div><\/div>\n\n<div class=\"wp-block-column is-vertically-aligned-center is-layout-flow wp-block-column-is-layout-flow\" style=\"padding-right:var(--wp--preset--spacing--30);padding-left:var(--wp--preset--spacing--30);flex-basis:50%\"><figure class=\"wp-block-image size-full has-custom-border\"><img loading=\"lazy\" decoding=\"async\" width=\"2560\" height=\"1707\" src=\"https:\/\/electricidadeaguas.pt\/wp-content\/uploads\/2025\/03\/repairman-reporting-found-freon-leaks-scaled.jpg\" alt=\"\" class=\"has-border-color has-neve-link-hover-color-border-color wp-image-274\" style=\"border-width:4px;border-radius:24px\" srcset=\"https:\/\/electricidadeaguas.pt\/wp-content\/uploads\/2025\/03\/repairman-reporting-found-freon-leaks-scaled.jpg 2560w, https:\/\/electricidadeaguas.pt\/wp-content\/uploads\/2025\/03\/repairman-reporting-found-freon-leaks-scaled-600x400.jpg 600w, https:\/\/electricidadeaguas.pt\/wp-content\/uploads\/2025\/03\/repairman-reporting-found-freon-leaks-300x200.jpg 300w, https:\/\/electricidadeaguas.pt\/wp-content\/uploads\/2025\/03\/repairman-reporting-found-freon-leaks-1024x683.jpg 1024w, https:\/\/electricidadeaguas.pt\/wp-content\/uploads\/2025\/03\/repairman-reporting-found-freon-leaks-768x512.jpg 768w, https:\/\/electricidadeaguas.pt\/wp-content\/uploads\/2025\/03\/repairman-reporting-found-freon-leaks-1536x1024.jpg 1536w, https:\/\/electricidadeaguas.pt\/wp-content\/uploads\/2025\/03\/repairman-reporting-found-freon-leaks-2048x1365.jpg 2048w, https:\/\/electricidadeaguas.pt\/wp-content\/uploads\/2025\/03\/repairman-reporting-found-freon-leaks-930x620.jpg 930w\" sizes=\"auto, (max-width: 2560px) 100vw, 2560px\" \/><\/figure>\n\n<div style=\"height:14px\" aria-hidden=\"true\" class=\"wp-block-spacer\"><\/div>\n\n<h3 class=\"wp-block-heading has-text-align-center has-neve-text-color-color has-text-color\">Efici\u00eancia En\u00e9rgica<\/h3>\n\n<div style=\"height:20px\" aria-hidden=\"true\" class=\"wp-block-spacer\"><\/div><\/div><\/div><\/div><\/div>\n\n<div class=\"wp-block-columns are-vertically-aligned-center is-layout-flex wp-container-core-columns-is-layout-9d6595d7 wp-block-columns-is-layout-flex\"><div class=\"wp-block-column is-vertically-aligned-center is-layout-flow wp-block-column-is-layout-flow\" style=\"padding-right:var(--wp--preset--spacing--30);padding-left:var(--wp--preset--spacing--30);flex-basis:50%\"><figure class=\"wp-block-image size-full has-custom-border\"><img loading=\"lazy\" decoding=\"async\" width=\"2560\" height=\"1707\" src=\"https:\/\/electricidadeaguas.pt\/wp-content\/uploads\/2025\/03\/foreman-businessman-solar-energy-station-scaled.jpg\" alt=\"\" class=\"has-border-color has-neve-link-hover-color-border-color wp-image-283\" style=\"border-width:4px;border-radius:24px;object-fit:cover\" srcset=\"https:\/\/electricidadeaguas.pt\/wp-content\/uploads\/2025\/03\/foreman-businessman-solar-energy-station-scaled.jpg 2560w, https:\/\/electricidadeaguas.pt\/wp-content\/uploads\/2025\/03\/foreman-businessman-solar-energy-station-scaled-600x400.jpg 600w, https:\/\/electricidadeaguas.pt\/wp-content\/uploads\/2025\/03\/foreman-businessman-solar-energy-station-300x200.jpg 300w, https:\/\/electricidadeaguas.pt\/wp-content\/uploads\/2025\/03\/foreman-businessman-solar-energy-station-1024x683.jpg 1024w, https:\/\/electricidadeaguas.pt\/wp-content\/uploads\/2025\/03\/foreman-businessman-solar-energy-station-768x512.jpg 768w, https:\/\/electricidadeaguas.pt\/wp-content\/uploads\/2025\/03\/foreman-businessman-solar-energy-station-1536x1024.jpg 1536w, https:\/\/electricidadeaguas.pt\/wp-content\/uploads\/2025\/03\/foreman-businessman-solar-energy-station-2048x1365.jpg 2048w, https:\/\/electricidadeaguas.pt\/wp-content\/uploads\/2025\/03\/foreman-businessman-solar-energy-station-930x620.jpg 930w\" sizes=\"auto, (max-width: 2560px) 100vw, 2560px\" \/><\/figure>\n\n<div style=\"height:14px\" aria-hidden=\"true\" class=\"wp-block-spacer\"><\/div>\n\n<h3 class=\"wp-block-heading has-text-align-center has-neve-text-color-color has-text-color\">Tecnologias el\u00e9tricas<\/h3>\n\n<div style=\"height:20px\" aria-hidden=\"true\" class=\"wp-block-spacer\"><\/div><\/div>\n\n<div class=\"wp-block-column is-vertically-aligned-center is-layout-flow wp-block-column-is-layout-flow\" style=\"padding-right:var(--wp--preset--spacing--30);padding-left:var(--wp--preset--spacing--30);flex-basis:50%\"><figure class=\"wp-block-image size-full has-custom-border\"><img loading=\"lazy\" decoding=\"async\" width=\"2000\" height=\"1333\" src=\"https:\/\/electricidadeaguas.pt\/wp-content\/uploads\/2025\/03\/man-electrical-technician-working-switchboard-with-fuses-uses-tablet-1-2.jpg\" alt=\"\" class=\"has-border-color has-neve-link-hover-color-border-color wp-image-280\" style=\"border-width:4px;border-radius:24px\" srcset=\"https:\/\/electricidadeaguas.pt\/wp-content\/uploads\/2025\/03\/man-electrical-technician-working-switchboard-with-fuses-uses-tablet-1-2.jpg 2000w, https:\/\/electricidadeaguas.pt\/wp-content\/uploads\/2025\/03\/man-electrical-technician-working-switchboard-with-fuses-uses-tablet-1-2-600x400.jpg 600w, https:\/\/electricidadeaguas.pt\/wp-content\/uploads\/2025\/03\/man-electrical-technician-working-switchboard-with-fuses-uses-tablet-1-2-300x200.jpg 300w, https:\/\/electricidadeaguas.pt\/wp-content\/uploads\/2025\/03\/man-electrical-technician-working-switchboard-with-fuses-uses-tablet-1-2-1024x682.jpg 1024w, https:\/\/electricidadeaguas.pt\/wp-content\/uploads\/2025\/03\/man-electrical-technician-working-switchboard-with-fuses-uses-tablet-1-2-768x512.jpg 768w, https:\/\/electricidadeaguas.pt\/wp-content\/uploads\/2025\/03\/man-electrical-technician-working-switchboard-with-fuses-uses-tablet-1-2-1536x1024.jpg 1536w, https:\/\/electricidadeaguas.pt\/wp-content\/uploads\/2025\/03\/man-electrical-technician-working-switchboard-with-fuses-uses-tablet-1-2-930x620.jpg 930w\" sizes=\"auto, (max-width: 2000px) 100vw, 2000px\" \/><\/figure>\n\n<div style=\"height:14px\" aria-hidden=\"true\" class=\"wp-block-spacer\"><\/div>\n\n<h3 class=\"wp-block-heading has-text-align-center has-neve-text-color-color has-text-color\">Seguran\u00e7a el\u00e9trica<\/h3>\n\n<div style=\"height:20px\" aria-hidden=\"true\" class=\"wp-block-spacer\"><\/div><\/div><\/div><\/div><\/div><div class=\"wp-block-cover alignfull\" style=\"min-height:300px;aspect-ratio:unset;\"><span aria-hidden=\"true\" class=\"wp-block-cover__background has-neve-link-hover-color-background-color has-background-dim-100 has-background-dim\"><\/span><div class=\"wp-block-cover__inner-container is-layout-flow wp-block-cover-is-layout-flow\"><div style=\"height:14px\" aria-hidden=\"true\" class=\"wp-block-spacer\"><\/div>\n\n<div class=\"wp-block-columns is-layout-flex wp-container-core-columns-is-layout-9d6595d7 wp-block-columns-is-layout-flex\"><div class=\"wp-block-column is-layout-flow wp-block-column-is-layout-flow\" style=\"flex-basis:20%\"><\/div>\n\n<div class=\"wp-block-column is-layout-flow wp-block-column-is-layout-flow\" style=\"flex-basis:60%\"><div class=\"wp-block-group\"><div class=\"wp-block-group__inner-container is-layout-constrained wp-block-group-is-layout-constrained\"><h2 class=\"wp-block-heading has-text-align-center has-nv-text-dark-bg-color has-text-color\">Vamos trabalhar juntos, contacte-nos ao clicar no bot\u00e3o abaixo!<\/h2>\n\n<div class=\"wp-block-buttons is-horizontal is-content-justification-center is-layout-flex wp-container-core-buttons-is-layout-499968f5 wp-block-buttons-is-layout-flex\"><div class=\"wp-block-button is-style-primary\"><a class=\"wp-block-button__link has-neve-link-color-color has-text-color has-background has-link-color wp-element-button\" href=\"https:\/\/electricidadeaguas.pt\/?page_id=5212\" style=\"background-color:#ffffff\">Contacte-nos<\/a><\/div><\/div><\/div><\/div><\/div>\n\n<div class=\"wp-block-column is-layout-flow wp-block-column-is-layout-flow\" style=\"flex-basis:20%\"><\/div><\/div>\n\n<div style=\"height:14px\" aria-hidden=\"true\" class=\"wp-block-spacer\"><\/div><\/div><\/div>","protected":false},"excerpt":{"rendered":"","protected":false},"author":1,"featured_media":0,"parent":0,"menu_order":0,"comment_status":"closed","ping_status":"closed","template":"","meta":{"neve_meta_sidebar":"","neve_meta_container":"","neve_meta_enable_content_width":"on","neve_meta_content_width":100,"neve_meta_title_alignment":"","neve_meta_author_avatar":"","neve_post_elements_order":"","neve_meta_disable_header":"","neve_meta_disable_footer":"on","neve_meta_disable_title":"on","footnotes":""},"class_list":["post-12","page","type-page","status-publish","hentry"],"jetpack_sharing_enabled":true,"_links":{"self":[{"href":"https:\/\/electricidadeaguas.pt\/index.php?rest_route=\/wp\/v2\/pages\/12","targetHints":{"allow":["GET"]}}],"collection":[{"href":"https:\/\/electricidadeaguas.pt\/index.php?rest_route=\/wp\/v2\/pages"}],"about":[{"href":"https:\/\/electricidadeaguas.pt\/index.php?rest_route=\/wp\/v2\/types\/page"}],"author":[{"embeddable":true,"href":"https:\/\/electricidadeaguas.pt\/index.php?rest_route=\/wp\/v2\/users\/1"}],"replies":[{"embeddable":true,"href":"https:\/\/electricidadeaguas.pt\/index.php?rest_route=%2Fwp%2Fv2%2Fcomments&post=12"}],"version-history":[{"count":44,"href":"https:\/\/electricidadeaguas.pt\/index.php?rest_route=\/wp\/v2\/pages\/12\/revisions"}],"predecessor-version":[{"id":6216,"href":"https:\/\/electricidadeaguas.pt\/index.php?rest_route=\/wp\/v2\/pages\/12\/revisions\/6216"}],"wp:attachment":[{"href":"https:\/\/electricidadeaguas.pt\/index.php?rest_route=%2Fwp%2Fv2%2Fmedia&parent=12"}],"curies":[{"name":"wp","href":"https:\/\/api.w.org\/{rel}","templated":true}]}}