{"id":298,"date":"2025-03-21T12:29:58","date_gmt":"2025-03-21T12:29:58","guid":{"rendered":"https:\/\/electricidadeaguas.pt\/?page_id=298"},"modified":"2025-06-17T07:38:24","modified_gmt":"2025-06-17T07:38:24","slug":"energias-renovaveis","status":"publish","type":"page","link":"https:\/\/electricidadeaguas.pt\/?page_id=298","title":{"rendered":"Energias Renov\u00e1veis"},"content":{"rendered":"<div class=\"wp-block-cover alignfull is-light\" style=\"min-height:600px;aspect-ratio:unset;\"><span aria-hidden=\"true\" class=\"wp-block-cover__background has-background-dim-100 has-background-dim\" style=\"background-color:#f5f5f5\"><\/span><div class=\"wp-block-cover__inner-container is-layout-flow wp-block-cover-is-layout-flow\"><div class=\"wp-block-group\"><div class=\"wp-block-group__inner-container is-layout-flow wp-block-group-is-layout-flow\"><div class=\"wp-block-cover alignfull is-light\" style=\"padding-top:var(--wp--preset--spacing--60);padding-right:var(--wp--preset--spacing--60);padding-bottom:var(--wp--preset--spacing--60);padding-left:var(--wp--preset--spacing--60);min-height:608px;aspect-ratio:unset;\"><img loading=\"lazy\" decoding=\"async\" width=\"1024\" height=\"576\" class=\"wp-block-cover__image-background wp-image-4301 size-large\" alt=\"\" src=\"https:\/\/electricidadeaguas.pt\/wp-content\/uploads\/2025\/05\/solar-panels-roof-solar-cell-1024x576.jpg\" data-object-fit=\"cover\" srcset=\"https:\/\/electricidadeaguas.pt\/wp-content\/uploads\/2025\/05\/solar-panels-roof-solar-cell-1024x576.jpg 1024w, https:\/\/electricidadeaguas.pt\/wp-content\/uploads\/2025\/05\/solar-panels-roof-solar-cell-300x169.jpg 300w, https:\/\/electricidadeaguas.pt\/wp-content\/uploads\/2025\/05\/solar-panels-roof-solar-cell-768x432.jpg 768w, https:\/\/electricidadeaguas.pt\/wp-content\/uploads\/2025\/05\/solar-panels-roof-solar-cell-1536x864.jpg 1536w, https:\/\/electricidadeaguas.pt\/wp-content\/uploads\/2025\/05\/solar-panels-roof-solar-cell-2048x1152.jpg 2048w, https:\/\/electricidadeaguas.pt\/wp-content\/uploads\/2025\/05\/solar-panels-roof-solar-cell-1320x743.jpg 1320w, https:\/\/electricidadeaguas.pt\/wp-content\/uploads\/2025\/05\/solar-panels-roof-solar-cell-600x338.jpg 600w\" sizes=\"auto, (max-width: 1024px) 100vw, 1024px\" \/><span aria-hidden=\"true\" class=\"wp-block-cover__background has-nv-dark-bg-background-color has-background-dim-0 has-background-dim\"><\/span><div class=\"wp-block-cover__inner-container is-layout-flow wp-block-cover-is-layout-flow\"><p><\/p>\n\n<p><\/p><\/div><\/div>\n\n<div style=\"height:80px\" aria-hidden=\"true\" class=\"wp-block-spacer\"><\/div>\n\n<h2 class=\"wp-block-heading has-text-align-center has-neve-text-color-color has-text-color\" style=\"font-size:50px\">Energias Renov\u00e1veis<\/h2>\n\n<div class=\"wp-block-columns is-layout-flex wp-container-core-columns-is-layout-9d6595d7 wp-block-columns-is-layout-flex\"><div class=\"wp-block-column is-layout-flow wp-block-column-is-layout-flow\" style=\"padding-right:var(--wp--preset--spacing--30);padding-left:var(--wp--preset--spacing--30);flex-basis:120%\"><p class=\"has-text-align-center has-neve-text-color-color has-text-color\" style=\"font-size:20px\">A transi\u00e7\u00e3o para energias renov\u00e1veis n\u00e3o \u00e9 apenas uma tend\u00eancia, mas uma necessidade para um futuro mais sustent\u00e1vel. A nossa empresa oferece solu\u00e7\u00f5es eficientes e acess\u00edveis para quem deseja reduzir custos energ\u00e9ticos e contribuir para um planeta mais verde e melhorado.<\/p><\/div><\/div><\/div><\/div>\n\n<div style=\"height:15px\" aria-hidden=\"true\" class=\"wp-block-spacer\"><\/div><\/div><\/div><div class=\"wp-block-cover alignfull\" style=\"min-height:600px;aspect-ratio:unset;\"><span aria-hidden=\"true\" class=\"wp-block-cover__background has-nv-site-bg-background-color has-background-dim-100 has-background-dim\"><\/span><div class=\"wp-block-cover__inner-container is-layout-flow wp-block-cover-is-layout-flow\"><div class=\"wp-block-group\"><div class=\"wp-block-group__inner-container is-layout-flow wp-block-group-is-layout-flow\"><div style=\"height:60px\" aria-hidden=\"true\" class=\"wp-block-spacer\"><\/div>\n\n<h2 class=\"wp-block-heading has-text-align-center has-neve-text-color-color has-text-color\" style=\"font-size:48px\">Vantagens <\/h2>\n\n<div class=\"wp-block-columns are-vertically-aligned-center is-layout-flex wp-container-core-columns-is-layout-9d6595d7 wp-block-columns-is-layout-flex\"><div class=\"wp-block-column is-vertically-aligned-center is-layout-flow wp-block-column-is-layout-flow\" style=\"padding-right:var(--wp--preset--spacing--30);padding-left:var(--wp--preset--spacing--30);flex-basis:50%\"><figure class=\"wp-block-image size-full has-custom-border\"><img loading=\"lazy\" decoding=\"async\" width=\"2560\" height=\"1707\" src=\"https:\/\/electricidadeaguas.pt\/wp-content\/uploads\/2025\/05\/sustainable-development-goals-still-life-scaled.jpg\" alt=\"\" class=\"has-border-color has-neve-link-hover-color-border-color wp-image-4296\" style=\"border-width:4px;border-radius:24px\" srcset=\"https:\/\/electricidadeaguas.pt\/wp-content\/uploads\/2025\/05\/sustainable-development-goals-still-life-scaled.jpg 2560w, https:\/\/electricidadeaguas.pt\/wp-content\/uploads\/2025\/05\/sustainable-development-goals-still-life-300x200.jpg 300w, https:\/\/electricidadeaguas.pt\/wp-content\/uploads\/2025\/05\/sustainable-development-goals-still-life-1024x683.jpg 1024w, https:\/\/electricidadeaguas.pt\/wp-content\/uploads\/2025\/05\/sustainable-development-goals-still-life-768x512.jpg 768w, https:\/\/electricidadeaguas.pt\/wp-content\/uploads\/2025\/05\/sustainable-development-goals-still-life-1536x1024.jpg 1536w, https:\/\/electricidadeaguas.pt\/wp-content\/uploads\/2025\/05\/sustainable-development-goals-still-life-2048x1365.jpg 2048w, https:\/\/electricidadeaguas.pt\/wp-content\/uploads\/2025\/05\/sustainable-development-goals-still-life-930x620.jpg 930w, https:\/\/electricidadeaguas.pt\/wp-content\/uploads\/2025\/05\/sustainable-development-goals-still-life-1320x880.jpg 1320w, https:\/\/electricidadeaguas.pt\/wp-content\/uploads\/2025\/05\/sustainable-development-goals-still-life-600x400.jpg 600w\" sizes=\"auto, (max-width: 2560px) 100vw, 2560px\" \/><\/figure>\n\n<div style=\"height:14px\" aria-hidden=\"true\" class=\"wp-block-spacer\"><\/div>\n\n<h3 class=\"wp-block-heading has-text-align-center has-neve-text-color-color has-text-color\" style=\"padding-right:var(--wp--preset--spacing--30);padding-left:var(--wp--preset--spacing--30)\">Redu\u00e7\u00e3o da pegada ecol\u00f3gica<\/h3>\n\n<div style=\"height:20px\" aria-hidden=\"true\" class=\"wp-block-spacer\"><\/div><\/div>\n\n<div class=\"wp-block-column is-vertically-aligned-center is-layout-flow wp-block-column-is-layout-flow\" style=\"padding-right:var(--wp--preset--spacing--30);padding-left:var(--wp--preset--spacing--30);flex-basis:50%\"><figure class=\"wp-block-image size-full has-custom-border\"><img loading=\"lazy\" decoding=\"async\" width=\"2560\" height=\"1707\" src=\"https:\/\/electricidadeaguas.pt\/wp-content\/uploads\/2025\/05\/man-cunting-stack-coins-scaled.jpg\" alt=\"\" class=\"has-border-color has-neve-link-hover-color-border-color wp-image-4297\" style=\"border-width:4px;border-radius:24px\" srcset=\"https:\/\/electricidadeaguas.pt\/wp-content\/uploads\/2025\/05\/man-cunting-stack-coins-scaled.jpg 2560w, https:\/\/electricidadeaguas.pt\/wp-content\/uploads\/2025\/05\/man-cunting-stack-coins-300x200.jpg 300w, https:\/\/electricidadeaguas.pt\/wp-content\/uploads\/2025\/05\/man-cunting-stack-coins-1024x683.jpg 1024w, https:\/\/electricidadeaguas.pt\/wp-content\/uploads\/2025\/05\/man-cunting-stack-coins-768x512.jpg 768w, https:\/\/electricidadeaguas.pt\/wp-content\/uploads\/2025\/05\/man-cunting-stack-coins-1536x1024.jpg 1536w, https:\/\/electricidadeaguas.pt\/wp-content\/uploads\/2025\/05\/man-cunting-stack-coins-2048x1365.jpg 2048w, https:\/\/electricidadeaguas.pt\/wp-content\/uploads\/2025\/05\/man-cunting-stack-coins-930x620.jpg 930w, https:\/\/electricidadeaguas.pt\/wp-content\/uploads\/2025\/05\/man-cunting-stack-coins-1320x880.jpg 1320w, https:\/\/electricidadeaguas.pt\/wp-content\/uploads\/2025\/05\/man-cunting-stack-coins-600x400.jpg 600w\" sizes=\"auto, (max-width: 2560px) 100vw, 2560px\" \/><\/figure>\n\n<div style=\"height:14px\" aria-hidden=\"true\" class=\"wp-block-spacer\"><\/div>\n\n<h3 class=\"wp-block-heading has-text-align-center has-neve-text-color-color has-text-color\">Economia na fatura de eletricidade<\/h3>\n\n<div style=\"height:20px\" aria-hidden=\"true\" class=\"wp-block-spacer\"><\/div><\/div>\n\n<div class=\"wp-block-column is-vertically-aligned-center is-layout-flow wp-block-column-is-layout-flow\" style=\"padding-right:var(--wp--preset--spacing--30);padding-left:var(--wp--preset--spacing--30);flex-basis:50%\"><figure class=\"wp-block-image size-full has-custom-border\"><img loading=\"lazy\" decoding=\"async\" width=\"2560\" height=\"1645\" src=\"https:\/\/electricidadeaguas.pt\/wp-content\/uploads\/2025\/05\/selective-focus-electricians-are-fixing-power-transmission-line-electricity-pole-scaled.jpg\" alt=\"\" class=\"has-border-color has-neve-link-hover-color-border-color wp-image-4299\" style=\"border-width:4px;border-radius:24px\" srcset=\"https:\/\/electricidadeaguas.pt\/wp-content\/uploads\/2025\/05\/selective-focus-electricians-are-fixing-power-transmission-line-electricity-pole-scaled.jpg 2560w, https:\/\/electricidadeaguas.pt\/wp-content\/uploads\/2025\/05\/selective-focus-electricians-are-fixing-power-transmission-line-electricity-pole-300x193.jpg 300w, https:\/\/electricidadeaguas.pt\/wp-content\/uploads\/2025\/05\/selective-focus-electricians-are-fixing-power-transmission-line-electricity-pole-1024x658.jpg 1024w, https:\/\/electricidadeaguas.pt\/wp-content\/uploads\/2025\/05\/selective-focus-electricians-are-fixing-power-transmission-line-electricity-pole-768x493.jpg 768w, https:\/\/electricidadeaguas.pt\/wp-content\/uploads\/2025\/05\/selective-focus-electricians-are-fixing-power-transmission-line-electricity-pole-1536x987.jpg 1536w, https:\/\/electricidadeaguas.pt\/wp-content\/uploads\/2025\/05\/selective-focus-electricians-are-fixing-power-transmission-line-electricity-pole-2048x1316.jpg 2048w, https:\/\/electricidadeaguas.pt\/wp-content\/uploads\/2025\/05\/selective-focus-electricians-are-fixing-power-transmission-line-electricity-pole-1320x848.jpg 1320w, https:\/\/electricidadeaguas.pt\/wp-content\/uploads\/2025\/05\/selective-focus-electricians-are-fixing-power-transmission-line-electricity-pole-600x386.jpg 600w\" sizes=\"auto, (max-width: 2560px) 100vw, 2560px\" \/><\/figure>\n\n<div style=\"height:14px\" aria-hidden=\"true\" class=\"wp-block-spacer\"><\/div>\n\n<h3 class=\"wp-block-heading has-text-align-center has-neve-text-color-color has-text-color\">Maior independ\u00eancia el\u00e9trica para si<\/h3>\n\n<div style=\"height:20px\" aria-hidden=\"true\" class=\"wp-block-spacer\"><\/div><\/div><\/div><\/div><\/div>\n\n<div class=\"wp-block-group\"><div class=\"wp-block-group__inner-container is-layout-flow wp-block-group-is-layout-flow\"><div style=\"height:14px\" aria-hidden=\"true\" class=\"wp-block-spacer\"><\/div>\n\n<h2 class=\"wp-block-heading has-text-align-center has-neve-text-color-color has-text-color\" style=\"font-size:48px\">Os nossos servi\u00e7os<\/h2>\n\n<div class=\"wp-block-columns are-vertically-aligned-center is-layout-flex wp-container-core-columns-is-layout-9d6595d7 wp-block-columns-is-layout-flex\"><div class=\"wp-block-column is-vertically-aligned-center is-layout-flow wp-block-column-is-layout-flow\" style=\"padding-right:var(--wp--preset--spacing--30);padding-left:var(--wp--preset--spacing--30);flex-basis:50%\"><figure class=\"wp-block-image size-full has-custom-border\"><img loading=\"lazy\" decoding=\"async\" width=\"2560\" height=\"1707\" src=\"https:\/\/electricidadeaguas.pt\/wp-content\/uploads\/2025\/05\/man-with-white-helmet-near-solar-panel-scaled.jpg\" alt=\"\" class=\"has-border-color has-neve-link-hover-color-border-color wp-image-4300\" style=\"border-width:4px;border-radius:24px\" srcset=\"https:\/\/electricidadeaguas.pt\/wp-content\/uploads\/2025\/05\/man-with-white-helmet-near-solar-panel-scaled.jpg 2560w, https:\/\/electricidadeaguas.pt\/wp-content\/uploads\/2025\/05\/man-with-white-helmet-near-solar-panel-300x200.jpg 300w, https:\/\/electricidadeaguas.pt\/wp-content\/uploads\/2025\/05\/man-with-white-helmet-near-solar-panel-1024x683.jpg 1024w, https:\/\/electricidadeaguas.pt\/wp-content\/uploads\/2025\/05\/man-with-white-helmet-near-solar-panel-768x512.jpg 768w, https:\/\/electricidadeaguas.pt\/wp-content\/uploads\/2025\/05\/man-with-white-helmet-near-solar-panel-1536x1024.jpg 1536w, https:\/\/electricidadeaguas.pt\/wp-content\/uploads\/2025\/05\/man-with-white-helmet-near-solar-panel-2048x1365.jpg 2048w, https:\/\/electricidadeaguas.pt\/wp-content\/uploads\/2025\/05\/man-with-white-helmet-near-solar-panel-930x620.jpg 930w, https:\/\/electricidadeaguas.pt\/wp-content\/uploads\/2025\/05\/man-with-white-helmet-near-solar-panel-1320x880.jpg 1320w, https:\/\/electricidadeaguas.pt\/wp-content\/uploads\/2025\/05\/man-with-white-helmet-near-solar-panel-600x400.jpg 600w\" sizes=\"auto, (max-width: 2560px) 100vw, 2560px\" \/><\/figure>\n\n<div style=\"height:14px\" aria-hidden=\"true\" class=\"wp-block-spacer\"><\/div>\n\n<h3 class=\"wp-block-heading has-text-align-center has-neve-text-color-color has-text-color\" style=\"font-size:20px\">Instala\u00e7\u00e3o de pain\u00e9is solares fotovoltaicos e t\u00e9rmicos.<\/h3>\n\n<div style=\"height:20px\" aria-hidden=\"true\" class=\"wp-block-spacer\"><\/div><\/div>\n\n<div class=\"wp-block-column is-vertically-aligned-center is-layout-flow wp-block-column-is-layout-flow\" style=\"padding-right:var(--wp--preset--spacing--30);padding-left:var(--wp--preset--spacing--30);flex-basis:50%\"><figure class=\"wp-block-image size-full has-custom-border\"><img loading=\"lazy\" decoding=\"async\" width=\"2000\" height=\"1333\" src=\"https:\/\/electricidadeaguas.pt\/wp-content\/uploads\/2025\/03\/man-installs-heating-system-house-checks-pipes-with-wrench.jpg\" alt=\"\" class=\"has-border-color has-neve-link-hover-color-border-color wp-image-271\" style=\"border-width:4px;border-radius:24px\" srcset=\"https:\/\/electricidadeaguas.pt\/wp-content\/uploads\/2025\/03\/man-installs-heating-system-house-checks-pipes-with-wrench.jpg 2000w, https:\/\/electricidadeaguas.pt\/wp-content\/uploads\/2025\/03\/man-installs-heating-system-house-checks-pipes-with-wrench-600x400.jpg 600w, https:\/\/electricidadeaguas.pt\/wp-content\/uploads\/2025\/03\/man-installs-heating-system-house-checks-pipes-with-wrench-300x200.jpg 300w, https:\/\/electricidadeaguas.pt\/wp-content\/uploads\/2025\/03\/man-installs-heating-system-house-checks-pipes-with-wrench-1024x682.jpg 1024w, https:\/\/electricidadeaguas.pt\/wp-content\/uploads\/2025\/03\/man-installs-heating-system-house-checks-pipes-with-wrench-768x512.jpg 768w, https:\/\/electricidadeaguas.pt\/wp-content\/uploads\/2025\/03\/man-installs-heating-system-house-checks-pipes-with-wrench-1536x1024.jpg 1536w, https:\/\/electricidadeaguas.pt\/wp-content\/uploads\/2025\/03\/man-installs-heating-system-house-checks-pipes-with-wrench-930x620.jpg 930w\" sizes=\"auto, (max-width: 2000px) 100vw, 2000px\" \/><\/figure>\n\n<div style=\"height:14px\" aria-hidden=\"true\" class=\"wp-block-spacer\"><\/div>\n\n<h3 class=\"wp-block-heading has-text-align-center has-neve-text-color-color has-text-color\" style=\"font-size:20px\">Sistemas de aquecimento sustent\u00e1vel (bombas de calor).<\/h3>\n\n<div style=\"height:20px\" aria-hidden=\"true\" class=\"wp-block-spacer\"><\/div><\/div>\n\n<div class=\"wp-block-column is-vertically-aligned-center is-layout-flow wp-block-column-is-layout-flow\" style=\"padding-right:var(--wp--preset--spacing--30);padding-left:var(--wp--preset--spacing--30);flex-basis:50%\"><figure class=\"wp-block-image size-full has-custom-border\"><img loading=\"lazy\" decoding=\"async\" width=\"2560\" height=\"1707\" src=\"https:\/\/electricidadeaguas.pt\/wp-content\/uploads\/2025\/03\/repairman-reporting-found-freon-leaks-scaled.jpg\" alt=\"\" class=\"has-border-color has-neve-link-hover-color-border-color wp-image-274\" style=\"border-width:4px;border-radius:24px\" srcset=\"https:\/\/electricidadeaguas.pt\/wp-content\/uploads\/2025\/03\/repairman-reporting-found-freon-leaks-scaled.jpg 2560w, https:\/\/electricidadeaguas.pt\/wp-content\/uploads\/2025\/03\/repairman-reporting-found-freon-leaks-scaled-600x400.jpg 600w, https:\/\/electricidadeaguas.pt\/wp-content\/uploads\/2025\/03\/repairman-reporting-found-freon-leaks-300x200.jpg 300w, https:\/\/electricidadeaguas.pt\/wp-content\/uploads\/2025\/03\/repairman-reporting-found-freon-leaks-1024x683.jpg 1024w, https:\/\/electricidadeaguas.pt\/wp-content\/uploads\/2025\/03\/repairman-reporting-found-freon-leaks-768x512.jpg 768w, https:\/\/electricidadeaguas.pt\/wp-content\/uploads\/2025\/03\/repairman-reporting-found-freon-leaks-1536x1024.jpg 1536w, https:\/\/electricidadeaguas.pt\/wp-content\/uploads\/2025\/03\/repairman-reporting-found-freon-leaks-2048x1365.jpg 2048w, https:\/\/electricidadeaguas.pt\/wp-content\/uploads\/2025\/03\/repairman-reporting-found-freon-leaks-930x620.jpg 930w\" sizes=\"auto, (max-width: 2560px) 100vw, 2560px\" \/><\/figure>\n\n<div style=\"height:14px\" aria-hidden=\"true\" class=\"wp-block-spacer\"><\/div>\n\n<h3 class=\"wp-block-heading has-text-align-center has-neve-text-color-color has-text-color\" style=\"font-size:20px\">Solu\u00e7\u00f5es de armazenamento de energia (baterias solares).<\/h3>\n\n<div style=\"height:20px\" aria-hidden=\"true\" class=\"wp-block-spacer\"><\/div><\/div><\/div><\/div><\/div><\/div><\/div><div class=\"wp-block-cover alignfull\" style=\"min-height:300px;aspect-ratio:unset;\"><span aria-hidden=\"true\" class=\"wp-block-cover__background has-neve-link-hover-color-background-color has-background-dim-100 has-background-dim\"><\/span><div class=\"wp-block-cover__inner-container is-layout-flow wp-block-cover-is-layout-flow\"><div style=\"height:14px\" aria-hidden=\"true\" class=\"wp-block-spacer\"><\/div>\n\n<div class=\"wp-block-columns is-layout-flex wp-container-core-columns-is-layout-9d6595d7 wp-block-columns-is-layout-flex\"><div class=\"wp-block-column is-layout-flow wp-block-column-is-layout-flow\" style=\"flex-basis:20%\"><\/div>\n\n<div class=\"wp-block-column is-layout-flow wp-block-column-is-layout-flow\" style=\"flex-basis:60%\"><div class=\"wp-block-group\"><div class=\"wp-block-group__inner-container is-layout-constrained wp-block-group-is-layout-constrained\"><h2 class=\"wp-block-heading has-text-align-center has-nv-text-dark-bg-color has-text-color\">Vamos trabalhar juntos, contacte-nos ao clicar no bot\u00e3o abaixo!<\/h2>\n\n<div class=\"wp-block-buttons is-horizontal is-content-justification-center is-layout-flex wp-container-core-buttons-is-layout-499968f5 wp-block-buttons-is-layout-flex\"><div class=\"wp-block-button is-style-primary\"><a class=\"wp-block-button__link has-neve-link-color-color has-text-color has-background has-link-color wp-element-button\" href=\"https:\/\/electricidadeaguas.pt\/?page_id=5212\" style=\"background-color:#ffffff\">Contacte-nos<\/a><\/div><\/div><\/div><\/div><\/div>\n\n<div class=\"wp-block-column is-layout-flow wp-block-column-is-layout-flow\" style=\"flex-basis:20%\"><\/div><\/div>\n\n<div style=\"height:14px\" aria-hidden=\"true\" class=\"wp-block-spacer\"><\/div><\/div><\/div>","protected":false},"excerpt":{"rendered":"","protected":false},"author":1,"featured_media":0,"parent":0,"menu_order":0,"comment_status":"closed","ping_status":"closed","template":"","meta":{"neve_meta_sidebar":"","neve_meta_container":"","neve_meta_enable_content_width":"on","neve_meta_content_width":100,"neve_meta_title_alignment":"","neve_meta_author_avatar":"","neve_post_elements_order":"","neve_meta_disable_header":"","neve_meta_disable_footer":"on","neve_meta_disable_title":"on","footnotes":""},"class_list":["post-298","page","type-page","status-publish","hentry"],"jetpack_sharing_enabled":true,"_links":{"self":[{"href":"https:\/\/electricidadeaguas.pt\/index.php?rest_route=\/wp\/v2\/pages\/298","targetHints":{"allow":["GET"]}}],"collection":[{"href":"https:\/\/electricidadeaguas.pt\/index.php?rest_route=\/wp\/v2\/pages"}],"about":[{"href":"https:\/\/electricidadeaguas.pt\/index.php?rest_route=\/wp\/v2\/types\/page"}],"author":[{"embeddable":true,"href":"https:\/\/electricidadeaguas.pt\/index.php?rest_route=\/wp\/v2\/users\/1"}],"replies":[{"embeddable":true,"href":"https:\/\/electricidadeaguas.pt\/index.php?rest_route=%2Fwp%2Fv2%2Fcomments&post=298"}],"version-history":[{"count":21,"href":"https:\/\/electricidadeaguas.pt\/index.php?rest_route=\/wp\/v2\/pages\/298\/revisions"}],"predecessor-version":[{"id":5611,"href":"https:\/\/electricidadeaguas.pt\/index.php?rest_route=\/wp\/v2\/pages\/298\/revisions\/5611"}],"wp:attachment":[{"href":"https:\/\/electricidadeaguas.pt\/index.php?rest_route=%2Fwp%2Fv2%2Fmedia&parent=298"}],"curies":[{"name":"wp","href":"https:\/\/api.w.org\/{rel}","templated":true}]}}