{"id":321,"date":"2025-03-21T14:35:07","date_gmt":"2025-03-21T14:35:07","guid":{"rendered":"https:\/\/electricidadeaguas.pt\/?page_id=321"},"modified":"2025-06-05T11:48:38","modified_gmt":"2025-06-05T11:48:38","slug":"canalizacao","status":"publish","type":"page","link":"https:\/\/electricidadeaguas.pt\/?page_id=321","title":{"rendered":"Canaliza\u00e7\u00e3o"},"content":{"rendered":"<div class=\"wp-block-cover alignfull is-light\" style=\"min-height:600px;aspect-ratio:unset;\"><span aria-hidden=\"true\" class=\"wp-block-cover__background has-background-dim-100 has-background-dim\" style=\"background-color:#f5f5f5\"><\/span><div class=\"wp-block-cover__inner-container is-layout-flow wp-block-cover-is-layout-flow\"><div class=\"wp-block-group\"><div class=\"wp-block-group__inner-container is-layout-flow wp-block-group-is-layout-flow\"><div class=\"wp-block-cover alignfull is-light\" style=\"padding-top:var(--wp--preset--spacing--60);padding-right:var(--wp--preset--spacing--60);padding-bottom:var(--wp--preset--spacing--60);padding-left:var(--wp--preset--spacing--60);min-height:608px;aspect-ratio:unset;\"><img loading=\"lazy\" decoding=\"async\" width=\"1024\" height=\"576\" class=\"wp-block-cover__image-background wp-image-4311 size-large\" alt=\"\" src=\"https:\/\/electricidadeaguas.pt\/wp-content\/uploads\/2025\/05\/close-up-mechanic-work-1024x576.jpg\" style=\"object-position:49% 51%\" data-object-fit=\"cover\" data-object-position=\"49% 51%\" srcset=\"https:\/\/electricidadeaguas.pt\/wp-content\/uploads\/2025\/05\/close-up-mechanic-work-1024x576.jpg 1024w, https:\/\/electricidadeaguas.pt\/wp-content\/uploads\/2025\/05\/close-up-mechanic-work-300x169.jpg 300w, https:\/\/electricidadeaguas.pt\/wp-content\/uploads\/2025\/05\/close-up-mechanic-work-768x432.jpg 768w, https:\/\/electricidadeaguas.pt\/wp-content\/uploads\/2025\/05\/close-up-mechanic-work-1536x864.jpg 1536w, https:\/\/electricidadeaguas.pt\/wp-content\/uploads\/2025\/05\/close-up-mechanic-work-2048x1152.jpg 2048w, https:\/\/electricidadeaguas.pt\/wp-content\/uploads\/2025\/05\/close-up-mechanic-work-1320x742.jpg 1320w, https:\/\/electricidadeaguas.pt\/wp-content\/uploads\/2025\/05\/close-up-mechanic-work-600x337.jpg 600w\" sizes=\"auto, (max-width: 1024px) 100vw, 1024px\" \/><span aria-hidden=\"true\" class=\"wp-block-cover__background has-nv-dark-bg-background-color has-background-dim-0 has-background-dim\"><\/span><div class=\"wp-block-cover__inner-container is-layout-flow wp-block-cover-is-layout-flow\"><p><\/p>\n\n<p><\/p><\/div><\/div>\n\n<div style=\"height:80px\" aria-hidden=\"true\" class=\"wp-block-spacer\"><\/div>\n\n<h2 class=\"wp-block-heading has-text-align-center has-neve-text-color-color has-text-color\" style=\"font-size:50px\">Canaliza\u00e7\u00e3o<\/h2>\n\n<div class=\"wp-block-columns is-layout-flex wp-container-core-columns-is-layout-9d6595d7 wp-block-columns-is-layout-flex\"><div class=\"wp-block-column is-layout-flow wp-block-column-is-layout-flow\" style=\"padding-right:var(--wp--preset--spacing--30);padding-left:var(--wp--preset--spacing--30);flex-basis:120%\"><p class=\"has-text-align-center has-neve-text-color-color has-text-color\" style=\"font-size:19px\">Um sistema de canaliza\u00e7\u00e3o bem cuidado \u00e9 fundamental para garantir o bom funcionamento da tua casa, de forma a evitar fugas, entupimentos e outros problemas que podem causar infiltra\u00e7\u00f5es, humidade nas paredes, danos estruturais e at\u00e9 aumentar significativamente os custos com a conta de \u00e1gua. .<\/p>\n\n<div style=\"height:10px\" aria-hidden=\"true\" class=\"wp-block-spacer\"><\/div><\/div><\/div><\/div><\/div><\/div><\/div><div class=\"wp-block-cover alignfull\" style=\"min-height:600px;aspect-ratio:unset;\"><span aria-hidden=\"true\" class=\"wp-block-cover__background has-nv-site-bg-background-color has-background-dim-100 has-background-dim\"><\/span><div class=\"wp-block-cover__inner-container is-layout-flow wp-block-cover-is-layout-flow\"><div class=\"wp-block-group\"><div class=\"wp-block-group__inner-container is-layout-flow wp-block-group-is-layout-flow\"><div style=\"height:60px\" aria-hidden=\"true\" class=\"wp-block-spacer\"><\/div>\n\n<h2 class=\"wp-block-heading has-text-align-center has-neve-text-color-color has-text-color\" style=\"font-size:48px\">Os nossos servi\u00e7os<\/h2>\n\n<div class=\"wp-block-columns are-vertically-aligned-center is-layout-flex wp-container-core-columns-is-layout-9d6595d7 wp-block-columns-is-layout-flex\"><div class=\"wp-block-column is-vertically-aligned-center is-layout-flow wp-block-column-is-layout-flow\" style=\"padding-right:var(--wp--preset--spacing--30);padding-left:var(--wp--preset--spacing--30);flex-basis:50%\"><figure class=\"wp-block-image size-full has-custom-border\"><img loading=\"lazy\" decoding=\"async\" width=\"332\" height=\"220\" src=\"https:\/\/electricidadeaguas.pt\/wp-content\/uploads\/2025\/03\/th-5.jpg\" alt=\"\" class=\"has-border-color has-neve-link-hover-color-border-color wp-image-330\" style=\"border-width:4px;border-radius:24px;object-fit:cover\" srcset=\"https:\/\/electricidadeaguas.pt\/wp-content\/uploads\/2025\/03\/th-5.jpg 332w, https:\/\/electricidadeaguas.pt\/wp-content\/uploads\/2025\/03\/th-5-300x199.jpg 300w\" sizes=\"auto, (max-width: 332px) 100vw, 332px\" \/><\/figure>\n\n<div style=\"height:14px\" aria-hidden=\"true\" class=\"wp-block-spacer\"><\/div>\n\n<h3 class=\"wp-block-heading has-text-align-center has-neve-text-color-color has-text-color\">Repara\u00e7\u00e3o de fugas de \u00e1gua<\/h3>\n\n<div style=\"height:20px\" aria-hidden=\"true\" class=\"wp-block-spacer\"><\/div><\/div>\n\n<div class=\"wp-block-column is-vertically-aligned-center is-layout-flow wp-block-column-is-layout-flow\" style=\"padding-right:var(--wp--preset--spacing--30);padding-left:var(--wp--preset--spacing--30);flex-basis:50%\"><figure class=\"wp-block-image size-full has-custom-border\"><img loading=\"lazy\" decoding=\"async\" width=\"2560\" height=\"1707\" src=\"https:\/\/electricidadeaguas.pt\/wp-content\/uploads\/2025\/05\/service-maintenance-worker-repairing-1-scaled.jpg\" alt=\"\" class=\"has-border-color has-neve-link-hover-color-border-color wp-image-4304\" style=\"border-width:4px;border-radius:24px\" srcset=\"https:\/\/electricidadeaguas.pt\/wp-content\/uploads\/2025\/05\/service-maintenance-worker-repairing-1-scaled.jpg 2560w, https:\/\/electricidadeaguas.pt\/wp-content\/uploads\/2025\/05\/service-maintenance-worker-repairing-1-300x200.jpg 300w, https:\/\/electricidadeaguas.pt\/wp-content\/uploads\/2025\/05\/service-maintenance-worker-repairing-1-1024x683.jpg 1024w, https:\/\/electricidadeaguas.pt\/wp-content\/uploads\/2025\/05\/service-maintenance-worker-repairing-1-768x512.jpg 768w, https:\/\/electricidadeaguas.pt\/wp-content\/uploads\/2025\/05\/service-maintenance-worker-repairing-1-1536x1024.jpg 1536w, https:\/\/electricidadeaguas.pt\/wp-content\/uploads\/2025\/05\/service-maintenance-worker-repairing-1-2048x1366.jpg 2048w, https:\/\/electricidadeaguas.pt\/wp-content\/uploads\/2025\/05\/service-maintenance-worker-repairing-1-930x620.jpg 930w, https:\/\/electricidadeaguas.pt\/wp-content\/uploads\/2025\/05\/service-maintenance-worker-repairing-1-1320x880.jpg 1320w, https:\/\/electricidadeaguas.pt\/wp-content\/uploads\/2025\/05\/service-maintenance-worker-repairing-1-600x400.jpg 600w\" sizes=\"auto, (max-width: 2560px) 100vw, 2560px\" \/><\/figure>\n\n<div style=\"height:14px\" aria-hidden=\"true\" class=\"wp-block-spacer\"><\/div>\n\n<h3 class=\"wp-block-heading has-text-align-center has-neve-text-color-color has-text-color\">Desentupimentos<\/h3>\n\n<div style=\"height:20px\" aria-hidden=\"true\" class=\"wp-block-spacer\"><\/div><\/div>\n\n<div class=\"wp-block-column is-vertically-aligned-center is-layout-flow wp-block-column-is-layout-flow\" style=\"padding-right:var(--wp--preset--spacing--30);padding-left:var(--wp--preset--spacing--30);flex-basis:50%\"><figure class=\"wp-block-image size-full has-custom-border\"><img loading=\"lazy\" decoding=\"async\" width=\"330\" height=\"220\" src=\"https:\/\/electricidadeaguas.pt\/wp-content\/uploads\/2025\/03\/th-4.jpg\" alt=\"\" class=\"has-border-color has-neve-link-hover-color-border-color wp-image-329\" style=\"border-width:4px;border-radius:24px;object-fit:cover\" srcset=\"https:\/\/electricidadeaguas.pt\/wp-content\/uploads\/2025\/03\/th-4.jpg 330w, https:\/\/electricidadeaguas.pt\/wp-content\/uploads\/2025\/03\/th-4-300x200.jpg 300w\" sizes=\"auto, (max-width: 330px) 100vw, 330px\" \/><\/figure>\n\n<div style=\"height:14px\" aria-hidden=\"true\" class=\"wp-block-spacer\"><\/div>\n\n<h3 class=\"wp-block-heading has-text-align-center has-neve-text-color-color has-text-color\">Manuten\u00e7\u00e3o preventiva<\/h3>\n\n<div style=\"height:20px\" aria-hidden=\"true\" class=\"wp-block-spacer\"><\/div><\/div><\/div><\/div><\/div>\n\n<div class=\"wp-block-columns are-vertically-aligned-center is-layout-flex wp-container-core-columns-is-layout-9d6595d7 wp-block-columns-is-layout-flex\"><div class=\"wp-block-column is-vertically-aligned-center is-layout-flow wp-block-column-is-layout-flow\" style=\"padding-right:var(--wp--preset--spacing--30);padding-left:var(--wp--preset--spacing--30);flex-basis:50%\"><figure class=\"wp-block-image size-full has-custom-border\"><img loading=\"lazy\" decoding=\"async\" width=\"2560\" height=\"1708\" src=\"https:\/\/electricidadeaguas.pt\/wp-content\/uploads\/2025\/05\/close-up-mechanic-working-scaled.jpg\" alt=\"\" class=\"has-border-color has-neve-link-hover-color-border-color wp-image-4305\" style=\"border-width:4px;border-radius:24px;object-fit:cover\" srcset=\"https:\/\/electricidadeaguas.pt\/wp-content\/uploads\/2025\/05\/close-up-mechanic-working-scaled.jpg 2560w, https:\/\/electricidadeaguas.pt\/wp-content\/uploads\/2025\/05\/close-up-mechanic-working-300x200.jpg 300w, https:\/\/electricidadeaguas.pt\/wp-content\/uploads\/2025\/05\/close-up-mechanic-working-1024x683.jpg 1024w, https:\/\/electricidadeaguas.pt\/wp-content\/uploads\/2025\/05\/close-up-mechanic-working-768x513.jpg 768w, https:\/\/electricidadeaguas.pt\/wp-content\/uploads\/2025\/05\/close-up-mechanic-working-1536x1025.jpg 1536w, https:\/\/electricidadeaguas.pt\/wp-content\/uploads\/2025\/05\/close-up-mechanic-working-2048x1367.jpg 2048w, https:\/\/electricidadeaguas.pt\/wp-content\/uploads\/2025\/05\/close-up-mechanic-working-930x620.jpg 930w, https:\/\/electricidadeaguas.pt\/wp-content\/uploads\/2025\/05\/close-up-mechanic-working-1320x881.jpg 1320w, https:\/\/electricidadeaguas.pt\/wp-content\/uploads\/2025\/05\/close-up-mechanic-working-600x400.jpg 600w\" sizes=\"auto, (max-width: 2560px) 100vw, 2560px\" \/><\/figure>\n\n<div style=\"height:14px\" aria-hidden=\"true\" class=\"wp-block-spacer\"><\/div>\n\n<h3 class=\"wp-block-heading has-text-align-center has-neve-text-color-color has-text-color\">Instala\u00e7\u00e3o de canaliza\u00e7\u00f5es<\/h3>\n\n<div style=\"height:20px\" aria-hidden=\"true\" class=\"wp-block-spacer\"><\/div><\/div>\n\n<div class=\"wp-block-column is-vertically-aligned-center is-layout-flow wp-block-column-is-layout-flow\" style=\"padding-right:var(--wp--preset--spacing--30);padding-left:var(--wp--preset--spacing--30);flex-basis:50%\"><figure class=\"wp-block-image size-full has-custom-border\"><img loading=\"lazy\" decoding=\"async\" width=\"2000\" height=\"1333\" src=\"https:\/\/electricidadeaguas.pt\/wp-content\/uploads\/2025\/03\/man-electrical-technician-working-switchboard-with-fuses-uses-tablet-1-2.jpg\" alt=\"\" class=\"has-border-color has-neve-link-hover-color-border-color wp-image-280\" style=\"border-width:4px;border-radius:24px\" srcset=\"https:\/\/electricidadeaguas.pt\/wp-content\/uploads\/2025\/03\/man-electrical-technician-working-switchboard-with-fuses-uses-tablet-1-2.jpg 2000w, https:\/\/electricidadeaguas.pt\/wp-content\/uploads\/2025\/03\/man-electrical-technician-working-switchboard-with-fuses-uses-tablet-1-2-600x400.jpg 600w, https:\/\/electricidadeaguas.pt\/wp-content\/uploads\/2025\/03\/man-electrical-technician-working-switchboard-with-fuses-uses-tablet-1-2-300x200.jpg 300w, https:\/\/electricidadeaguas.pt\/wp-content\/uploads\/2025\/03\/man-electrical-technician-working-switchboard-with-fuses-uses-tablet-1-2-1024x682.jpg 1024w, https:\/\/electricidadeaguas.pt\/wp-content\/uploads\/2025\/03\/man-electrical-technician-working-switchboard-with-fuses-uses-tablet-1-2-768x512.jpg 768w, https:\/\/electricidadeaguas.pt\/wp-content\/uploads\/2025\/03\/man-electrical-technician-working-switchboard-with-fuses-uses-tablet-1-2-1536x1024.jpg 1536w, https:\/\/electricidadeaguas.pt\/wp-content\/uploads\/2025\/03\/man-electrical-technician-working-switchboard-with-fuses-uses-tablet-1-2-930x620.jpg 930w\" sizes=\"auto, (max-width: 2000px) 100vw, 2000px\" \/><\/figure>\n\n<div style=\"height:14px\" aria-hidden=\"true\" class=\"wp-block-spacer\"><\/div>\n\n<h3 class=\"wp-block-heading has-text-align-center has-neve-text-color-color has-text-color\">Aquecimento e esquentadores<\/h3>\n\n<div style=\"height:20px\" aria-hidden=\"true\" class=\"wp-block-spacer\"><\/div><\/div><\/div><\/div><\/div><div class=\"wp-block-cover alignfull\" style=\"min-height:300px;aspect-ratio:unset;\"><span aria-hidden=\"true\" class=\"wp-block-cover__background has-neve-link-hover-color-background-color has-background-dim-100 has-background-dim\"><\/span><div class=\"wp-block-cover__inner-container is-layout-flow wp-block-cover-is-layout-flow\"><div style=\"height:14px\" aria-hidden=\"true\" class=\"wp-block-spacer\"><\/div>\n\n<div class=\"wp-block-columns is-layout-flex wp-container-core-columns-is-layout-9d6595d7 wp-block-columns-is-layout-flex\"><div class=\"wp-block-column is-layout-flow wp-block-column-is-layout-flow\" style=\"flex-basis:20%\"><\/div>\n\n<div class=\"wp-block-column is-layout-flow wp-block-column-is-layout-flow\" style=\"flex-basis:60%\"><div class=\"wp-block-group\"><div class=\"wp-block-group__inner-container is-layout-constrained wp-block-group-is-layout-constrained\"><h2 class=\"wp-block-heading has-text-align-center has-nv-text-dark-bg-color has-text-color\">Vamos trabalhar juntos, contacte-nos ao clicar no bot\u00e3o abaixo!<\/h2>\n\n<div class=\"wp-block-buttons is-horizontal is-content-justification-center is-layout-flex wp-container-core-buttons-is-layout-499968f5 wp-block-buttons-is-layout-flex\"><div class=\"wp-block-button is-style-primary\"><a class=\"wp-block-button__link has-neve-link-color-color has-text-color has-background has-link-color wp-element-button\" href=\"https:\/\/electricidadeaguas.pt\/?page_id=5212\" style=\"background-color:#ffffff\">Contacte-nos<\/a><\/div><\/div><\/div><\/div><\/div>\n\n<div class=\"wp-block-column is-layout-flow wp-block-column-is-layout-flow\" style=\"flex-basis:20%\"><\/div><\/div>\n\n<div style=\"height:14px\" aria-hidden=\"true\" class=\"wp-block-spacer\"><\/div><\/div><\/div>","protected":false},"excerpt":{"rendered":"","protected":false},"author":1,"featured_media":0,"parent":0,"menu_order":0,"comment_status":"closed","ping_status":"closed","template":"","meta":{"neve_meta_sidebar":"","neve_meta_container":"","neve_meta_enable_content_width":"on","neve_meta_content_width":100,"neve_meta_title_alignment":"","neve_meta_author_avatar":"","neve_post_elements_order":"","neve_meta_disable_header":"","neve_meta_disable_footer":"on","neve_meta_disable_title":"on","footnotes":""},"class_list":["post-321","page","type-page","status-publish","hentry"],"jetpack_sharing_enabled":true,"_links":{"self":[{"href":"https:\/\/electricidadeaguas.pt\/index.php?rest_route=\/wp\/v2\/pages\/321","targetHints":{"allow":["GET"]}}],"collection":[{"href":"https:\/\/electricidadeaguas.pt\/index.php?rest_route=\/wp\/v2\/pages"}],"about":[{"href":"https:\/\/electricidadeaguas.pt\/index.php?rest_route=\/wp\/v2\/types\/page"}],"author":[{"embeddable":true,"href":"https:\/\/electricidadeaguas.pt\/index.php?rest_route=\/wp\/v2\/users\/1"}],"replies":[{"embeddable":true,"href":"https:\/\/electricidadeaguas.pt\/index.php?rest_route=%2Fwp%2Fv2%2Fcomments&post=321"}],"version-history":[{"count":18,"href":"https:\/\/electricidadeaguas.pt\/index.php?rest_route=\/wp\/v2\/pages\/321\/revisions"}],"predecessor-version":[{"id":5242,"href":"https:\/\/electricidadeaguas.pt\/index.php?rest_route=\/wp\/v2\/pages\/321\/revisions\/5242"}],"wp:attachment":[{"href":"https:\/\/electricidadeaguas.pt\/index.php?rest_route=%2Fwp%2Fv2%2Fmedia&parent=321"}],"curies":[{"name":"wp","href":"https:\/\/api.w.org\/{rel}","templated":true}]}}