{"id":9,"date":"2025-03-20T11:40:46","date_gmt":"2025-03-20T11:40:46","guid":{"rendered":"https:\/\/electricidadeaguas.pt\/?page_id=9"},"modified":"2025-05-12T07:25:24","modified_gmt":"2025-05-12T07:25:24","slug":"about","status":"publish","type":"page","link":"https:\/\/electricidadeaguas.pt\/?page_id=9","title":{"rendered":"Sobre n\u00f3s"},"content":{"rendered":"<div class=\"wp-block-cover alignfull is-light\" style=\"min-height:600px;aspect-ratio:unset;\"><span aria-hidden=\"true\" class=\"wp-block-cover__background has-background-dim-100 has-background-dim\" style=\"background-color:#e7e6e6\"><\/span><div class=\"wp-block-cover__inner-container is-layout-flow wp-block-cover-is-layout-flow\"><div class=\"wp-block-group\"><div class=\"wp-block-group__inner-container is-layout-flow wp-block-group-is-layout-flow\"><div style=\"height:64px\" aria-hidden=\"true\" class=\"wp-block-spacer\"><\/div>\n\n<div class=\"wp-block-columns has-neve-text-color-color has-text-color is-layout-flex wp-container-core-columns-is-layout-9d6595d7 wp-block-columns-is-layout-flex\"><div class=\"wp-block-column is-vertically-aligned-top is-layout-flow wp-block-column-is-layout-flow\" style=\"padding-right:var(--wp--preset--spacing--30);padding-left:var(--wp--preset--spacing--30);flex-basis:50%\"><figure class=\"wp-block-image size-full is-resized has-custom-border\"><img loading=\"lazy\" decoding=\"async\" width=\"1200\" height=\"1203\" src=\"https:\/\/electricidadeaguas.pt\/wp-content\/uploads\/2025\/03\/pngwing.com-6.png\" alt=\"\" class=\"wp-image-120\" style=\"border-radius:16px;width:498px;height:auto\" srcset=\"https:\/\/electricidadeaguas.pt\/wp-content\/uploads\/2025\/03\/pngwing.com-6.png 1200w, https:\/\/electricidadeaguas.pt\/wp-content\/uploads\/2025\/03\/pngwing.com-6-300x300.png 300w, https:\/\/electricidadeaguas.pt\/wp-content\/uploads\/2025\/03\/pngwing.com-6-100x100.png 100w, https:\/\/electricidadeaguas.pt\/wp-content\/uploads\/2025\/03\/pngwing.com-6-600x602.png 600w, https:\/\/electricidadeaguas.pt\/wp-content\/uploads\/2025\/03\/pngwing.com-6-1021x1024.png 1021w, https:\/\/electricidadeaguas.pt\/wp-content\/uploads\/2025\/03\/pngwing.com-6-150x150.png 150w, https:\/\/electricidadeaguas.pt\/wp-content\/uploads\/2025\/03\/pngwing.com-6-768x770.png 768w\" sizes=\"auto, (max-width: 1200px) 100vw, 1200px\" \/><\/figure><\/div>\n\n<div class=\"wp-block-column is-vertically-aligned-center is-layout-flow wp-block-column-is-layout-flow\" style=\"padding-top:0;padding-right:var(--wp--preset--spacing--30);padding-bottom:0;padding-left:var(--wp--preset--spacing--30);flex-basis:50%\"><h2 class=\"wp-block-heading has-neve-text-color-color has-text-color\" style=\"font-size:50px\">A nossa hist\u00f3ria<\/h2>\n\n<p class=\"has-neve-text-color-color has-text-color\" style=\"font-size:20px\">A <strong>Eletricidade e \u00c1guas<\/strong>, fundada por <strong>Rui Manuel da Fonseca e Silva<\/strong>, tem uma trajet\u00f3ria de mais de <strong>34 anos<\/strong> de experi\u00eancia no setor el\u00e9trico e de canaliza\u00e7\u00f5es.<\/p>\n\n<p class=\"has-neve-text-color-color has-text-color\" style=\"font-size:20px\">A paix\u00e3o pela eletricidade levou Rui Manuel a especializar-se na \u00e1rea, tornando-se uma refer\u00eancia no concelho de <strong>Salvaterra de Magos<\/strong> e em todo o Ribatejo.<\/p>\n\n<p style=\"font-size:20px\">Inicialmente focada em eletricidade e canaliza\u00e7\u00f5es, a empresa evoluiu para atuar fortemente em <strong>energias renov\u00e1veis<\/strong>, oferecendo solu\u00e7\u00f5es sustent\u00e1veis para os seus clientes.<\/p><\/div><\/div><\/div><\/div><\/div><\/div><div class=\"wp-block-cover alignfull\" style=\"min-height:600px;aspect-ratio:unset;\"><span aria-hidden=\"true\" class=\"wp-block-cover__background has-nv-dark-bg-background-color has-background-dim-100 has-background-dim\"><\/span><div class=\"wp-block-cover__inner-container is-layout-flow wp-block-cover-is-layout-flow\"><div class=\"wp-block-group\"><div class=\"wp-block-group__inner-container is-layout-flow wp-block-group-is-layout-flow\"><div style=\"height:80px\" aria-hidden=\"true\" class=\"wp-block-spacer\"><\/div>\n\n<div class=\"wp-block-columns are-vertically-aligned-center is-layout-flex wp-container-core-columns-is-layout-9d6595d7 wp-block-columns-is-layout-flex\"><div class=\"wp-block-column is-vertically-aligned-center is-layout-flow wp-block-column-is-layout-flow\" style=\"padding-right:var(--wp--preset--spacing--30);padding-left:var(--wp--preset--spacing--30);flex-basis:50%\"><h2 class=\"wp-block-heading has-nv-text-dark-bg-color has-text-color\" style=\"font-size:50px\">Miss\u00e3o<\/h2>\n\n<p class=\"has-nv-text-dark-bg-color has-text-color\" style=\"font-size:20px\">Proporcionar <strong>solu\u00e7\u00f5es eficientes e sustent\u00e1veis<\/strong> em eletricidade e canaliza\u00e7\u00f5es, garantindo a satisfa\u00e7\u00e3o dos clientes atrav\u00e9s de um servi\u00e7o de qualidade, confi\u00e1vel e inovador.<\/p>\n\n<p style=\"font-size:20px\">Querendo assim ser reconhecida como uma empresa de <strong>refer\u00eancia em eletricidade, canaliza\u00e7\u00f5es e energias renov\u00e1veis<\/strong>, destacando-se pela inova\u00e7\u00e3o, profissionalismo e compromisso com a sustentabilidade.<\/p>\n\n<p style=\"font-size:20px\">Com mais de 34 anos de experi\u00eancia, oferecemos um servi\u00e7o confi\u00e1vel e personalizado em eletricidade, canaliza\u00e7\u00f5es e energias renov\u00e1veis, com especializa\u00e7\u00e3o em pain\u00e9is fotovoltaicos e t\u00e9rmicos, atuando em todo o pa\u00eds, especialmente no Ribatejo.<\/p>\n\n<div style=\"height:20px\" aria-hidden=\"true\" class=\"wp-block-spacer\"><\/div><\/div>\n\n<div class=\"wp-block-column is-vertically-aligned-center is-layout-flow wp-block-column-is-layout-flow\" style=\"padding-right:var(--wp--preset--spacing--30);padding-left:var(--wp--preset--spacing--30);flex-basis:50%\"><figure class=\"wp-block-image size-full has-custom-border\"><img loading=\"lazy\" decoding=\"async\" width=\"1400\" height=\"1600\" src=\"https:\/\/electricidadeaguas.pt\/wp-content\/uploads\/2025\/03\/pngwing.com-7.png\" alt=\"\" class=\"wp-image-121\" style=\"border-radius:16px\" srcset=\"https:\/\/electricidadeaguas.pt\/wp-content\/uploads\/2025\/03\/pngwing.com-7.png 1400w, https:\/\/electricidadeaguas.pt\/wp-content\/uploads\/2025\/03\/pngwing.com-7-600x686.png 600w, https:\/\/electricidadeaguas.pt\/wp-content\/uploads\/2025\/03\/pngwing.com-7-263x300.png 263w, https:\/\/electricidadeaguas.pt\/wp-content\/uploads\/2025\/03\/pngwing.com-7-896x1024.png 896w, https:\/\/electricidadeaguas.pt\/wp-content\/uploads\/2025\/03\/pngwing.com-7-768x878.png 768w, https:\/\/electricidadeaguas.pt\/wp-content\/uploads\/2025\/03\/pngwing.com-7-1344x1536.png 1344w\" sizes=\"auto, (max-width: 1400px) 100vw, 1400px\" \/><\/figure><\/div><\/div>\n\n<div style=\"height:40px\" aria-hidden=\"true\" class=\"wp-block-spacer\"><\/div><\/div><\/div><\/div><\/div><div class=\"wp-block-cover alignfull is-light\" style=\"min-height:382px;aspect-ratio:unset;\"><span aria-hidden=\"true\" class=\"wp-block-cover__background has-background-dim-100 has-background-dim\" style=\"background-color:#e7e6e6\"><\/span><div class=\"wp-block-cover__inner-container is-layout-flow wp-block-cover-is-layout-flow\"><div class=\"wp-block-columns is-layout-flex wp-container-core-columns-is-layout-9d6595d7 wp-block-columns-is-layout-flex\"><div class=\"wp-block-column ticss-4ce656f1 is-layout-flow wp-block-column-is-layout-flow\" style=\"padding-right:var(--wp--preset--spacing--30);padding-left:var(--wp--preset--spacing--30)\"><div style=\"height:24px\" aria-hidden=\"true\" class=\"wp-block-spacer\"><\/div>\n\n<h3 class=\"wp-block-heading has-text-align-center has-neve-text-color-color has-text-color\" style=\"font-size:35px\">Honestidade<\/h3>\n\n<p class=\"has-text-align-center has-neve-text-color-color has-text-color\" style=\"font-size:18px\">Trabalhamos com transpar\u00eancia e \u00e9tica em todas as nossas a\u00e7\u00f5es.<\/p>\n\n<div style=\"height:20px\" aria-hidden=\"true\" class=\"wp-block-spacer\"><\/div><\/div>\n\n<div class=\"wp-block-column ticss-f6fc7494 is-layout-flow wp-block-column-is-layout-flow\" style=\"padding-right:var(--wp--preset--spacing--30);padding-left:var(--wp--preset--spacing--30)\"><div style=\"height:24px\" aria-hidden=\"true\" class=\"wp-block-spacer\"><\/div>\n\n<h3 class=\"wp-block-heading has-text-align-center has-neve-text-color-color has-text-color\" style=\"font-size:35px\">Qualidade<\/h3>\n\n<p class=\"has-text-align-center has-neve-text-color-color has-text-color\">Garantimos um servi\u00e7o de alto n\u00edvel, sempre focado nas melhores solu\u00e7\u00f5es.<\/p>\n\n<div style=\"height:20px\" aria-hidden=\"true\" class=\"wp-block-spacer\"><\/div><\/div>\n\n<div class=\"wp-block-column ticss-a5b4df29 is-layout-flow wp-block-column-is-layout-flow\" style=\"padding-right:var(--wp--preset--spacing--30);padding-left:var(--wp--preset--spacing--30)\"><div style=\"height:24px\" aria-hidden=\"true\" class=\"wp-block-spacer\"><\/div>\n\n<h3 class=\"wp-block-heading has-text-align-center has-neve-text-color-color has-text-color\" style=\"font-size:35px\">Compromisso<\/h3>\n\n<p class=\"has-text-align-center has-neve-text-color-color has-text-color\">Constru\u00edmos rela\u00e7\u00f5es de confian\u00e7a com os clientes, com respeito e responsabilidade.<\/p>\n\n<div style=\"height:20px\" aria-hidden=\"true\" class=\"wp-block-spacer\"><\/div><\/div><\/div><\/div><\/div>","protected":false},"excerpt":{"rendered":"","protected":false},"author":1,"featured_media":0,"parent":0,"menu_order":0,"comment_status":"closed","ping_status":"closed","template":"","meta":{"neve_meta_sidebar":"","neve_meta_container":"","neve_meta_enable_content_width":"on","neve_meta_content_width":100,"neve_meta_title_alignment":"","neve_meta_author_avatar":"","neve_post_elements_order":"","neve_meta_disable_header":"","neve_meta_disable_footer":"on","neve_meta_disable_title":"on","footnotes":""},"class_list":["post-9","page","type-page","status-publish","hentry"],"jetpack_sharing_enabled":true,"_links":{"self":[{"href":"https:\/\/electricidadeaguas.pt\/index.php?rest_route=\/wp\/v2\/pages\/9","targetHints":{"allow":["GET"]}}],"collection":[{"href":"https:\/\/electricidadeaguas.pt\/index.php?rest_route=\/wp\/v2\/pages"}],"about":[{"href":"https:\/\/electricidadeaguas.pt\/index.php?rest_route=\/wp\/v2\/types\/page"}],"author":[{"embeddable":true,"href":"https:\/\/electricidadeaguas.pt\/index.php?rest_route=\/wp\/v2\/users\/1"}],"replies":[{"embeddable":true,"href":"https:\/\/electricidadeaguas.pt\/index.php?rest_route=%2Fwp%2Fv2%2Fcomments&post=9"}],"version-history":[{"count":36,"href":"https:\/\/electricidadeaguas.pt\/index.php?rest_route=\/wp\/v2\/pages\/9\/revisions"}],"predecessor-version":[{"id":255,"href":"https:\/\/electricidadeaguas.pt\/index.php?rest_route=\/wp\/v2\/pages\/9\/revisions\/255"}],"wp:attachment":[{"href":"https:\/\/electricidadeaguas.pt\/index.php?rest_route=%2Fwp%2Fv2%2Fmedia&parent=9"}],"curies":[{"name":"wp","href":"https:\/\/api.w.org\/{rel}","templated":true}]}}