{"id":434,"date":"2025-03-24T08:53:23","date_gmt":"2025-03-24T08:53:23","guid":{"rendered":"https:\/\/electricidadeaguas.pt\/?post_type=product&#038;p=434"},"modified":"2025-03-24T10:45:31","modified_gmt":"2025-03-24T10:45:31","slug":"catalogo-abb-free-at-home","status":"publish","type":"product","link":"https:\/\/electricidadeaguas.pt\/?product=catalogo-abb-free-at-home","title":{"rendered":"Cat\u00e1logo ABB &#8211; free-at-home"},"content":{"rendered":"<p>O sistema <strong data-start=\"149\" data-end=\"166\">ABB Free@Home<\/strong> revoluciona a forma como controlamos a ilumina\u00e7\u00e3o, estores, climatiza\u00e7\u00e3o, seguran\u00e7a e muito mais. Com este cat\u00e1logo, descubra todas as solu\u00e7\u00f5es inovadoras para tornar a sua casa mais inteligente, eficiente e confort\u00e1vel.<\/p>\n<p>Clique em baixo para aceder ao cat\u00e1logo.<\/p>\n<p><a href=\"http:\/\/electricidadeaguas.pt\/wp-content\/uploads\/2025\/03\/Catalogo-ABB-free-at-home-pt.pdf\">Catalogo-ABB-free-at-home-pt<\/a><\/p>\n","protected":false},"excerpt":{"rendered":"<p>O sistema ABB Free@Home revoluciona a forma como controlamos a ilumina\u00e7\u00e3o, estores, climatiza\u00e7\u00e3o, seguran\u00e7a e muito mais. Com este cat\u00e1logo, descubra todas as solu\u00e7\u00f5es inovadoras para tornar a sua casa mais inteligente, eficiente e confort\u00e1vel. Clique em baixo para aceder ao cat\u00e1logo. Catalogo-ABB-free-at-home-pt<\/p>\n","protected":false},"featured_media":463,"comment_status":"open","ping_status":"closed","template":"","meta":{"neve_meta_sidebar":"","neve_meta_container":"","neve_meta_enable_content_width":"off","neve_meta_content_width":100,"neve_meta_title_alignment":"","neve_meta_author_avatar":"","neve_post_elements_order":"","neve_meta_disable_header":"","neve_meta_disable_footer":"","neve_meta_disable_title":""},"product_brand":[],"product_cat":[18],"product_tag":[],"class_list":{"0":"post-434","1":"product","2":"type-product","3":"status-publish","4":"has-post-thumbnail","6":"product_cat-abb","8":"first","9":"instock","10":"virtual","11":"product-type-simple"},"jetpack_sharing_enabled":true,"_links":{"self":[{"href":"https:\/\/electricidadeaguas.pt\/index.php?rest_route=\/wp\/v2\/product\/434","targetHints":{"allow":["GET"]}}],"collection":[{"href":"https:\/\/electricidadeaguas.pt\/index.php?rest_route=\/wp\/v2\/product"}],"about":[{"href":"https:\/\/electricidadeaguas.pt\/index.php?rest_route=\/wp\/v2\/types\/product"}],"replies":[{"embeddable":true,"href":"https:\/\/electricidadeaguas.pt\/index.php?rest_route=%2Fwp%2Fv2%2Fcomments&post=434"}],"wp:featuredmedia":[{"embeddable":true,"href":"https:\/\/electricidadeaguas.pt\/index.php?rest_route=\/wp\/v2\/media\/463"}],"wp:attachment":[{"href":"https:\/\/electricidadeaguas.pt\/index.php?rest_route=%2Fwp%2Fv2%2Fmedia&parent=434"}],"wp:term":[{"taxonomy":"product_brand","embeddable":true,"href":"https:\/\/electricidadeaguas.pt\/index.php?rest_route=%2Fwp%2Fv2%2Fproduct_brand&post=434"},{"taxonomy":"product_cat","embeddable":true,"href":"https:\/\/electricidadeaguas.pt\/index.php?rest_route=%2Fwp%2Fv2%2Fproduct_cat&post=434"},{"taxonomy":"product_tag","embeddable":true,"href":"https:\/\/electricidadeaguas.pt\/index.php?rest_route=%2Fwp%2Fv2%2Fproduct_tag&post=434"}],"curies":[{"name":"wp","href":"https:\/\/api.w.org\/{rel}","templated":true}]}}