{"id":438,"date":"2025-03-24T08:57:52","date_gmt":"2025-03-24T08:57:52","guid":{"rendered":"https:\/\/electricidadeaguas.pt\/?post_type=product&#038;p=438"},"modified":"2025-03-24T10:59:30","modified_gmt":"2025-03-24T10:59:30","slug":"catalogo-abb-i-bus","status":"publish","type":"product","link":"https:\/\/electricidadeaguas.pt\/?product=catalogo-abb-i-bus","title":{"rendered":"Cat\u00e1logo ABB &#8211; i-bus"},"content":{"rendered":"<p>O sistema <strong data-start=\"154\" data-end=\"172\">ABB i-Bus\u00ae KNX<\/strong> \u00e9 uma solu\u00e7\u00e3o de automa\u00e7\u00e3o de edif\u00edcios baseada no padr\u00e3o global KNX, permitindo o controlo inteligente de ilumina\u00e7\u00e3o, climatiza\u00e7\u00e3o, seguran\u00e7a, gest\u00e3o de energia e muito mais.<\/p>\n<p>Clique em baixo para ter acesso.<\/p>\n<p><a href=\"http:\/\/electricidadeaguas.pt\/wp-content\/uploads\/2025\/03\/Catalogo-ABB-i-bus-knx-2016.pdf\">Catalogo-ABB-i-bus-knx-2016<\/a><\/p>\n","protected":false},"excerpt":{"rendered":"<p>O sistema ABB i-Bus\u00ae KNX \u00e9 uma solu\u00e7\u00e3o de automa\u00e7\u00e3o de edif\u00edcios baseada no padr\u00e3o global KNX, permitindo o controlo inteligente de ilumina\u00e7\u00e3o, climatiza\u00e7\u00e3o, seguran\u00e7a, gest\u00e3o de energia e muito mais. Clique em baixo para ter acesso. Catalogo-ABB-i-bus-knx-2016<\/p>\n","protected":false},"featured_media":464,"comment_status":"open","ping_status":"closed","template":"","meta":{"neve_meta_sidebar":"","neve_meta_container":"","neve_meta_enable_content_width":"off","neve_meta_content_width":100,"neve_meta_title_alignment":"","neve_meta_author_avatar":"","neve_post_elements_order":"","neve_meta_disable_header":"","neve_meta_disable_footer":"","neve_meta_disable_title":""},"product_brand":[],"product_cat":[18],"product_tag":[],"class_list":{"0":"post-438","1":"product","2":"type-product","3":"status-publish","4":"has-post-thumbnail","6":"product_cat-abb","8":"first","9":"instock","10":"virtual","11":"product-type-simple"},"jetpack_sharing_enabled":true,"_links":{"self":[{"href":"https:\/\/electricidadeaguas.pt\/index.php?rest_route=\/wp\/v2\/product\/438","targetHints":{"allow":["GET"]}}],"collection":[{"href":"https:\/\/electricidadeaguas.pt\/index.php?rest_route=\/wp\/v2\/product"}],"about":[{"href":"https:\/\/electricidadeaguas.pt\/index.php?rest_route=\/wp\/v2\/types\/product"}],"replies":[{"embeddable":true,"href":"https:\/\/electricidadeaguas.pt\/index.php?rest_route=%2Fwp%2Fv2%2Fcomments&post=438"}],"wp:featuredmedia":[{"embeddable":true,"href":"https:\/\/electricidadeaguas.pt\/index.php?rest_route=\/wp\/v2\/media\/464"}],"wp:attachment":[{"href":"https:\/\/electricidadeaguas.pt\/index.php?rest_route=%2Fwp%2Fv2%2Fmedia&parent=438"}],"wp:term":[{"taxonomy":"product_brand","embeddable":true,"href":"https:\/\/electricidadeaguas.pt\/index.php?rest_route=%2Fwp%2Fv2%2Fproduct_brand&post=438"},{"taxonomy":"product_cat","embeddable":true,"href":"https:\/\/electricidadeaguas.pt\/index.php?rest_route=%2Fwp%2Fv2%2Fproduct_cat&post=438"},{"taxonomy":"product_tag","embeddable":true,"href":"https:\/\/electricidadeaguas.pt\/index.php?rest_route=%2Fwp%2Fv2%2Fproduct_tag&post=438"}],"curies":[{"name":"wp","href":"https:\/\/api.w.org\/{rel}","templated":true}]}}