{"id":441,"date":"2025-03-24T09:02:43","date_gmt":"2025-03-24T09:02:43","guid":{"rendered":"https:\/\/electricidadeaguas.pt\/?post_type=product&#038;p=441"},"modified":"2025-03-24T11:01:35","modified_gmt":"2025-03-24T11:01:35","slug":"catalogo-abb-carregadores-electricos","status":"publish","type":"product","link":"https:\/\/electricidadeaguas.pt\/?product=catalogo-abb-carregadores-electricos","title":{"rendered":"Cat\u00e1logo ABB &#8211; Carregadores El\u00e9ctricos"},"content":{"rendered":"<p>A ABB \u00e9 l\u00edder global em solu\u00e7\u00f5es de carregamento para ve\u00edculos el\u00e9tricos, oferecendo tecnologias inovadoras para uso dom\u00e9stico, empresarial e p\u00fablico. Com carregadores r\u00e1pidos e eficientes, garantimos a melhor experi\u00eancia para utilizadores e operadores de mobilidade el\u00e9trica.<\/p>\n<p>Para ter acesso a este clique em baixo.<\/p>\n<p><a href=\"http:\/\/electricidadeaguas.pt\/wp-content\/uploads\/2025\/03\/Catalogo-Carregadores-Electricos-ABB-1.pdf\">Catalogo-Carregadores-Electricos-ABB-1<\/a><\/p>\n","protected":false},"excerpt":{"rendered":"<p>A ABB \u00e9 l\u00edder global em solu\u00e7\u00f5es de carregamento para ve\u00edculos el\u00e9tricos, oferecendo tecnologias inovadoras para uso dom\u00e9stico, empresarial e p\u00fablico. Com carregadores r\u00e1pidos e eficientes, garantimos a melhor experi\u00eancia para utilizadores e operadores de mobilidade el\u00e9trica. Para ter acesso a este clique em baixo. Catalogo-Carregadores-Electricos-ABB-1<\/p>\n","protected":false},"featured_media":465,"comment_status":"open","ping_status":"closed","template":"","meta":{"neve_meta_sidebar":"","neve_meta_container":"","neve_meta_enable_content_width":"off","neve_meta_content_width":100,"neve_meta_title_alignment":"","neve_meta_author_avatar":"","neve_post_elements_order":"","neve_meta_disable_header":"","neve_meta_disable_footer":"","neve_meta_disable_title":""},"product_brand":[],"product_cat":[18],"product_tag":[],"class_list":{"0":"post-441","1":"product","2":"type-product","3":"status-publish","4":"has-post-thumbnail","6":"product_cat-abb","8":"first","9":"instock","10":"virtual","11":"product-type-simple"},"jetpack_sharing_enabled":true,"_links":{"self":[{"href":"https:\/\/electricidadeaguas.pt\/index.php?rest_route=\/wp\/v2\/product\/441","targetHints":{"allow":["GET"]}}],"collection":[{"href":"https:\/\/electricidadeaguas.pt\/index.php?rest_route=\/wp\/v2\/product"}],"about":[{"href":"https:\/\/electricidadeaguas.pt\/index.php?rest_route=\/wp\/v2\/types\/product"}],"replies":[{"embeddable":true,"href":"https:\/\/electricidadeaguas.pt\/index.php?rest_route=%2Fwp%2Fv2%2Fcomments&post=441"}],"wp:featuredmedia":[{"embeddable":true,"href":"https:\/\/electricidadeaguas.pt\/index.php?rest_route=\/wp\/v2\/media\/465"}],"wp:attachment":[{"href":"https:\/\/electricidadeaguas.pt\/index.php?rest_route=%2Fwp%2Fv2%2Fmedia&parent=441"}],"wp:term":[{"taxonomy":"product_brand","embeddable":true,"href":"https:\/\/electricidadeaguas.pt\/index.php?rest_route=%2Fwp%2Fv2%2Fproduct_brand&post=441"},{"taxonomy":"product_cat","embeddable":true,"href":"https:\/\/electricidadeaguas.pt\/index.php?rest_route=%2Fwp%2Fv2%2Fproduct_cat&post=441"},{"taxonomy":"product_tag","embeddable":true,"href":"https:\/\/electricidadeaguas.pt\/index.php?rest_route=%2Fwp%2Fv2%2Fproduct_tag&post=441"}],"curies":[{"name":"wp","href":"https:\/\/api.w.org\/{rel}","templated":true}]}}