{"id":446,"date":"2025-03-24T09:19:51","date_gmt":"2025-03-24T09:19:51","guid":{"rendered":"https:\/\/electricidadeaguas.pt\/?post_type=product&#038;p=446"},"modified":"2025-03-24T11:08:46","modified_gmt":"2025-03-24T11:08:46","slug":"catalogo-abb-sistemas-de-comunicacao","status":"publish","type":"product","link":"https:\/\/electricidadeaguas.pt\/?product=catalogo-abb-sistemas-de-comunicacao","title":{"rendered":"Cat\u00e1logo ABB &#8211; Sistemas de Comunica\u00e7\u00e3o"},"content":{"rendered":"<p>Oferece sistemas de comunica\u00e7\u00e3o avan\u00e7ados para automa\u00e7\u00e3o e controle industrial, como solu\u00e7\u00f5es para redes de comunica\u00e7\u00e3o em sistemas el\u00e9tricos, controle remoto, monitoramento e gest\u00e3o de energia. Esses sistemas s\u00e3o projetados para melhorar a efici\u00eancia, seguran\u00e7a e a interoperabilidade entre dispositivos em instala\u00e7\u00f5es industriais e de infraestrutura.<\/p>\n<p>Explore ao clicar abaixo.<\/p>\n<p><a href=\"http:\/\/electricidadeaguas.pt\/wp-content\/uploads\/2025\/03\/Catalogo-sistema-de-comunicacao-welcome.pdf\">Catalogo-sistema-de-comunicacao-welcome<\/a><\/p>\n","protected":false},"excerpt":{"rendered":"<p>Oferece sistemas de comunica\u00e7\u00e3o avan\u00e7ados para automa\u00e7\u00e3o e controle industrial, como solu\u00e7\u00f5es para redes de comunica\u00e7\u00e3o em sistemas el\u00e9tricos, controle remoto, monitoramento e gest\u00e3o de energia. Esses sistemas s\u00e3o projetados para melhorar a efici\u00eancia, seguran\u00e7a e a interoperabilidade entre dispositivos em instala\u00e7\u00f5es industriais e de infraestrutura. Explore ao clicar abaixo. Catalogo-sistema-de-comunicacao-welcome<\/p>\n","protected":false},"featured_media":467,"comment_status":"open","ping_status":"closed","template":"","meta":{"neve_meta_sidebar":"","neve_meta_container":"","neve_meta_enable_content_width":"off","neve_meta_content_width":100,"neve_meta_title_alignment":"","neve_meta_author_avatar":"","neve_post_elements_order":"","neve_meta_disable_header":"","neve_meta_disable_footer":"","neve_meta_disable_title":""},"product_brand":[],"product_cat":[18],"product_tag":[],"class_list":{"0":"post-446","1":"product","2":"type-product","3":"status-publish","4":"has-post-thumbnail","6":"product_cat-abb","8":"first","9":"instock","10":"virtual","11":"product-type-simple"},"jetpack_sharing_enabled":true,"_links":{"self":[{"href":"https:\/\/electricidadeaguas.pt\/index.php?rest_route=\/wp\/v2\/product\/446","targetHints":{"allow":["GET"]}}],"collection":[{"href":"https:\/\/electricidadeaguas.pt\/index.php?rest_route=\/wp\/v2\/product"}],"about":[{"href":"https:\/\/electricidadeaguas.pt\/index.php?rest_route=\/wp\/v2\/types\/product"}],"replies":[{"embeddable":true,"href":"https:\/\/electricidadeaguas.pt\/index.php?rest_route=%2Fwp%2Fv2%2Fcomments&post=446"}],"wp:featuredmedia":[{"embeddable":true,"href":"https:\/\/electricidadeaguas.pt\/index.php?rest_route=\/wp\/v2\/media\/467"}],"wp:attachment":[{"href":"https:\/\/electricidadeaguas.pt\/index.php?rest_route=%2Fwp%2Fv2%2Fmedia&parent=446"}],"wp:term":[{"taxonomy":"product_brand","embeddable":true,"href":"https:\/\/electricidadeaguas.pt\/index.php?rest_route=%2Fwp%2Fv2%2Fproduct_brand&post=446"},{"taxonomy":"product_cat","embeddable":true,"href":"https:\/\/electricidadeaguas.pt\/index.php?rest_route=%2Fwp%2Fv2%2Fproduct_cat&post=446"},{"taxonomy":"product_tag","embeddable":true,"href":"https:\/\/electricidadeaguas.pt\/index.php?rest_route=%2Fwp%2Fv2%2Fproduct_tag&post=446"}],"curies":[{"name":"wp","href":"https:\/\/api.w.org\/{rel}","templated":true}]}}