{"id":472,"date":"2025-03-24T11:39:02","date_gmt":"2025-03-24T11:39:02","guid":{"rendered":"https:\/\/electricidadeaguas.pt\/?post_type=product&#038;p=472"},"modified":"2025-03-24T11:40:29","modified_gmt":"2025-03-24T11:40:29","slug":"catalogo-al-caixas-em-inox","status":"publish","type":"product","link":"https:\/\/electricidadeaguas.pt\/?product=catalogo-al-caixas-em-inox","title":{"rendered":"Cat\u00e1logo AL &#8211; Caixas em Inox"},"content":{"rendered":"<p>O <strong data-start=\"2\" data-end=\"32\">cat\u00e1logo de caixas em inox<\/strong> da <strong data-start=\"36\" data-end=\"79\">AL &#8211; F\u00e1brica de Material El\u00e9trico, S.A.<\/strong> apresenta uma linha de <strong data-start=\"103\" data-end=\"140\">caixas de prote\u00e7\u00e3o e distribui\u00e7\u00e3o<\/strong> fabricadas em <strong data-start=\"155\" data-end=\"173\">a\u00e7o inoxid\u00e1vel<\/strong>, projetadas para oferecer <strong data-start=\"200\" data-end=\"220\">alta resist\u00eancia<\/strong> \u00e0 corros\u00e3o, durabilidade e seguran\u00e7a em instala\u00e7\u00f5es el\u00e9tricas. Essas caixas s\u00e3o ideais para ambientes industriais e de dif\u00edcil acesso, onde a prote\u00e7\u00e3o do sistema el\u00e9trico \u00e9 essencial.<\/p>\n<p>Explore ao clicar em baixo.<\/p>\n<p><a href=\"http:\/\/electricidadeaguas.pt\/wp-content\/uploads\/2025\/03\/Folheto-Caixas-em-Inox.pdf\">Folheto-Caixas-em-Inox<\/a><\/p>\n","protected":false},"excerpt":{"rendered":"<p>O cat\u00e1logo de caixas em inox da AL &#8211; F\u00e1brica de Material El\u00e9trico, S.A. apresenta uma linha de caixas de prote\u00e7\u00e3o e distribui\u00e7\u00e3o fabricadas em a\u00e7o inoxid\u00e1vel, projetadas para oferecer alta resist\u00eancia \u00e0 corros\u00e3o, durabilidade e seguran\u00e7a em instala\u00e7\u00f5es el\u00e9tricas. Essas caixas s\u00e3o ideais para ambientes industriais e de dif\u00edcil acesso, onde a prote\u00e7\u00e3o do&hellip;&nbsp;<a href=\"https:\/\/electricidadeaguas.pt\/?product=catalogo-al-caixas-em-inox\" rel=\"bookmark\">Ler mais &raquo;<span class=\"screen-reader-text\">Cat\u00e1logo AL &#8211; Caixas em Inox<\/span><\/a><\/p>\n","protected":false},"featured_media":474,"comment_status":"open","ping_status":"closed","template":"","meta":{"neve_meta_sidebar":"","neve_meta_container":"","neve_meta_enable_content_width":"off","neve_meta_content_width":100,"neve_meta_title_alignment":"","neve_meta_author_avatar":"","neve_post_elements_order":"","neve_meta_disable_header":"","neve_meta_disable_footer":"","neve_meta_disable_title":""},"product_brand":[],"product_cat":[19],"product_tag":[],"class_list":{"0":"post-472","1":"product","2":"type-product","3":"status-publish","4":"has-post-thumbnail","6":"product_cat-al","8":"first","9":"instock","10":"virtual","11":"product-type-simple"},"jetpack_sharing_enabled":true,"_links":{"self":[{"href":"https:\/\/electricidadeaguas.pt\/index.php?rest_route=\/wp\/v2\/product\/472","targetHints":{"allow":["GET"]}}],"collection":[{"href":"https:\/\/electricidadeaguas.pt\/index.php?rest_route=\/wp\/v2\/product"}],"about":[{"href":"https:\/\/electricidadeaguas.pt\/index.php?rest_route=\/wp\/v2\/types\/product"}],"replies":[{"embeddable":true,"href":"https:\/\/electricidadeaguas.pt\/index.php?rest_route=%2Fwp%2Fv2%2Fcomments&post=472"}],"wp:featuredmedia":[{"embeddable":true,"href":"https:\/\/electricidadeaguas.pt\/index.php?rest_route=\/wp\/v2\/media\/474"}],"wp:attachment":[{"href":"https:\/\/electricidadeaguas.pt\/index.php?rest_route=%2Fwp%2Fv2%2Fmedia&parent=472"}],"wp:term":[{"taxonomy":"product_brand","embeddable":true,"href":"https:\/\/electricidadeaguas.pt\/index.php?rest_route=%2Fwp%2Fv2%2Fproduct_brand&post=472"},{"taxonomy":"product_cat","embeddable":true,"href":"https:\/\/electricidadeaguas.pt\/index.php?rest_route=%2Fwp%2Fv2%2Fproduct_cat&post=472"},{"taxonomy":"product_tag","embeddable":true,"href":"https:\/\/electricidadeaguas.pt\/index.php?rest_route=%2Fwp%2Fv2%2Fproduct_tag&post=472"}],"curies":[{"name":"wp","href":"https:\/\/api.w.org\/{rel}","templated":true}]}}