{"id":476,"date":"2025-03-24T11:56:13","date_gmt":"2025-03-24T11:56:13","guid":{"rendered":"https:\/\/electricidadeaguas.pt\/?post_type=product&#038;p=476"},"modified":"2025-04-01T10:56:47","modified_gmt":"2025-04-01T10:56:47","slug":"catalogo-alcobre-cabos-de-baixa-tensao","status":"publish","type":"product","link":"https:\/\/electricidadeaguas.pt\/?product=catalogo-alcobre-cabos-de-baixa-tensao","title":{"rendered":"Cat\u00e1logo Alcobre &#8211; Cabos de baixa tens\u00e3o"},"content":{"rendered":"<p>O <strong data-start=\"2\" data-end=\"50\">Cat\u00e1logo de Cabos de Baixa Tens\u00e3o da Alcobre<\/strong> apresenta uma ampla gama de <strong data-start=\"79\" data-end=\"105\">fios e cabos el\u00e9tricos<\/strong> projetados para garantir efici\u00eancia, seguran\u00e7a e durabilidade em instala\u00e7\u00f5es el\u00e9tricas de baixa tens\u00e3o. Esses cabos s\u00e3o utilizados em aplica\u00e7\u00f5es <strong data-start=\"251\" data-end=\"293\">residenciais, comerciais e industriais<\/strong>, seguindo rigorosos padr\u00f5es de qualidade e certifica\u00e7\u00e3o.<\/p>\n<p>Explore mais ao clicar abaixo.<\/p>\n<p><a href=\"http:\/\/electricidadeaguas.pt\/wp-content\/uploads\/2025\/03\/ALCOBRE-Catalogo-Geral-2024.pdf\">ALCOBRE-Catalogo-Geral-2024<\/a><\/p>\n","protected":false},"excerpt":{"rendered":"<p>O Cat\u00e1logo de Cabos de Baixa Tens\u00e3o da Alcobre apresenta uma ampla gama de fios e cabos el\u00e9tricos projetados para garantir efici\u00eancia, seguran\u00e7a e durabilidade em instala\u00e7\u00f5es el\u00e9tricas de baixa tens\u00e3o. Esses cabos s\u00e3o utilizados em aplica\u00e7\u00f5es residenciais, comerciais e industriais, seguindo rigorosos padr\u00f5es de qualidade e certifica\u00e7\u00e3o. Explore mais ao clicar abaixo. ALCOBRE-Catalogo-Geral-2024<\/p>\n","protected":false},"featured_media":478,"comment_status":"open","ping_status":"closed","template":"","meta":{"neve_meta_sidebar":"","neve_meta_container":"","neve_meta_enable_content_width":"off","neve_meta_content_width":100,"neve_meta_title_alignment":"","neve_meta_author_avatar":"","neve_post_elements_order":"","neve_meta_disable_header":"","neve_meta_disable_footer":"","neve_meta_disable_title":""},"product_brand":[],"product_cat":[20],"product_tag":[],"class_list":{"0":"post-476","1":"product","2":"type-product","3":"status-publish","4":"has-post-thumbnail","6":"product_cat-alcobre","8":"first","9":"instock","10":"virtual","11":"product-type-simple"},"jetpack_sharing_enabled":true,"_links":{"self":[{"href":"https:\/\/electricidadeaguas.pt\/index.php?rest_route=\/wp\/v2\/product\/476","targetHints":{"allow":["GET"]}}],"collection":[{"href":"https:\/\/electricidadeaguas.pt\/index.php?rest_route=\/wp\/v2\/product"}],"about":[{"href":"https:\/\/electricidadeaguas.pt\/index.php?rest_route=\/wp\/v2\/types\/product"}],"replies":[{"embeddable":true,"href":"https:\/\/electricidadeaguas.pt\/index.php?rest_route=%2Fwp%2Fv2%2Fcomments&post=476"}],"wp:featuredmedia":[{"embeddable":true,"href":"https:\/\/electricidadeaguas.pt\/index.php?rest_route=\/wp\/v2\/media\/478"}],"wp:attachment":[{"href":"https:\/\/electricidadeaguas.pt\/index.php?rest_route=%2Fwp%2Fv2%2Fmedia&parent=476"}],"wp:term":[{"taxonomy":"product_brand","embeddable":true,"href":"https:\/\/electricidadeaguas.pt\/index.php?rest_route=%2Fwp%2Fv2%2Fproduct_brand&post=476"},{"taxonomy":"product_cat","embeddable":true,"href":"https:\/\/electricidadeaguas.pt\/index.php?rest_route=%2Fwp%2Fv2%2Fproduct_cat&post=476"},{"taxonomy":"product_tag","embeddable":true,"href":"https:\/\/electricidadeaguas.pt\/index.php?rest_route=%2Fwp%2Fv2%2Fproduct_tag&post=476"}],"curies":[{"name":"wp","href":"https:\/\/api.w.org\/{rel}","templated":true}]}}