{"id":480,"date":"2025-03-24T12:13:18","date_gmt":"2025-03-24T12:13:18","guid":{"rendered":"https:\/\/electricidadeaguas.pt\/?post_type=product&#038;p=480"},"modified":"2025-03-24T12:13:18","modified_gmt":"2025-03-24T12:13:18","slug":"catalogo-avel-quadros-eletricos","status":"publish","type":"product","link":"https:\/\/electricidadeaguas.pt\/?product=catalogo-avel-quadros-eletricos","title":{"rendered":"Cat\u00e1logo AVEL &#8211; Quadros el\u00e9tricos"},"content":{"rendered":"<p><span class=\"relative -mx-px my-[-0.2rem] rounded px-px py-[0.2rem]\">A <strong data-start=\"2\" data-end=\"30\">AVEL &#8211; Electr\u00f3nica, Lda.<\/strong> \u00e9 uma empresa especializada no desenvolvimento e produ\u00e7\u00e3o de <strong data-start=\"92\" data-end=\"113\">quadros el\u00e9tricos<\/strong> destinados ao comando e prote\u00e7\u00e3o de eletrobombas em diversos sistemas, como abastecimento de \u00e1gua, rega e gest\u00e3o de \u00e1guas residuais.<\/span> <span class=\"relative -mx-px my-[-0.2rem] rounded px-px py-[0.2rem]\">Os seus produtos s\u00e3o reconhecidos pela qualidade e conformidade com as normas ISO9001:2015.<\/span><\/p>\n<p>Explore mais ao clicar em baixo.<\/p>\n<p><a href=\"http:\/\/electricidadeaguas.pt\/wp-content\/uploads\/2025\/03\/Catalogo-AVEL-Reles-Electronicos-2024.pdf\">Catalogo-AVEL-Reles-Electronicos-2024<\/a><\/p>\n","protected":false},"excerpt":{"rendered":"<p>A AVEL &#8211; Electr\u00f3nica, Lda. \u00e9 uma empresa especializada no desenvolvimento e produ\u00e7\u00e3o de quadros el\u00e9tricos destinados ao comando e prote\u00e7\u00e3o de eletrobombas em diversos sistemas, como abastecimento de \u00e1gua, rega e gest\u00e3o de \u00e1guas residuais. Os seus produtos s\u00e3o reconhecidos pela qualidade e conformidade com as normas ISO9001:2015. Explore mais ao clicar em baixo.&hellip;&nbsp;<a href=\"https:\/\/electricidadeaguas.pt\/?product=catalogo-avel-quadros-eletricos\" rel=\"bookmark\">Ler mais &raquo;<span class=\"screen-reader-text\">Cat\u00e1logo AVEL &#8211; Quadros el\u00e9tricos<\/span><\/a><\/p>\n","protected":false},"featured_media":482,"comment_status":"open","ping_status":"closed","template":"","meta":{"neve_meta_sidebar":"","neve_meta_container":"","neve_meta_enable_content_width":"off","neve_meta_content_width":100,"neve_meta_title_alignment":"","neve_meta_author_avatar":"","neve_post_elements_order":"","neve_meta_disable_header":"","neve_meta_disable_footer":"","neve_meta_disable_title":""},"product_brand":[],"product_cat":[21],"product_tag":[],"class_list":{"0":"post-480","1":"product","2":"type-product","3":"status-publish","4":"has-post-thumbnail","6":"product_cat-avel","8":"first","9":"instock","10":"virtual","11":"product-type-simple"},"jetpack_sharing_enabled":true,"_links":{"self":[{"href":"https:\/\/electricidadeaguas.pt\/index.php?rest_route=\/wp\/v2\/product\/480","targetHints":{"allow":["GET"]}}],"collection":[{"href":"https:\/\/electricidadeaguas.pt\/index.php?rest_route=\/wp\/v2\/product"}],"about":[{"href":"https:\/\/electricidadeaguas.pt\/index.php?rest_route=\/wp\/v2\/types\/product"}],"replies":[{"embeddable":true,"href":"https:\/\/electricidadeaguas.pt\/index.php?rest_route=%2Fwp%2Fv2%2Fcomments&post=480"}],"wp:featuredmedia":[{"embeddable":true,"href":"https:\/\/electricidadeaguas.pt\/index.php?rest_route=\/wp\/v2\/media\/482"}],"wp:attachment":[{"href":"https:\/\/electricidadeaguas.pt\/index.php?rest_route=%2Fwp%2Fv2%2Fmedia&parent=480"}],"wp:term":[{"taxonomy":"product_brand","embeddable":true,"href":"https:\/\/electricidadeaguas.pt\/index.php?rest_route=%2Fwp%2Fv2%2Fproduct_brand&post=480"},{"taxonomy":"product_cat","embeddable":true,"href":"https:\/\/electricidadeaguas.pt\/index.php?rest_route=%2Fwp%2Fv2%2Fproduct_cat&post=480"},{"taxonomy":"product_tag","embeddable":true,"href":"https:\/\/electricidadeaguas.pt\/index.php?rest_route=%2Fwp%2Fv2%2Fproduct_tag&post=480"}],"curies":[{"name":"wp","href":"https:\/\/api.w.org\/{rel}","templated":true}]}}