{"id":483,"date":"2025-03-24T12:21:10","date_gmt":"2025-03-24T12:21:10","guid":{"rendered":"https:\/\/electricidadeaguas.pt\/?post_type=product&#038;p=483"},"modified":"2025-03-24T12:21:10","modified_gmt":"2025-03-24T12:21:10","slug":"catalogo-avel-reles-eletronicos","status":"publish","type":"product","link":"https:\/\/electricidadeaguas.pt\/?product=catalogo-avel-reles-eletronicos","title":{"rendered":"Cat\u00e1logo AVEL &#8211; Rel\u00e9s Eletr\u00f3nicos"},"content":{"rendered":"<p><span class=\"relative -mx-px my-[-0.2rem] rounded px-px py-[0.2rem]\">O <strong data-start=\"2\" data-end=\"43\">Cat\u00e1logo de Rel\u00e9s Eletr\u00f3nicos da AVEL<\/strong> apresenta uma variedade de dispositivos projetados para o <strong data-start=\"102\" data-end=\"148\">comando e prote\u00e7\u00e3o de sistemas de bombagem<\/strong> e outras aplica\u00e7\u00f5es el\u00e9tricas.<\/span> <span class=\"relative -mx-px my-[-0.2rem] rounded px-px py-[0.2rem]\">Os produtos destacam-se pela qualidade e conformidade com as normas <strong data-start=\"68\" data-end=\"84\">ISO9001:2015<\/strong>.<\/span><\/p>\n<p>Explore mais ao clicar abaixo.<\/p>\n<p><a href=\"http:\/\/electricidadeaguas.pt\/wp-content\/uploads\/2025\/03\/Catalogo-AVEL-Quadros-Electricos-2024.pdf\">Catalogo-AVEL-Quadros-Electricos-2024<\/a><\/p>\n","protected":false},"excerpt":{"rendered":"<p>O Cat\u00e1logo de Rel\u00e9s Eletr\u00f3nicos da AVEL apresenta uma variedade de dispositivos projetados para o comando e prote\u00e7\u00e3o de sistemas de bombagem e outras aplica\u00e7\u00f5es el\u00e9tricas. Os produtos destacam-se pela qualidade e conformidade com as normas ISO9001:2015. Explore mais ao clicar abaixo. Catalogo-AVEL-Quadros-Electricos-2024<\/p>\n","protected":false},"featured_media":485,"comment_status":"open","ping_status":"closed","template":"","meta":{"neve_meta_sidebar":"","neve_meta_container":"","neve_meta_enable_content_width":"off","neve_meta_content_width":100,"neve_meta_title_alignment":"","neve_meta_author_avatar":"","neve_post_elements_order":"","neve_meta_disable_header":"","neve_meta_disable_footer":"","neve_meta_disable_title":""},"product_brand":[],"product_cat":[21],"product_tag":[],"class_list":{"0":"post-483","1":"product","2":"type-product","3":"status-publish","4":"has-post-thumbnail","6":"product_cat-avel","8":"first","9":"instock","10":"virtual","11":"product-type-simple"},"jetpack_sharing_enabled":true,"_links":{"self":[{"href":"https:\/\/electricidadeaguas.pt\/index.php?rest_route=\/wp\/v2\/product\/483","targetHints":{"allow":["GET"]}}],"collection":[{"href":"https:\/\/electricidadeaguas.pt\/index.php?rest_route=\/wp\/v2\/product"}],"about":[{"href":"https:\/\/electricidadeaguas.pt\/index.php?rest_route=\/wp\/v2\/types\/product"}],"replies":[{"embeddable":true,"href":"https:\/\/electricidadeaguas.pt\/index.php?rest_route=%2Fwp%2Fv2%2Fcomments&post=483"}],"wp:featuredmedia":[{"embeddable":true,"href":"https:\/\/electricidadeaguas.pt\/index.php?rest_route=\/wp\/v2\/media\/485"}],"wp:attachment":[{"href":"https:\/\/electricidadeaguas.pt\/index.php?rest_route=%2Fwp%2Fv2%2Fmedia&parent=483"}],"wp:term":[{"taxonomy":"product_brand","embeddable":true,"href":"https:\/\/electricidadeaguas.pt\/index.php?rest_route=%2Fwp%2Fv2%2Fproduct_brand&post=483"},{"taxonomy":"product_cat","embeddable":true,"href":"https:\/\/electricidadeaguas.pt\/index.php?rest_route=%2Fwp%2Fv2%2Fproduct_cat&post=483"},{"taxonomy":"product_tag","embeddable":true,"href":"https:\/\/electricidadeaguas.pt\/index.php?rest_route=%2Fwp%2Fv2%2Fproduct_tag&post=483"}],"curies":[{"name":"wp","href":"https:\/\/api.w.org\/{rel}","templated":true}]}}