{"id":490,"date":"2025-03-24T14:17:48","date_gmt":"2025-03-24T14:17:48","guid":{"rendered":"https:\/\/electricidadeaguas.pt\/?post_type=product&#038;p=490"},"modified":"2025-03-24T14:17:48","modified_gmt":"2025-03-24T14:17:48","slug":"catalogo-chint-empower-the-world","status":"publish","type":"product","link":"https:\/\/electricidadeaguas.pt\/?product=catalogo-chint-empower-the-world","title":{"rendered":"Cat\u00e1logo CHINT &#8211; Empower the World"},"content":{"rendered":"<p><span class=\"relative -mx-px my-[-0.2rem] rounded px-px py-[0.2rem]\">O cat\u00e1logo da <strong data-start=\"14\" data-end=\"23\">CHINT<\/strong>, intitulado <strong data-start=\"36\" data-end=\"59\">&#8220;Empower the World&#8221;<\/strong>, apresenta uma ampla gama de produtos e solu\u00e7\u00f5es el\u00e9tricas destinadas a diversos setores industriais e comerciais.<\/span> <span class=\"relative -mx-px my-[-0.2rem] rounded px-px py-[0.2rem]\">A CHINT \u00e9 reconhecida por fornecer equipamentos el\u00e9tricos de baixa, m\u00e9dia e alta tens\u00e3o, al\u00e9m de solu\u00e7\u00f5es para energia renov\u00e1vel e automa\u00e7\u00e3o.<\/span><\/p>\n<p>Explore mais ao clicar abaixo.<\/p>\n<p><a href=\"http:\/\/electricidadeaguas.pt\/wp-content\/uploads\/2025\/03\/Catalogo-2023-Chint.pdf\">Catalogo-2023-Chint<\/a><\/p>\n","protected":false},"excerpt":{"rendered":"<p>O cat\u00e1logo da CHINT, intitulado &#8220;Empower the World&#8221;, apresenta uma ampla gama de produtos e solu\u00e7\u00f5es el\u00e9tricas destinadas a diversos setores industriais e comerciais. A CHINT \u00e9 reconhecida por fornecer equipamentos el\u00e9tricos de baixa, m\u00e9dia e alta tens\u00e3o, al\u00e9m de solu\u00e7\u00f5es para energia renov\u00e1vel e automa\u00e7\u00e3o. Explore mais ao clicar abaixo. Catalogo-2023-Chint<\/p>\n","protected":false},"featured_media":492,"comment_status":"open","ping_status":"closed","template":"","meta":{"neve_meta_sidebar":"","neve_meta_container":"","neve_meta_enable_content_width":"off","neve_meta_content_width":100,"neve_meta_title_alignment":"","neve_meta_author_avatar":"","neve_post_elements_order":"","neve_meta_disable_header":"","neve_meta_disable_footer":"","neve_meta_disable_title":""},"product_brand":[],"product_cat":[23],"product_tag":[],"class_list":{"0":"post-490","1":"product","2":"type-product","3":"status-publish","4":"has-post-thumbnail","6":"product_cat-chint","8":"first","9":"instock","10":"virtual","11":"product-type-simple"},"jetpack_sharing_enabled":true,"_links":{"self":[{"href":"https:\/\/electricidadeaguas.pt\/index.php?rest_route=\/wp\/v2\/product\/490","targetHints":{"allow":["GET"]}}],"collection":[{"href":"https:\/\/electricidadeaguas.pt\/index.php?rest_route=\/wp\/v2\/product"}],"about":[{"href":"https:\/\/electricidadeaguas.pt\/index.php?rest_route=\/wp\/v2\/types\/product"}],"replies":[{"embeddable":true,"href":"https:\/\/electricidadeaguas.pt\/index.php?rest_route=%2Fwp%2Fv2%2Fcomments&post=490"}],"wp:featuredmedia":[{"embeddable":true,"href":"https:\/\/electricidadeaguas.pt\/index.php?rest_route=\/wp\/v2\/media\/492"}],"wp:attachment":[{"href":"https:\/\/electricidadeaguas.pt\/index.php?rest_route=%2Fwp%2Fv2%2Fmedia&parent=490"}],"wp:term":[{"taxonomy":"product_brand","embeddable":true,"href":"https:\/\/electricidadeaguas.pt\/index.php?rest_route=%2Fwp%2Fv2%2Fproduct_brand&post=490"},{"taxonomy":"product_cat","embeddable":true,"href":"https:\/\/electricidadeaguas.pt\/index.php?rest_route=%2Fwp%2Fv2%2Fproduct_cat&post=490"},{"taxonomy":"product_tag","embeddable":true,"href":"https:\/\/electricidadeaguas.pt\/index.php?rest_route=%2Fwp%2Fv2%2Fproduct_tag&post=490"}],"curies":[{"name":"wp","href":"https:\/\/api.w.org\/{rel}","templated":true}]}}