{"id":497,"date":"2025-03-24T14:39:05","date_gmt":"2025-03-24T14:39:05","guid":{"rendered":"https:\/\/electricidadeaguas.pt\/?post_type=product&#038;p=497"},"modified":"2025-03-24T14:39:05","modified_gmt":"2025-03-24T14:39:05","slug":"catalogo-eaton-iluminacao-segura","status":"publish","type":"product","link":"https:\/\/electricidadeaguas.pt\/?product=catalogo-eaton-iluminacao-segura","title":{"rendered":"Cat\u00e1logo EATON &#8211; Ilumina\u00e7\u00e3o segura"},"content":{"rendered":"<p>A <strong data-start=\"2\" data-end=\"11\">Eaton<\/strong> oferece uma ampla gama de solu\u00e7\u00f5es de <strong data-start=\"50\" data-end=\"78\">ilumina\u00e7\u00e3o de emerg\u00eancia<\/strong> destinadas a garantir a seguran\u00e7a e a evacua\u00e7\u00e3o eficiente em situa\u00e7\u00f5es cr\u00edticas. O seu portf\u00f3lio abrange desde sistemas aut\u00f3nomos at\u00e9 sistemas centralizados, adequados para diversas aplica\u00e7\u00f5es.\u200b<\/p>\n<p>Explore mais ao clicar abaixo.<\/p>\n<p><a href=\"http:\/\/electricidadeaguas.pt\/wp-content\/uploads\/2025\/03\/Catalogo-Iluminacao-Seguranca-EATON.pdf\">Catalogo-Iluminacao-Seguranca-EATON<\/a><\/p>\n","protected":false},"excerpt":{"rendered":"<p>A Eaton oferece uma ampla gama de solu\u00e7\u00f5es de ilumina\u00e7\u00e3o de emerg\u00eancia destinadas a garantir a seguran\u00e7a e a evacua\u00e7\u00e3o eficiente em situa\u00e7\u00f5es cr\u00edticas. O seu portf\u00f3lio abrange desde sistemas aut\u00f3nomos at\u00e9 sistemas centralizados, adequados para diversas aplica\u00e7\u00f5es.\u200b Explore mais ao clicar abaixo. Catalogo-Iluminacao-Seguranca-EATON<\/p>\n","protected":false},"featured_media":499,"comment_status":"open","ping_status":"closed","template":"","meta":{"neve_meta_sidebar":"","neve_meta_container":"","neve_meta_enable_content_width":"off","neve_meta_content_width":100,"neve_meta_title_alignment":"","neve_meta_author_avatar":"","neve_post_elements_order":"","neve_meta_disable_header":"","neve_meta_disable_footer":"","neve_meta_disable_title":""},"product_brand":[],"product_cat":[24],"product_tag":[],"class_list":{"0":"post-497","1":"product","2":"type-product","3":"status-publish","4":"has-post-thumbnail","6":"product_cat-eaton","8":"first","9":"instock","10":"virtual","11":"product-type-simple"},"jetpack_sharing_enabled":true,"_links":{"self":[{"href":"https:\/\/electricidadeaguas.pt\/index.php?rest_route=\/wp\/v2\/product\/497","targetHints":{"allow":["GET"]}}],"collection":[{"href":"https:\/\/electricidadeaguas.pt\/index.php?rest_route=\/wp\/v2\/product"}],"about":[{"href":"https:\/\/electricidadeaguas.pt\/index.php?rest_route=\/wp\/v2\/types\/product"}],"replies":[{"embeddable":true,"href":"https:\/\/electricidadeaguas.pt\/index.php?rest_route=%2Fwp%2Fv2%2Fcomments&post=497"}],"wp:featuredmedia":[{"embeddable":true,"href":"https:\/\/electricidadeaguas.pt\/index.php?rest_route=\/wp\/v2\/media\/499"}],"wp:attachment":[{"href":"https:\/\/electricidadeaguas.pt\/index.php?rest_route=%2Fwp%2Fv2%2Fmedia&parent=497"}],"wp:term":[{"taxonomy":"product_brand","embeddable":true,"href":"https:\/\/electricidadeaguas.pt\/index.php?rest_route=%2Fwp%2Fv2%2Fproduct_brand&post=497"},{"taxonomy":"product_cat","embeddable":true,"href":"https:\/\/electricidadeaguas.pt\/index.php?rest_route=%2Fwp%2Fv2%2Fproduct_cat&post=497"},{"taxonomy":"product_tag","embeddable":true,"href":"https:\/\/electricidadeaguas.pt\/index.php?rest_route=%2Fwp%2Fv2%2Fproduct_tag&post=497"}],"curies":[{"name":"wp","href":"https:\/\/api.w.org\/{rel}","templated":true}]}}