{"id":500,"date":"2025-03-24T14:46:40","date_gmt":"2025-03-24T14:46:40","guid":{"rendered":"https:\/\/electricidadeaguas.pt\/?post_type=product&#038;p=500"},"modified":"2025-03-24T14:46:40","modified_gmt":"2025-03-24T14:46:40","slug":"catalogo-eaton-iluminacao-de-emergencia","status":"publish","type":"product","link":"https:\/\/electricidadeaguas.pt\/?product=catalogo-eaton-iluminacao-de-emergencia","title":{"rendered":"Cat\u00e1logo Eaton &#8211; Ilumina\u00e7\u00e3o de emerg\u00eancia"},"content":{"rendered":"<p><span class=\"relative -mx-px my-[-0.2rem] rounded px-px py-[0.2rem]\">A <strong data-start=\"2\" data-end=\"11\">Eaton<\/strong> oferece uma gama abrangente de solu\u00e7\u00f5es de <strong data-start=\"55\" data-end=\"83\">ilumina\u00e7\u00e3o de emerg\u00eancia<\/strong>, concebidas para assegurar seguran\u00e7a e efici\u00eancia em diversas aplica\u00e7\u00f5es.<\/span> <span class=\"relative -mx-px my-[-0.2rem] rounded px-px py-[0.2rem]\">Estas solu\u00e7\u00f5es abrangem desde lumin\u00e1rias aut\u00f3nomas at\u00e9 sistemas centralizados, garantindo conformidade com os mais elevados padr\u00f5es de qualidade e seguran\u00e7a.<\/span><\/p>\n<p>Explore mais ao clicar abaixo.<\/p>\n<p><a href=\"http:\/\/electricidadeaguas.pt\/wp-content\/uploads\/2025\/03\/Catalogo-Iluminacao-Emergencia-EATON.pdf\">Catalogo-Iluminacao-Emergencia-EATON<\/a><\/p>\n","protected":false},"excerpt":{"rendered":"<p>A Eaton oferece uma gama abrangente de solu\u00e7\u00f5es de ilumina\u00e7\u00e3o de emerg\u00eancia, concebidas para assegurar seguran\u00e7a e efici\u00eancia em diversas aplica\u00e7\u00f5es. Estas solu\u00e7\u00f5es abrangem desde lumin\u00e1rias aut\u00f3nomas at\u00e9 sistemas centralizados, garantindo conformidade com os mais elevados padr\u00f5es de qualidade e seguran\u00e7a. Explore mais ao clicar abaixo. Catalogo-Iluminacao-Emergencia-EATON<\/p>\n","protected":false},"featured_media":502,"comment_status":"open","ping_status":"closed","template":"","meta":{"neve_meta_sidebar":"","neve_meta_container":"","neve_meta_enable_content_width":"off","neve_meta_content_width":100,"neve_meta_title_alignment":"","neve_meta_author_avatar":"","neve_post_elements_order":"","neve_meta_disable_header":"","neve_meta_disable_footer":"","neve_meta_disable_title":""},"product_brand":[],"product_cat":[24],"product_tag":[],"class_list":{"0":"post-500","1":"product","2":"type-product","3":"status-publish","4":"has-post-thumbnail","6":"product_cat-eaton","8":"first","9":"instock","10":"virtual","11":"product-type-simple"},"jetpack_sharing_enabled":true,"_links":{"self":[{"href":"https:\/\/electricidadeaguas.pt\/index.php?rest_route=\/wp\/v2\/product\/500","targetHints":{"allow":["GET"]}}],"collection":[{"href":"https:\/\/electricidadeaguas.pt\/index.php?rest_route=\/wp\/v2\/product"}],"about":[{"href":"https:\/\/electricidadeaguas.pt\/index.php?rest_route=\/wp\/v2\/types\/product"}],"replies":[{"embeddable":true,"href":"https:\/\/electricidadeaguas.pt\/index.php?rest_route=%2Fwp%2Fv2%2Fcomments&post=500"}],"wp:featuredmedia":[{"embeddable":true,"href":"https:\/\/electricidadeaguas.pt\/index.php?rest_route=\/wp\/v2\/media\/502"}],"wp:attachment":[{"href":"https:\/\/electricidadeaguas.pt\/index.php?rest_route=%2Fwp%2Fv2%2Fmedia&parent=500"}],"wp:term":[{"taxonomy":"product_brand","embeddable":true,"href":"https:\/\/electricidadeaguas.pt\/index.php?rest_route=%2Fwp%2Fv2%2Fproduct_brand&post=500"},{"taxonomy":"product_cat","embeddable":true,"href":"https:\/\/electricidadeaguas.pt\/index.php?rest_route=%2Fwp%2Fv2%2Fproduct_cat&post=500"},{"taxonomy":"product_tag","embeddable":true,"href":"https:\/\/electricidadeaguas.pt\/index.php?rest_route=%2Fwp%2Fv2%2Fproduct_tag&post=500"}],"curies":[{"name":"wp","href":"https:\/\/api.w.org\/{rel}","templated":true}]}}