{"id":503,"date":"2025-03-24T14:52:54","date_gmt":"2025-03-24T14:52:54","guid":{"rendered":"https:\/\/electricidadeaguas.pt\/?post_type=product&#038;p=503"},"modified":"2025-03-24T14:52:54","modified_gmt":"2025-03-24T14:52:54","slug":"catalogo-eaton-el-camino-mas-rapido-al-exito","status":"publish","type":"product","link":"https:\/\/electricidadeaguas.pt\/?product=catalogo-eaton-el-camino-mas-rapido-al-exito","title":{"rendered":"Cat\u00e1logo Eaton &#8211; El camino m\u00e1s r\u00e1pido al \u00e9xito"},"content":{"rendered":"<p>O cat\u00e1logo da Eaton intitulado <strong data-start=\"31\" data-end=\"66\">&#8220;El camino m\u00e1s r\u00e1pido al \u00e9xito&#8221;<\/strong> apresenta o <strong data-start=\"79\" data-end=\"120\">controlador l\u00f3gico program\u00e1vel easyE4<\/strong>, destacando as suas funcionalidades e vantagens para aplica\u00e7\u00f5es de controlo e automa\u00e7\u00e3o. Este dispositivo multifuncional simplifica a planifica\u00e7\u00e3o, oferecendo flexibilidade m\u00e1xima com at\u00e9 11 m\u00f3dulos de expans\u00e3o locais por cada unidade base, permitindo alcan\u00e7ar at\u00e9 188 entradas\/sa\u00eddas, adequadas para uma ampla gama de aplica\u00e7\u00f5es.<\/p>\n<p>Saiba mais sobre ao clicar abaixo.<\/p>\n<p><a href=\"http:\/\/electricidadeaguas.pt\/wp-content\/uploads\/2025\/03\/Brochura-Easye4-EATON.pdf\">Brochura-Easye4-EATON<\/a><\/p>\n","protected":false},"excerpt":{"rendered":"<p>O cat\u00e1logo da Eaton intitulado &#8220;El camino m\u00e1s r\u00e1pido al \u00e9xito&#8221; apresenta o controlador l\u00f3gico program\u00e1vel easyE4, destacando as suas funcionalidades e vantagens para aplica\u00e7\u00f5es de controlo e automa\u00e7\u00e3o. Este dispositivo multifuncional simplifica a planifica\u00e7\u00e3o, oferecendo flexibilidade m\u00e1xima com at\u00e9 11 m\u00f3dulos de expans\u00e3o locais por cada unidade base, permitindo alcan\u00e7ar at\u00e9 188 entradas\/sa\u00eddas, adequadas&hellip;&nbsp;<a href=\"https:\/\/electricidadeaguas.pt\/?product=catalogo-eaton-el-camino-mas-rapido-al-exito\" rel=\"bookmark\">Ler mais &raquo;<span class=\"screen-reader-text\">Cat\u00e1logo Eaton &#8211; El camino m\u00e1s r\u00e1pido al \u00e9xito<\/span><\/a><\/p>\n","protected":false},"featured_media":505,"comment_status":"open","ping_status":"closed","template":"","meta":{"neve_meta_sidebar":"","neve_meta_container":"","neve_meta_enable_content_width":"off","neve_meta_content_width":100,"neve_meta_title_alignment":"","neve_meta_author_avatar":"","neve_post_elements_order":"","neve_meta_disable_header":"","neve_meta_disable_footer":"","neve_meta_disable_title":""},"product_brand":[],"product_cat":[24],"product_tag":[],"class_list":{"0":"post-503","1":"product","2":"type-product","3":"status-publish","4":"has-post-thumbnail","6":"product_cat-eaton","8":"first","9":"instock","10":"virtual","11":"product-type-simple"},"jetpack_sharing_enabled":true,"_links":{"self":[{"href":"https:\/\/electricidadeaguas.pt\/index.php?rest_route=\/wp\/v2\/product\/503","targetHints":{"allow":["GET"]}}],"collection":[{"href":"https:\/\/electricidadeaguas.pt\/index.php?rest_route=\/wp\/v2\/product"}],"about":[{"href":"https:\/\/electricidadeaguas.pt\/index.php?rest_route=\/wp\/v2\/types\/product"}],"replies":[{"embeddable":true,"href":"https:\/\/electricidadeaguas.pt\/index.php?rest_route=%2Fwp%2Fv2%2Fcomments&post=503"}],"wp:featuredmedia":[{"embeddable":true,"href":"https:\/\/electricidadeaguas.pt\/index.php?rest_route=\/wp\/v2\/media\/505"}],"wp:attachment":[{"href":"https:\/\/electricidadeaguas.pt\/index.php?rest_route=%2Fwp%2Fv2%2Fmedia&parent=503"}],"wp:term":[{"taxonomy":"product_brand","embeddable":true,"href":"https:\/\/electricidadeaguas.pt\/index.php?rest_route=%2Fwp%2Fv2%2Fproduct_brand&post=503"},{"taxonomy":"product_cat","embeddable":true,"href":"https:\/\/electricidadeaguas.pt\/index.php?rest_route=%2Fwp%2Fv2%2Fproduct_cat&post=503"},{"taxonomy":"product_tag","embeddable":true,"href":"https:\/\/electricidadeaguas.pt\/index.php?rest_route=%2Fwp%2Fv2%2Fproduct_tag&post=503"}],"curies":[{"name":"wp","href":"https:\/\/api.w.org\/{rel}","templated":true}]}}