{"id":506,"date":"2025-03-24T14:58:15","date_gmt":"2025-03-24T14:58:15","guid":{"rendered":"https:\/\/electricidadeaguas.pt\/?post_type=product&#038;p=506"},"modified":"2025-03-24T14:58:15","modified_gmt":"2025-03-24T14:58:15","slug":"catalogo-eaton-contactores-modulares","status":"publish","type":"product","link":"https:\/\/electricidadeaguas.pt\/?product=catalogo-eaton-contactores-modulares","title":{"rendered":"Cat\u00e1logo Eaton &#8211; Contactores Modulares"},"content":{"rendered":"<p>O cat\u00e1logo <strong data-start=\"11\" data-end=\"44\">Eaton &#8211; Contactores Modulares<\/strong> apresenta uma gama de contactores para aplica\u00e7\u00f5es residenciais, comerciais e industriais, oferecendo solu\u00e7\u00f5es eficientes para controlo de ilumina\u00e7\u00e3o, aquecimento, ventila\u00e7\u00e3o e motores el\u00e9tricos, garantindo seguran\u00e7a e conformidade com as normas internacionais.<\/p>\n<p>Veja mais ao clicar abaixo.<\/p>\n<p><a href=\"http:\/\/electricidadeaguas.pt\/wp-content\/uploads\/2025\/03\/Brochura-Contactores-Modulares-EATON.pdf\">Brochura-Contactores-Modulares-EATON<\/a><\/p>\n","protected":false},"excerpt":{"rendered":"<p>O cat\u00e1logo Eaton &#8211; Contactores Modulares apresenta uma gama de contactores para aplica\u00e7\u00f5es residenciais, comerciais e industriais, oferecendo solu\u00e7\u00f5es eficientes para controlo de ilumina\u00e7\u00e3o, aquecimento, ventila\u00e7\u00e3o e motores el\u00e9tricos, garantindo seguran\u00e7a e conformidade com as normas internacionais. Veja mais ao clicar abaixo. Brochura-Contactores-Modulares-EATON<\/p>\n","protected":false},"featured_media":508,"comment_status":"open","ping_status":"closed","template":"","meta":{"neve_meta_sidebar":"","neve_meta_container":"","neve_meta_enable_content_width":"off","neve_meta_content_width":100,"neve_meta_title_alignment":"","neve_meta_author_avatar":"","neve_post_elements_order":"","neve_meta_disable_header":"","neve_meta_disable_footer":"","neve_meta_disable_title":""},"product_brand":[],"product_cat":[24],"product_tag":[],"class_list":{"0":"post-506","1":"product","2":"type-product","3":"status-publish","4":"has-post-thumbnail","6":"product_cat-eaton","8":"first","9":"instock","10":"virtual","11":"product-type-simple"},"jetpack_sharing_enabled":true,"_links":{"self":[{"href":"https:\/\/electricidadeaguas.pt\/index.php?rest_route=\/wp\/v2\/product\/506","targetHints":{"allow":["GET"]}}],"collection":[{"href":"https:\/\/electricidadeaguas.pt\/index.php?rest_route=\/wp\/v2\/product"}],"about":[{"href":"https:\/\/electricidadeaguas.pt\/index.php?rest_route=\/wp\/v2\/types\/product"}],"replies":[{"embeddable":true,"href":"https:\/\/electricidadeaguas.pt\/index.php?rest_route=%2Fwp%2Fv2%2Fcomments&post=506"}],"wp:featuredmedia":[{"embeddable":true,"href":"https:\/\/electricidadeaguas.pt\/index.php?rest_route=\/wp\/v2\/media\/508"}],"wp:attachment":[{"href":"https:\/\/electricidadeaguas.pt\/index.php?rest_route=%2Fwp%2Fv2%2Fmedia&parent=506"}],"wp:term":[{"taxonomy":"product_brand","embeddable":true,"href":"https:\/\/electricidadeaguas.pt\/index.php?rest_route=%2Fwp%2Fv2%2Fproduct_brand&post=506"},{"taxonomy":"product_cat","embeddable":true,"href":"https:\/\/electricidadeaguas.pt\/index.php?rest_route=%2Fwp%2Fv2%2Fproduct_cat&post=506"},{"taxonomy":"product_tag","embeddable":true,"href":"https:\/\/electricidadeaguas.pt\/index.php?rest_route=%2Fwp%2Fv2%2Fproduct_tag&post=506"}],"curies":[{"name":"wp","href":"https:\/\/api.w.org\/{rel}","templated":true}]}}