{"id":510,"date":"2025-03-24T15:43:17","date_gmt":"2025-03-24T15:43:17","guid":{"rendered":"https:\/\/electricidadeaguas.pt\/?post_type=product&#038;p=510"},"modified":"2025-03-24T15:43:17","modified_gmt":"2025-03-24T15:43:17","slug":"catalogo-efapel-tabela-de-precos","status":"publish","type":"product","link":"https:\/\/electricidadeaguas.pt\/?product=catalogo-efapel-tabela-de-precos","title":{"rendered":"Cat\u00e1logo Efapel &#8211; Tabela de pre\u00e7os"},"content":{"rendered":"<p><span class=\"relative -mx-px my-[-0.2rem] rounded px-px py-[0.2rem]\">A <strong data-start=\"2\" data-end=\"12\">EFAPEL<\/strong> disponibiliza a sua <strong data-start=\"33\" data-end=\"58\">Tabela de Pre\u00e7os 2025<\/strong>, que pode ser consultada e descarregada atrav\u00e9s de distribuidores autorizados.<\/span> <span class=\"relative -mx-px my-[-0.2rem] rounded px-px py-[0.2rem]\">Esta tabela abrange uma vasta gama de produtos, incluindo mecanismos el\u00e9tricos, dom\u00f3tica, quadros el\u00e9tricos, tomadas USB e calhas t\u00e9cnicas, entre outros.<\/span><\/p>\n<p>explore mais abaixo.<\/p>\n<p><a href=\"http:\/\/electricidadeaguas.pt\/wp-content\/uploads\/2025\/03\/Tabela_Precos_Portugal_2025_03_01.pdf\">Tabela_Precos_Portugal_2025_03_01<\/a><\/p>\n","protected":false},"excerpt":{"rendered":"<p>A EFAPEL disponibiliza a sua Tabela de Pre\u00e7os 2025, que pode ser consultada e descarregada atrav\u00e9s de distribuidores autorizados. Esta tabela abrange uma vasta gama de produtos, incluindo mecanismos el\u00e9tricos, dom\u00f3tica, quadros el\u00e9tricos, tomadas USB e calhas t\u00e9cnicas, entre outros. explore mais abaixo. Tabela_Precos_Portugal_2025_03_01<\/p>\n","protected":false},"featured_media":512,"comment_status":"open","ping_status":"closed","template":"","meta":{"neve_meta_sidebar":"","neve_meta_container":"","neve_meta_enable_content_width":"off","neve_meta_content_width":100,"neve_meta_title_alignment":"","neve_meta_author_avatar":"","neve_post_elements_order":"","neve_meta_disable_header":"","neve_meta_disable_footer":"","neve_meta_disable_title":""},"product_brand":[],"product_cat":[25],"product_tag":[],"class_list":{"0":"post-510","1":"product","2":"type-product","3":"status-publish","4":"has-post-thumbnail","6":"product_cat-efapel","8":"first","9":"instock","10":"virtual","11":"product-type-simple"},"jetpack_sharing_enabled":true,"_links":{"self":[{"href":"https:\/\/electricidadeaguas.pt\/index.php?rest_route=\/wp\/v2\/product\/510","targetHints":{"allow":["GET"]}}],"collection":[{"href":"https:\/\/electricidadeaguas.pt\/index.php?rest_route=\/wp\/v2\/product"}],"about":[{"href":"https:\/\/electricidadeaguas.pt\/index.php?rest_route=\/wp\/v2\/types\/product"}],"replies":[{"embeddable":true,"href":"https:\/\/electricidadeaguas.pt\/index.php?rest_route=%2Fwp%2Fv2%2Fcomments&post=510"}],"wp:featuredmedia":[{"embeddable":true,"href":"https:\/\/electricidadeaguas.pt\/index.php?rest_route=\/wp\/v2\/media\/512"}],"wp:attachment":[{"href":"https:\/\/electricidadeaguas.pt\/index.php?rest_route=%2Fwp%2Fv2%2Fmedia&parent=510"}],"wp:term":[{"taxonomy":"product_brand","embeddable":true,"href":"https:\/\/electricidadeaguas.pt\/index.php?rest_route=%2Fwp%2Fv2%2Fproduct_brand&post=510"},{"taxonomy":"product_cat","embeddable":true,"href":"https:\/\/electricidadeaguas.pt\/index.php?rest_route=%2Fwp%2Fv2%2Fproduct_cat&post=510"},{"taxonomy":"product_tag","embeddable":true,"href":"https:\/\/electricidadeaguas.pt\/index.php?rest_route=%2Fwp%2Fv2%2Fproduct_tag&post=510"}],"curies":[{"name":"wp","href":"https:\/\/api.w.org\/{rel}","templated":true}]}}