{"id":513,"date":"2025-03-24T15:47:47","date_gmt":"2025-03-24T15:47:47","guid":{"rendered":"https:\/\/electricidadeaguas.pt\/?post_type=product&#038;p=513"},"modified":"2025-03-24T15:47:48","modified_gmt":"2025-03-24T15:47:48","slug":"catalogo-efapel-geral","status":"publish","type":"product","link":"https:\/\/electricidadeaguas.pt\/?product=catalogo-efapel-geral","title":{"rendered":"Cat\u00e1logo Efapel &#8211; Geral"},"content":{"rendered":"<p><span class=\"relative -mx-px my-[-0.2rem] rounded px-px py-[0.2rem]\">O <strong data-start=\"2\" data-end=\"30\">Cat\u00e1logo Geral da EFAPEL<\/strong> apresenta a sua vasta gama de produtos el\u00e9tricos, incluindo aparelhagens de embutir, dom\u00f3tica, quadros el\u00e9tricos, calhas t\u00e9cnicas e solu\u00e7\u00f5es de som ambiente.<\/span> <span class=\"relative -mx-px my-[-0.2rem] rounded px-px py-[0.2rem]\">Para aceder ao cat\u00e1logo mais recente, visite a sec\u00e7\u00e3o de cat\u00e1logos no site oficial da EFAPEL:<\/span> . <span class=\"relative -mx-px my-[-0.2rem] rounded px-px py-[0.2rem]\">L\u00e1, poder\u00e1 visualizar ou descarregar o cat\u00e1logo geral e obter informa\u00e7\u00f5es detalhadas sobre cada produto.<\/span><\/p>\n<p>Explore mais abaixo.<\/p>\n<p><a href=\"https:\/\/electrosiluz.pt\/wp-content\/uploads\/2024\/06\/Catalogo-Geral-Efapel-2024.pdf\">Cat\u00e1logo geral &#8211; Efapel<\/a><\/p>\n","protected":false},"excerpt":{"rendered":"<p>O Cat\u00e1logo Geral da EFAPEL apresenta a sua vasta gama de produtos el\u00e9tricos, incluindo aparelhagens de embutir, dom\u00f3tica, quadros el\u00e9tricos, calhas t\u00e9cnicas e solu\u00e7\u00f5es de som ambiente. Para aceder ao cat\u00e1logo mais recente, visite a sec\u00e7\u00e3o de cat\u00e1logos no site oficial da EFAPEL: . L\u00e1, poder\u00e1 visualizar ou descarregar o cat\u00e1logo geral e obter informa\u00e7\u00f5es&hellip;&nbsp;<a href=\"https:\/\/electricidadeaguas.pt\/?product=catalogo-efapel-geral\" rel=\"bookmark\">Ler mais &raquo;<span class=\"screen-reader-text\">Cat\u00e1logo Efapel &#8211; Geral<\/span><\/a><\/p>\n","protected":false},"featured_media":514,"comment_status":"open","ping_status":"closed","template":"","meta":{"neve_meta_sidebar":"","neve_meta_container":"","neve_meta_enable_content_width":"off","neve_meta_content_width":100,"neve_meta_title_alignment":"","neve_meta_author_avatar":"","neve_post_elements_order":"","neve_meta_disable_header":"","neve_meta_disable_footer":"","neve_meta_disable_title":""},"product_brand":[],"product_cat":[25],"product_tag":[],"class_list":{"0":"post-513","1":"product","2":"type-product","3":"status-publish","4":"has-post-thumbnail","6":"product_cat-efapel","8":"first","9":"instock","10":"virtual","11":"product-type-simple"},"jetpack_sharing_enabled":true,"_links":{"self":[{"href":"https:\/\/electricidadeaguas.pt\/index.php?rest_route=\/wp\/v2\/product\/513","targetHints":{"allow":["GET"]}}],"collection":[{"href":"https:\/\/electricidadeaguas.pt\/index.php?rest_route=\/wp\/v2\/product"}],"about":[{"href":"https:\/\/electricidadeaguas.pt\/index.php?rest_route=\/wp\/v2\/types\/product"}],"replies":[{"embeddable":true,"href":"https:\/\/electricidadeaguas.pt\/index.php?rest_route=%2Fwp%2Fv2%2Fcomments&post=513"}],"wp:featuredmedia":[{"embeddable":true,"href":"https:\/\/electricidadeaguas.pt\/index.php?rest_route=\/wp\/v2\/media\/514"}],"wp:attachment":[{"href":"https:\/\/electricidadeaguas.pt\/index.php?rest_route=%2Fwp%2Fv2%2Fmedia&parent=513"}],"wp:term":[{"taxonomy":"product_brand","embeddable":true,"href":"https:\/\/electricidadeaguas.pt\/index.php?rest_route=%2Fwp%2Fv2%2Fproduct_brand&post=513"},{"taxonomy":"product_cat","embeddable":true,"href":"https:\/\/electricidadeaguas.pt\/index.php?rest_route=%2Fwp%2Fv2%2Fproduct_cat&post=513"},{"taxonomy":"product_tag","embeddable":true,"href":"https:\/\/electricidadeaguas.pt\/index.php?rest_route=%2Fwp%2Fv2%2Fproduct_tag&post=513"}],"curies":[{"name":"wp","href":"https:\/\/api.w.org\/{rel}","templated":true}]}}