{"id":515,"date":"2025-03-24T15:52:13","date_gmt":"2025-03-24T15:52:13","guid":{"rendered":"https:\/\/electricidadeaguas.pt\/?post_type=product&#038;p=515"},"modified":"2025-03-24T15:52:14","modified_gmt":"2025-03-24T15:52:14","slug":"catalogo-efapel-nova-gama-latina","status":"publish","type":"product","link":"https:\/\/electricidadeaguas.pt\/?product=catalogo-efapel-nova-gama-latina","title":{"rendered":"Cat\u00e1logo Efapel &#8211; Nova gama latina"},"content":{"rendered":"<p>A <strong data-start=\"186\" data-end=\"206\">Nova Gama Latina<\/strong> da Efapel apresenta uma linha de produtos com um design sofisticado e solu\u00e7\u00f5es eficientes para todas as necessidades el\u00e9tricas. Com uma abordagem inovadora e de alta qualidade, esta gama \u00e9 a escolha ideal para quem procura confiabilidade, est\u00e9tica e funcionalidade em instala\u00e7\u00f5es el\u00e9tricas.<\/p>\n<p>Explora ao clicar abaixo.<\/p>\n<p><a href=\"http:\/\/electricidadeaguas.pt\/wp-content\/uploads\/2025\/03\/catalogo_nova_gama_latina_efapel_2021-1.pdf\">catalogo_nova_gama_latina_efapel_2021-1<\/a><\/p>\n","protected":false},"excerpt":{"rendered":"<p>A Nova Gama Latina da Efapel apresenta uma linha de produtos com um design sofisticado e solu\u00e7\u00f5es eficientes para todas as necessidades el\u00e9tricas. Com uma abordagem inovadora e de alta qualidade, esta gama \u00e9 a escolha ideal para quem procura confiabilidade, est\u00e9tica e funcionalidade em instala\u00e7\u00f5es el\u00e9tricas. Explora ao clicar abaixo. catalogo_nova_gama_latina_efapel_2021-1<\/p>\n","protected":false},"featured_media":517,"comment_status":"open","ping_status":"closed","template":"","meta":{"neve_meta_sidebar":"","neve_meta_container":"","neve_meta_enable_content_width":"off","neve_meta_content_width":100,"neve_meta_title_alignment":"","neve_meta_author_avatar":"","neve_post_elements_order":"","neve_meta_disable_header":"","neve_meta_disable_footer":"","neve_meta_disable_title":""},"product_brand":[],"product_cat":[25],"product_tag":[],"class_list":{"0":"post-515","1":"product","2":"type-product","3":"status-publish","4":"has-post-thumbnail","6":"product_cat-efapel","8":"first","9":"instock","10":"virtual","11":"product-type-simple"},"jetpack_sharing_enabled":true,"_links":{"self":[{"href":"https:\/\/electricidadeaguas.pt\/index.php?rest_route=\/wp\/v2\/product\/515","targetHints":{"allow":["GET"]}}],"collection":[{"href":"https:\/\/electricidadeaguas.pt\/index.php?rest_route=\/wp\/v2\/product"}],"about":[{"href":"https:\/\/electricidadeaguas.pt\/index.php?rest_route=\/wp\/v2\/types\/product"}],"replies":[{"embeddable":true,"href":"https:\/\/electricidadeaguas.pt\/index.php?rest_route=%2Fwp%2Fv2%2Fcomments&post=515"}],"wp:featuredmedia":[{"embeddable":true,"href":"https:\/\/electricidadeaguas.pt\/index.php?rest_route=\/wp\/v2\/media\/517"}],"wp:attachment":[{"href":"https:\/\/electricidadeaguas.pt\/index.php?rest_route=%2Fwp%2Fv2%2Fmedia&parent=515"}],"wp:term":[{"taxonomy":"product_brand","embeddable":true,"href":"https:\/\/electricidadeaguas.pt\/index.php?rest_route=%2Fwp%2Fv2%2Fproduct_brand&post=515"},{"taxonomy":"product_cat","embeddable":true,"href":"https:\/\/electricidadeaguas.pt\/index.php?rest_route=%2Fwp%2Fv2%2Fproduct_cat&post=515"},{"taxonomy":"product_tag","embeddable":true,"href":"https:\/\/electricidadeaguas.pt\/index.php?rest_route=%2Fwp%2Fv2%2Fproduct_tag&post=515"}],"curies":[{"name":"wp","href":"https:\/\/api.w.org\/{rel}","templated":true}]}}