{"id":518,"date":"2025-03-24T15:57:57","date_gmt":"2025-03-24T15:57:57","guid":{"rendered":"https:\/\/electricidadeaguas.pt\/?post_type=product&#038;p=518"},"modified":"2025-03-24T15:57:57","modified_gmt":"2025-03-24T15:57:57","slug":"catalogo-efapel-domus-40","status":"publish","type":"product","link":"https:\/\/electricidadeaguas.pt\/?product=catalogo-efapel-domus-40","title":{"rendered":"Cat\u00e1logo Efapel- Domus 40"},"content":{"rendered":"<p class=\"\" data-start=\"150\" data-end=\"458\">A <strong data-start=\"152\" data-end=\"164\">Domus 40<\/strong> da Efapel \u00e9 uma linha de produtos projetada para quem valoriza a qualidade e o design moderno em solu\u00e7\u00f5es el\u00e9tricas. Com um enfoque na inova\u00e7\u00e3o e na funcionalidade, esta gama oferece um acabamento sofisticado, ideal para quem procura um visual clean e atual para as suas instala\u00e7\u00f5es el\u00e9tricas.<\/p>\n<p class=\"\" data-start=\"460\" data-end=\"782\">Desenvolvida com materiais de alta durabilidade, a <strong data-start=\"511\" data-end=\"523\">Domus 40<\/strong> combina est\u00e9tica e efici\u00eancia, tornando-se a escolha perfeita para diferentes espa\u00e7os, desde residenciais a comerciais. A sua versatilidade permite uma integra\u00e7\u00e3o perfeita em qualquer tipo de decora\u00e7\u00e3o, com a confian\u00e7a e seguran\u00e7a que a marca Efapel oferece.<\/p>\n<p data-start=\"460\" data-end=\"782\">Explore mais abaixo.<\/p>\n<p data-start=\"460\" data-end=\"782\"><a href=\"http:\/\/electricidadeaguas.pt\/wp-content\/uploads\/2025\/03\/Catalogo-geral-domus40-efapel.pdf\">Catalogo-geral-domus40-efapel<\/a><\/p>\n","protected":false},"excerpt":{"rendered":"<p>A Domus 40 da Efapel \u00e9 uma linha de produtos projetada para quem valoriza a qualidade e o design moderno em solu\u00e7\u00f5es el\u00e9tricas. Com um enfoque na inova\u00e7\u00e3o e na funcionalidade, esta gama oferece um acabamento sofisticado, ideal para quem procura um visual clean e atual para as suas instala\u00e7\u00f5es el\u00e9tricas. Desenvolvida com materiais de&hellip;&nbsp;<a href=\"https:\/\/electricidadeaguas.pt\/?product=catalogo-efapel-domus-40\" rel=\"bookmark\">Ler mais &raquo;<span class=\"screen-reader-text\">Cat\u00e1logo Efapel- Domus 40<\/span><\/a><\/p>\n","protected":false},"featured_media":521,"comment_status":"open","ping_status":"closed","template":"","meta":{"neve_meta_sidebar":"","neve_meta_container":"","neve_meta_enable_content_width":"off","neve_meta_content_width":100,"neve_meta_title_alignment":"","neve_meta_author_avatar":"","neve_post_elements_order":"","neve_meta_disable_header":"","neve_meta_disable_footer":"","neve_meta_disable_title":""},"product_brand":[],"product_cat":[25],"product_tag":[],"class_list":{"0":"post-518","1":"product","2":"type-product","3":"status-publish","4":"has-post-thumbnail","6":"product_cat-efapel","8":"first","9":"instock","10":"virtual","11":"product-type-simple"},"jetpack_sharing_enabled":true,"_links":{"self":[{"href":"https:\/\/electricidadeaguas.pt\/index.php?rest_route=\/wp\/v2\/product\/518","targetHints":{"allow":["GET"]}}],"collection":[{"href":"https:\/\/electricidadeaguas.pt\/index.php?rest_route=\/wp\/v2\/product"}],"about":[{"href":"https:\/\/electricidadeaguas.pt\/index.php?rest_route=\/wp\/v2\/types\/product"}],"replies":[{"embeddable":true,"href":"https:\/\/electricidadeaguas.pt\/index.php?rest_route=%2Fwp%2Fv2%2Fcomments&post=518"}],"wp:featuredmedia":[{"embeddable":true,"href":"https:\/\/electricidadeaguas.pt\/index.php?rest_route=\/wp\/v2\/media\/521"}],"wp:attachment":[{"href":"https:\/\/electricidadeaguas.pt\/index.php?rest_route=%2Fwp%2Fv2%2Fmedia&parent=518"}],"wp:term":[{"taxonomy":"product_brand","embeddable":true,"href":"https:\/\/electricidadeaguas.pt\/index.php?rest_route=%2Fwp%2Fv2%2Fproduct_brand&post=518"},{"taxonomy":"product_cat","embeddable":true,"href":"https:\/\/electricidadeaguas.pt\/index.php?rest_route=%2Fwp%2Fv2%2Fproduct_cat&post=518"},{"taxonomy":"product_tag","embeddable":true,"href":"https:\/\/electricidadeaguas.pt\/index.php?rest_route=%2Fwp%2Fv2%2Fproduct_tag&post=518"}],"curies":[{"name":"wp","href":"https:\/\/api.w.org\/{rel}","templated":true}]}}