{"id":522,"date":"2025-03-24T16:01:28","date_gmt":"2025-03-24T16:01:28","guid":{"rendered":"https:\/\/electricidadeaguas.pt\/?post_type=product&#038;p=522"},"modified":"2025-03-24T16:01:28","modified_gmt":"2025-03-24T16:01:28","slug":"catalogo-efapel-carregadores-usb","status":"publish","type":"product","link":"https:\/\/electricidadeaguas.pt\/?product=catalogo-efapel-carregadores-usb","title":{"rendered":"Cat\u00e1logo Efapel &#8211; Carregadores USB"},"content":{"rendered":"<p class=\"\" data-start=\"173\" data-end=\"487\">Os <strong data-start=\"176\" data-end=\"196\">Carregadores USB<\/strong> da Efapel s\u00e3o a solu\u00e7\u00e3o perfeita para quem procura praticidade, seguran\u00e7a e efici\u00eancia no carregamento de dispositivos m\u00f3veis. Desenvolvidos com tecnologia de ponta, estes carregadores oferecem uma forma r\u00e1pida e segura de manter os seus dispositivos sempre carregados e prontos para o uso.<\/p>\n<p class=\"\" data-start=\"489\" data-end=\"814\">Com design moderno e compacto, os <strong data-start=\"523\" data-end=\"550\">Carregadores USB Efapel<\/strong> s\u00e3o ideais para integrar em qualquer ambiente, seja no escrit\u00f3rio, na sala de estar ou at\u00e9 no quarto. A sua instala\u00e7\u00e3o \u00e9 simples e a versatilidade permite que sejam utilizados em diversas situa\u00e7\u00f5es do dia a dia, garantindo sempre uma performance est\u00e1vel e segura.<\/p>\n<p data-start=\"489\" data-end=\"814\">Explore mais ao clicar baixo.<\/p>\n<p data-start=\"489\" data-end=\"814\"><a href=\"http:\/\/electricidadeaguas.pt\/wp-content\/uploads\/2025\/03\/Catalogo-Carregadores-USB-EFAPEL.pdf\">Catalogo-Carregadores-USB-EFAPEL<\/a><\/p>\n","protected":false},"excerpt":{"rendered":"<p>Os Carregadores USB da Efapel s\u00e3o a solu\u00e7\u00e3o perfeita para quem procura praticidade, seguran\u00e7a e efici\u00eancia no carregamento de dispositivos m\u00f3veis. Desenvolvidos com tecnologia de ponta, estes carregadores oferecem uma forma r\u00e1pida e segura de manter os seus dispositivos sempre carregados e prontos para o uso. Com design moderno e compacto, os Carregadores USB Efapel&hellip;&nbsp;<a href=\"https:\/\/electricidadeaguas.pt\/?product=catalogo-efapel-carregadores-usb\" rel=\"bookmark\">Ler mais &raquo;<span class=\"screen-reader-text\">Cat\u00e1logo Efapel &#8211; Carregadores USB<\/span><\/a><\/p>\n","protected":false},"featured_media":524,"comment_status":"open","ping_status":"closed","template":"","meta":{"neve_meta_sidebar":"","neve_meta_container":"","neve_meta_enable_content_width":"off","neve_meta_content_width":100,"neve_meta_title_alignment":"","neve_meta_author_avatar":"","neve_post_elements_order":"","neve_meta_disable_header":"","neve_meta_disable_footer":"","neve_meta_disable_title":""},"product_brand":[],"product_cat":[25],"product_tag":[],"class_list":{"0":"post-522","1":"product","2":"type-product","3":"status-publish","4":"has-post-thumbnail","6":"product_cat-efapel","8":"first","9":"instock","10":"virtual","11":"product-type-simple"},"jetpack_sharing_enabled":true,"_links":{"self":[{"href":"https:\/\/electricidadeaguas.pt\/index.php?rest_route=\/wp\/v2\/product\/522","targetHints":{"allow":["GET"]}}],"collection":[{"href":"https:\/\/electricidadeaguas.pt\/index.php?rest_route=\/wp\/v2\/product"}],"about":[{"href":"https:\/\/electricidadeaguas.pt\/index.php?rest_route=\/wp\/v2\/types\/product"}],"replies":[{"embeddable":true,"href":"https:\/\/electricidadeaguas.pt\/index.php?rest_route=%2Fwp%2Fv2%2Fcomments&post=522"}],"wp:featuredmedia":[{"embeddable":true,"href":"https:\/\/electricidadeaguas.pt\/index.php?rest_route=\/wp\/v2\/media\/524"}],"wp:attachment":[{"href":"https:\/\/electricidadeaguas.pt\/index.php?rest_route=%2Fwp%2Fv2%2Fmedia&parent=522"}],"wp:term":[{"taxonomy":"product_brand","embeddable":true,"href":"https:\/\/electricidadeaguas.pt\/index.php?rest_route=%2Fwp%2Fv2%2Fproduct_brand&post=522"},{"taxonomy":"product_cat","embeddable":true,"href":"https:\/\/electricidadeaguas.pt\/index.php?rest_route=%2Fwp%2Fv2%2Fproduct_cat&post=522"},{"taxonomy":"product_tag","embeddable":true,"href":"https:\/\/electricidadeaguas.pt\/index.php?rest_route=%2Fwp%2Fv2%2Fproduct_tag&post=522"}],"curies":[{"name":"wp","href":"https:\/\/api.w.org\/{rel}","templated":true}]}}