{"id":525,"date":"2025-03-24T16:05:26","date_gmt":"2025-03-24T16:05:26","guid":{"rendered":"https:\/\/electricidadeaguas.pt\/?post_type=product&#038;p=525"},"modified":"2025-03-24T16:05:28","modified_gmt":"2025-03-24T16:05:28","slug":"catalogo-efapel-som-ambiente","status":"publish","type":"product","link":"https:\/\/electricidadeaguas.pt\/?product=catalogo-efapel-som-ambiente","title":{"rendered":"Cat\u00e1logo Efapel &#8211; Som Ambiente"},"content":{"rendered":"<p class=\"\" data-start=\"162\" data-end=\"503\">A linha <strong data-start=\"170\" data-end=\"186\">Som Ambiente<\/strong> da Efapel oferece solu\u00e7\u00f5es inovadoras para criar um ambiente sonoro de qualidade superior, integrando-se perfeitamente ao design do seu espa\u00e7o. Ideal para quem procura um som imersivo e de alta defini\u00e7\u00e3o, esta gama proporciona a melhor experi\u00eancia ac\u00fastica, seja em espa\u00e7os residenciais, comerciais ou profissionais.<\/p>\n<p class=\"\" data-start=\"505\" data-end=\"791\">Com tecnologia avan\u00e7ada e um design discreto, os produtos <strong data-start=\"563\" data-end=\"586\">Som Ambiente Efapel<\/strong> permitem uma instala\u00e7\u00e3o simples, garantindo que o som seja distribu\u00eddo de forma homog\u00e9nea por todo o ambiente. Ideal para quem valoriza n\u00e3o s\u00f3 a est\u00e9tica, mas tamb\u00e9m a funcionalidade e a qualidade de som.<\/p>\n<p data-start=\"505\" data-end=\"791\">Explore mais ao clicar abaixo.<\/p>\n<p data-start=\"505\" data-end=\"791\"><a href=\"http:\/\/electricidadeaguas.pt\/wp-content\/uploads\/2025\/03\/Catalogo-Geral-Som-Ambiente-EFAPEL.pdf\">Catalogo-Geral-Som-Ambiente-EFAPEL<\/a><\/p>\n","protected":false},"excerpt":{"rendered":"<p>A linha Som Ambiente da Efapel oferece solu\u00e7\u00f5es inovadoras para criar um ambiente sonoro de qualidade superior, integrando-se perfeitamente ao design do seu espa\u00e7o. Ideal para quem procura um som imersivo e de alta defini\u00e7\u00e3o, esta gama proporciona a melhor experi\u00eancia ac\u00fastica, seja em espa\u00e7os residenciais, comerciais ou profissionais. Com tecnologia avan\u00e7ada e um design&hellip;&nbsp;<a href=\"https:\/\/electricidadeaguas.pt\/?product=catalogo-efapel-som-ambiente\" rel=\"bookmark\">Ler mais &raquo;<span class=\"screen-reader-text\">Cat\u00e1logo Efapel &#8211; Som Ambiente<\/span><\/a><\/p>\n","protected":false},"featured_media":527,"comment_status":"open","ping_status":"closed","template":"","meta":{"neve_meta_sidebar":"","neve_meta_container":"","neve_meta_enable_content_width":"off","neve_meta_content_width":100,"neve_meta_title_alignment":"","neve_meta_author_avatar":"","neve_post_elements_order":"","neve_meta_disable_header":"","neve_meta_disable_footer":"","neve_meta_disable_title":""},"product_brand":[],"product_cat":[25],"product_tag":[],"class_list":{"0":"post-525","1":"product","2":"type-product","3":"status-publish","4":"has-post-thumbnail","6":"product_cat-efapel","8":"first","9":"instock","10":"virtual","11":"product-type-simple"},"jetpack_sharing_enabled":true,"_links":{"self":[{"href":"https:\/\/electricidadeaguas.pt\/index.php?rest_route=\/wp\/v2\/product\/525","targetHints":{"allow":["GET"]}}],"collection":[{"href":"https:\/\/electricidadeaguas.pt\/index.php?rest_route=\/wp\/v2\/product"}],"about":[{"href":"https:\/\/electricidadeaguas.pt\/index.php?rest_route=\/wp\/v2\/types\/product"}],"replies":[{"embeddable":true,"href":"https:\/\/electricidadeaguas.pt\/index.php?rest_route=%2Fwp%2Fv2%2Fcomments&post=525"}],"wp:featuredmedia":[{"embeddable":true,"href":"https:\/\/electricidadeaguas.pt\/index.php?rest_route=\/wp\/v2\/media\/527"}],"wp:attachment":[{"href":"https:\/\/electricidadeaguas.pt\/index.php?rest_route=%2Fwp%2Fv2%2Fmedia&parent=525"}],"wp:term":[{"taxonomy":"product_brand","embeddable":true,"href":"https:\/\/electricidadeaguas.pt\/index.php?rest_route=%2Fwp%2Fv2%2Fproduct_brand&post=525"},{"taxonomy":"product_cat","embeddable":true,"href":"https:\/\/electricidadeaguas.pt\/index.php?rest_route=%2Fwp%2Fv2%2Fproduct_cat&post=525"},{"taxonomy":"product_tag","embeddable":true,"href":"https:\/\/electricidadeaguas.pt\/index.php?rest_route=%2Fwp%2Fv2%2Fproduct_tag&post=525"}],"curies":[{"name":"wp","href":"https:\/\/api.w.org\/{rel}","templated":true}]}}