{"id":528,"date":"2025-03-24T16:10:58","date_gmt":"2025-03-24T16:10:58","guid":{"rendered":"https:\/\/electricidadeaguas.pt\/?post_type=product&#038;p=528"},"modified":"2025-03-24T16:10:59","modified_gmt":"2025-03-24T16:10:59","slug":"catalogo-efapel-calhas-tecnicas","status":"publish","type":"product","link":"https:\/\/electricidadeaguas.pt\/?product=catalogo-efapel-calhas-tecnicas","title":{"rendered":"Cat\u00e1logo Efapel &#8211; Calhas T\u00e9cnicas"},"content":{"rendered":"<p class=\"\" data-start=\"180\" data-end=\"498\">As <strong data-start=\"183\" data-end=\"209\">Calhas T\u00e9cnicas Efapel<\/strong> oferecem solu\u00e7\u00f5es robustas e eficazes para a organiza\u00e7\u00e3o e prote\u00e7\u00e3o de cabos e fios em instala\u00e7\u00f5es el\u00e9tricas. Desenvolvidas com materiais de alta qualidade, estas calhas s\u00e3o ideais para espa\u00e7os residenciais, comerciais e industriais, garantindo seguran\u00e7a e efici\u00eancia na gest\u00e3o dos cabos.<\/p>\n<p class=\"\" data-start=\"500\" data-end=\"847\">Com um design discreto e funcional, as <strong data-start=\"539\" data-end=\"565\">Calhas T\u00e9cnicas Efapel<\/strong> s\u00e3o perfeitas para garantir que a sua instala\u00e7\u00e3o el\u00e9trica esteja sempre organizada e sem sobrecarga de cabos, facilitando a manuten\u00e7\u00e3o e melhorando a seguran\u00e7a. A sua instala\u00e7\u00e3o simples e a versatilidade tornam-nas a escolha ideal para diferentes tipos de ambientes e necessidades.<\/p>\n<p data-start=\"500\" data-end=\"847\">Explore mais ao clicar abaixo.<\/p>\n<p data-start=\"500\" data-end=\"847\"><a href=\"http:\/\/electricidadeaguas.pt\/wp-content\/uploads\/2025\/03\/Catalogo-calhas-tecnicas-2023.pdf\">Catalogo-calhas-tecnicas-2023<\/a><\/p>\n","protected":false},"excerpt":{"rendered":"<p>As Calhas T\u00e9cnicas Efapel oferecem solu\u00e7\u00f5es robustas e eficazes para a organiza\u00e7\u00e3o e prote\u00e7\u00e3o de cabos e fios em instala\u00e7\u00f5es el\u00e9tricas. Desenvolvidas com materiais de alta qualidade, estas calhas s\u00e3o ideais para espa\u00e7os residenciais, comerciais e industriais, garantindo seguran\u00e7a e efici\u00eancia na gest\u00e3o dos cabos. Com um design discreto e funcional, as Calhas T\u00e9cnicas Efapel&hellip;&nbsp;<a href=\"https:\/\/electricidadeaguas.pt\/?product=catalogo-efapel-calhas-tecnicas\" rel=\"bookmark\">Ler mais &raquo;<span class=\"screen-reader-text\">Cat\u00e1logo Efapel &#8211; Calhas T\u00e9cnicas<\/span><\/a><\/p>\n","protected":false},"featured_media":530,"comment_status":"open","ping_status":"closed","template":"","meta":{"neve_meta_sidebar":"","neve_meta_container":"","neve_meta_enable_content_width":"off","neve_meta_content_width":100,"neve_meta_title_alignment":"","neve_meta_author_avatar":"","neve_post_elements_order":"","neve_meta_disable_header":"","neve_meta_disable_footer":"","neve_meta_disable_title":""},"product_brand":[],"product_cat":[25],"product_tag":[],"class_list":{"0":"post-528","1":"product","2":"type-product","3":"status-publish","4":"has-post-thumbnail","6":"product_cat-efapel","8":"first","9":"instock","10":"virtual","11":"product-type-simple"},"jetpack_sharing_enabled":true,"_links":{"self":[{"href":"https:\/\/electricidadeaguas.pt\/index.php?rest_route=\/wp\/v2\/product\/528","targetHints":{"allow":["GET"]}}],"collection":[{"href":"https:\/\/electricidadeaguas.pt\/index.php?rest_route=\/wp\/v2\/product"}],"about":[{"href":"https:\/\/electricidadeaguas.pt\/index.php?rest_route=\/wp\/v2\/types\/product"}],"replies":[{"embeddable":true,"href":"https:\/\/electricidadeaguas.pt\/index.php?rest_route=%2Fwp%2Fv2%2Fcomments&post=528"}],"wp:featuredmedia":[{"embeddable":true,"href":"https:\/\/electricidadeaguas.pt\/index.php?rest_route=\/wp\/v2\/media\/530"}],"wp:attachment":[{"href":"https:\/\/electricidadeaguas.pt\/index.php?rest_route=%2Fwp%2Fv2%2Fmedia&parent=528"}],"wp:term":[{"taxonomy":"product_brand","embeddable":true,"href":"https:\/\/electricidadeaguas.pt\/index.php?rest_route=%2Fwp%2Fv2%2Fproduct_brand&post=528"},{"taxonomy":"product_cat","embeddable":true,"href":"https:\/\/electricidadeaguas.pt\/index.php?rest_route=%2Fwp%2Fv2%2Fproduct_cat&post=528"},{"taxonomy":"product_tag","embeddable":true,"href":"https:\/\/electricidadeaguas.pt\/index.php?rest_route=%2Fwp%2Fv2%2Fproduct_tag&post=528"}],"curies":[{"name":"wp","href":"https:\/\/api.w.org\/{rel}","templated":true}]}}