{"id":537,"date":"2025-03-24T16:26:12","date_gmt":"2025-03-24T16:26:12","guid":{"rendered":"https:\/\/electricidadeaguas.pt\/?post_type=product&#038;p=537"},"modified":"2025-03-24T16:26:13","modified_gmt":"2025-03-24T16:26:13","slug":"catalogo-efapel-postos-de-trabalho","status":"publish","type":"product","link":"https:\/\/electricidadeaguas.pt\/?product=catalogo-efapel-postos-de-trabalho","title":{"rendered":"Cat\u00e1logo Efapel &#8211; Postos de trabalho"},"content":{"rendered":"<p class=\"\" data-start=\"192\" data-end=\"554\">A linha <strong data-start=\"200\" data-end=\"229\">Postos de Trabalho Efapel<\/strong> oferece solu\u00e7\u00f5es inovadoras para ambientes profissionais, com foco na organiza\u00e7\u00e3o, funcionalidade e ergonomia. Criados para otimizar o espa\u00e7o de trabalho e proporcionar um ambiente mais confort\u00e1vel e produtivo, os <strong data-start=\"444\" data-end=\"473\">Postos de Trabalho Efapel<\/strong> s\u00e3o ideais para escrit\u00f3rios modernos, espa\u00e7os comerciais e \u00e1reas de atendimento.<\/p>\n<p class=\"\" data-start=\"556\" data-end=\"889\">Com design elegante e componentes de alta qualidade, os postos de trabalho da Efapel garantem efici\u00eancia na gest\u00e3o de cabos e equipamentos, melhorando a organiza\u00e7\u00e3o e a est\u00e9tica do seu ambiente profissional. Al\u00e9m disso, proporcionam maior conforto ao usu\u00e1rio, com solu\u00e7\u00f5es que atendem \u00e0s necessidades de diferentes tipos de trabalho.<\/p>\n<p data-start=\"556\" data-end=\"889\">Tenha mais informa\u00e7\u00f5es ao clicar abaixo.<\/p>\n<p data-start=\"556\" data-end=\"889\"><a href=\"http:\/\/electricidadeaguas.pt\/wp-content\/uploads\/2025\/03\/Catalogo-Postos-de-Trabalho-EFAPEL.pdf\">Catalogo-Postos-de-Trabalho-EFAPEL<\/a><\/p>\n","protected":false},"excerpt":{"rendered":"<p>A linha Postos de Trabalho Efapel oferece solu\u00e7\u00f5es inovadoras para ambientes profissionais, com foco na organiza\u00e7\u00e3o, funcionalidade e ergonomia. Criados para otimizar o espa\u00e7o de trabalho e proporcionar um ambiente mais confort\u00e1vel e produtivo, os Postos de Trabalho Efapel s\u00e3o ideais para escrit\u00f3rios modernos, espa\u00e7os comerciais e \u00e1reas de atendimento. Com design elegante e componentes&hellip;&nbsp;<a href=\"https:\/\/electricidadeaguas.pt\/?product=catalogo-efapel-postos-de-trabalho\" rel=\"bookmark\">Ler mais &raquo;<span class=\"screen-reader-text\">Cat\u00e1logo Efapel &#8211; Postos de trabalho<\/span><\/a><\/p>\n","protected":false},"featured_media":539,"comment_status":"open","ping_status":"closed","template":"","meta":{"neve_meta_sidebar":"","neve_meta_container":"","neve_meta_enable_content_width":"off","neve_meta_content_width":100,"neve_meta_title_alignment":"","neve_meta_author_avatar":"","neve_post_elements_order":"","neve_meta_disable_header":"","neve_meta_disable_footer":"","neve_meta_disable_title":""},"product_brand":[],"product_cat":[25],"product_tag":[],"class_list":{"0":"post-537","1":"product","2":"type-product","3":"status-publish","4":"has-post-thumbnail","6":"product_cat-efapel","8":"first","9":"instock","10":"virtual","11":"product-type-simple"},"jetpack_sharing_enabled":true,"_links":{"self":[{"href":"https:\/\/electricidadeaguas.pt\/index.php?rest_route=\/wp\/v2\/product\/537","targetHints":{"allow":["GET"]}}],"collection":[{"href":"https:\/\/electricidadeaguas.pt\/index.php?rest_route=\/wp\/v2\/product"}],"about":[{"href":"https:\/\/electricidadeaguas.pt\/index.php?rest_route=\/wp\/v2\/types\/product"}],"replies":[{"embeddable":true,"href":"https:\/\/electricidadeaguas.pt\/index.php?rest_route=%2Fwp%2Fv2%2Fcomments&post=537"}],"wp:featuredmedia":[{"embeddable":true,"href":"https:\/\/electricidadeaguas.pt\/index.php?rest_route=\/wp\/v2\/media\/539"}],"wp:attachment":[{"href":"https:\/\/electricidadeaguas.pt\/index.php?rest_route=%2Fwp%2Fv2%2Fmedia&parent=537"}],"wp:term":[{"taxonomy":"product_brand","embeddable":true,"href":"https:\/\/electricidadeaguas.pt\/index.php?rest_route=%2Fwp%2Fv2%2Fproduct_brand&post=537"},{"taxonomy":"product_cat","embeddable":true,"href":"https:\/\/electricidadeaguas.pt\/index.php?rest_route=%2Fwp%2Fv2%2Fproduct_cat&post=537"},{"taxonomy":"product_tag","embeddable":true,"href":"https:\/\/electricidadeaguas.pt\/index.php?rest_route=%2Fwp%2Fv2%2Fproduct_tag&post=537"}],"curies":[{"name":"wp","href":"https:\/\/api.w.org\/{rel}","templated":true}]}}