{"id":540,"date":"2025-03-24T16:30:20","date_gmt":"2025-03-24T16:30:20","guid":{"rendered":"https:\/\/electricidadeaguas.pt\/?post_type=product&#038;p=540"},"modified":"2025-03-24T16:30:21","modified_gmt":"2025-03-24T16:30:21","slug":"catalogo-efapel-novas-funcionalidades","status":"publish","type":"product","link":"https:\/\/electricidadeaguas.pt\/?product=catalogo-efapel-novas-funcionalidades","title":{"rendered":"Cat\u00e1logo Efapel &#8211; Novas funcionalidades"},"content":{"rendered":"<p class=\"\" data-start=\"171\" data-end=\"596\">A <strong data-start=\"173\" data-end=\"183\">Efapel<\/strong> continua a inovar com a introdu\u00e7\u00e3o de novas funcionalidades em diversos produtos da sua gama, proporcionando solu\u00e7\u00f5es ainda mais inteligentes e eficientes para as suas instala\u00e7\u00f5es el\u00e9tricas. Com um compromisso constante com a qualidade e a modernidade, as <strong data-start=\"440\" data-end=\"472\">Novas Funcionalidades Efapel<\/strong> foram desenvolvidas para melhorar a experi\u00eancia do utilizador, aumentar a efici\u00eancia energ\u00e9tica e garantir maior seguran\u00e7a.<\/p>\n<p class=\"\" data-start=\"598\" data-end=\"936\">Cada funcionalidade foi pensada para responder \u00e0s necessidades do mercado moderno, incorporando tecnologia avan\u00e7ada, design intuitivo e facilidade de uso. Seja para automatizar processos, melhorar a conectividade ou otimizar o consumo de energia, as novas funcionalidades da Efapel trazem mais praticidade e inova\u00e7\u00e3o para o seu dia a dia.<\/p>\n<p data-start=\"598\" data-end=\"936\">Tenha mais informa\u00e7\u00f5es ao clicar abaixo.<\/p>\n<p data-start=\"598\" data-end=\"936\"><a href=\"http:\/\/electricidadeaguas.pt\/wp-content\/uploads\/2025\/03\/Catalogo-novas-funcionalidades-mec21-e-mecq45.pdf\">Catalogo-novas-funcionalidades-mec21-e-mecq45<\/a><\/p>\n","protected":false},"excerpt":{"rendered":"<p>A Efapel continua a inovar com a introdu\u00e7\u00e3o de novas funcionalidades em diversos produtos da sua gama, proporcionando solu\u00e7\u00f5es ainda mais inteligentes e eficientes para as suas instala\u00e7\u00f5es el\u00e9tricas. Com um compromisso constante com a qualidade e a modernidade, as Novas Funcionalidades Efapel foram desenvolvidas para melhorar a experi\u00eancia do utilizador, aumentar a efici\u00eancia energ\u00e9tica&hellip;&nbsp;<a href=\"https:\/\/electricidadeaguas.pt\/?product=catalogo-efapel-novas-funcionalidades\" rel=\"bookmark\">Ler mais &raquo;<span class=\"screen-reader-text\">Cat\u00e1logo Efapel &#8211; Novas funcionalidades<\/span><\/a><\/p>\n","protected":false},"featured_media":542,"comment_status":"open","ping_status":"closed","template":"","meta":{"neve_meta_sidebar":"","neve_meta_container":"","neve_meta_enable_content_width":"off","neve_meta_content_width":100,"neve_meta_title_alignment":"","neve_meta_author_avatar":"","neve_post_elements_order":"","neve_meta_disable_header":"","neve_meta_disable_footer":"","neve_meta_disable_title":""},"product_brand":[],"product_cat":[25],"product_tag":[],"class_list":{"0":"post-540","1":"product","2":"type-product","3":"status-publish","4":"has-post-thumbnail","6":"product_cat-efapel","8":"first","9":"instock","10":"virtual","11":"product-type-simple"},"jetpack_sharing_enabled":true,"_links":{"self":[{"href":"https:\/\/electricidadeaguas.pt\/index.php?rest_route=\/wp\/v2\/product\/540","targetHints":{"allow":["GET"]}}],"collection":[{"href":"https:\/\/electricidadeaguas.pt\/index.php?rest_route=\/wp\/v2\/product"}],"about":[{"href":"https:\/\/electricidadeaguas.pt\/index.php?rest_route=\/wp\/v2\/types\/product"}],"replies":[{"embeddable":true,"href":"https:\/\/electricidadeaguas.pt\/index.php?rest_route=%2Fwp%2Fv2%2Fcomments&post=540"}],"wp:featuredmedia":[{"embeddable":true,"href":"https:\/\/electricidadeaguas.pt\/index.php?rest_route=\/wp\/v2\/media\/542"}],"wp:attachment":[{"href":"https:\/\/electricidadeaguas.pt\/index.php?rest_route=%2Fwp%2Fv2%2Fmedia&parent=540"}],"wp:term":[{"taxonomy":"product_brand","embeddable":true,"href":"https:\/\/electricidadeaguas.pt\/index.php?rest_route=%2Fwp%2Fv2%2Fproduct_brand&post=540"},{"taxonomy":"product_cat","embeddable":true,"href":"https:\/\/electricidadeaguas.pt\/index.php?rest_route=%2Fwp%2Fv2%2Fproduct_cat&post=540"},{"taxonomy":"product_tag","embeddable":true,"href":"https:\/\/electricidadeaguas.pt\/index.php?rest_route=%2Fwp%2Fv2%2Fproduct_tag&post=540"}],"curies":[{"name":"wp","href":"https:\/\/api.w.org\/{rel}","templated":true}]}}