{"id":543,"date":"2025-03-24T16:34:20","date_gmt":"2025-03-24T16:34:20","guid":{"rendered":"https:\/\/electricidadeaguas.pt\/?post_type=product&#038;p=543"},"modified":"2025-03-24T16:34:20","modified_gmt":"2025-03-24T16:34:20","slug":"catalogo-efapel-caixa-saliente-siza","status":"publish","type":"product","link":"https:\/\/electricidadeaguas.pt\/?product=catalogo-efapel-caixa-saliente-siza","title":{"rendered":"Cat\u00e1logo Efapel &#8211; Caixa Saliente Siza"},"content":{"rendered":"<p class=\"\" data-start=\"179\" data-end=\"501\">As <strong data-start=\"182\" data-end=\"209\">Caixas Salientes Efapel<\/strong> s\u00e3o a escolha ideal para quem procura seguran\u00e7a e praticidade em instala\u00e7\u00f5es el\u00e9tricas. Desenvolvidas com materiais de alta qualidade, estas caixas s\u00e3o perfeitas para a instala\u00e7\u00e3o de tomadas, interruptores e outros dispositivos el\u00e9tricos em ambientes residenciais, comerciais ou industriais.<\/p>\n<p class=\"\" data-start=\"503\" data-end=\"837\">Com um design funcional e resistente, as <strong data-start=\"544\" data-end=\"571\">Caixas Salientes Efapel<\/strong> garantem prote\u00e7\u00e3o e organiza\u00e7\u00e3o dos componentes el\u00e9tricos, al\u00e9m de facilitarem a instala\u00e7\u00e3o, tornando o processo mais r\u00e1pido e eficiente. A sua versatilidade permite que se adaptem a diferentes configura\u00e7\u00f5es de instala\u00e7\u00e3o, oferecendo uma solu\u00e7\u00e3o segura e duradoura.<\/p>\n<p data-start=\"503\" data-end=\"837\">Explore mais ao clicar abaixo.<\/p>\n<p data-start=\"503\" data-end=\"837\"><a href=\"http:\/\/electricidadeaguas.pt\/wp-content\/uploads\/2025\/03\/Catalogo-Caixa-Saliente-Siza.pdf\">Catalogo-Caixa-Saliente-Siza<\/a><\/p>\n","protected":false},"excerpt":{"rendered":"<p>As Caixas Salientes Efapel s\u00e3o a escolha ideal para quem procura seguran\u00e7a e praticidade em instala\u00e7\u00f5es el\u00e9tricas. Desenvolvidas com materiais de alta qualidade, estas caixas s\u00e3o perfeitas para a instala\u00e7\u00e3o de tomadas, interruptores e outros dispositivos el\u00e9tricos em ambientes residenciais, comerciais ou industriais. Com um design funcional e resistente, as Caixas Salientes Efapel garantem prote\u00e7\u00e3o&hellip;&nbsp;<a href=\"https:\/\/electricidadeaguas.pt\/?product=catalogo-efapel-caixa-saliente-siza\" rel=\"bookmark\">Ler mais &raquo;<span class=\"screen-reader-text\">Cat\u00e1logo Efapel &#8211; Caixa Saliente Siza<\/span><\/a><\/p>\n","protected":false},"featured_media":545,"comment_status":"open","ping_status":"closed","template":"","meta":{"neve_meta_sidebar":"","neve_meta_container":"","neve_meta_enable_content_width":"off","neve_meta_content_width":100,"neve_meta_title_alignment":"","neve_meta_author_avatar":"","neve_post_elements_order":"","neve_meta_disable_header":"","neve_meta_disable_footer":"","neve_meta_disable_title":""},"product_brand":[],"product_cat":[25],"product_tag":[],"class_list":{"0":"post-543","1":"product","2":"type-product","3":"status-publish","4":"has-post-thumbnail","6":"product_cat-efapel","8":"first","9":"instock","10":"virtual","11":"product-type-simple"},"jetpack_sharing_enabled":true,"_links":{"self":[{"href":"https:\/\/electricidadeaguas.pt\/index.php?rest_route=\/wp\/v2\/product\/543","targetHints":{"allow":["GET"]}}],"collection":[{"href":"https:\/\/electricidadeaguas.pt\/index.php?rest_route=\/wp\/v2\/product"}],"about":[{"href":"https:\/\/electricidadeaguas.pt\/index.php?rest_route=\/wp\/v2\/types\/product"}],"replies":[{"embeddable":true,"href":"https:\/\/electricidadeaguas.pt\/index.php?rest_route=%2Fwp%2Fv2%2Fcomments&post=543"}],"wp:featuredmedia":[{"embeddable":true,"href":"https:\/\/electricidadeaguas.pt\/index.php?rest_route=\/wp\/v2\/media\/545"}],"wp:attachment":[{"href":"https:\/\/electricidadeaguas.pt\/index.php?rest_route=%2Fwp%2Fv2%2Fmedia&parent=543"}],"wp:term":[{"taxonomy":"product_brand","embeddable":true,"href":"https:\/\/electricidadeaguas.pt\/index.php?rest_route=%2Fwp%2Fv2%2Fproduct_brand&post=543"},{"taxonomy":"product_cat","embeddable":true,"href":"https:\/\/electricidadeaguas.pt\/index.php?rest_route=%2Fwp%2Fv2%2Fproduct_cat&post=543"},{"taxonomy":"product_tag","embeddable":true,"href":"https:\/\/electricidadeaguas.pt\/index.php?rest_route=%2Fwp%2Fv2%2Fproduct_tag&post=543"}],"curies":[{"name":"wp","href":"https:\/\/api.w.org\/{rel}","templated":true}]}}