{"id":546,"date":"2025-03-24T16:41:58","date_gmt":"2025-03-24T16:41:58","guid":{"rendered":"https:\/\/electricidadeaguas.pt\/?post_type=product&#038;p=546"},"modified":"2025-03-24T16:41:59","modified_gmt":"2025-03-24T16:41:59","slug":"catalogo-efapel-aparelhagens-de-embeber","status":"publish","type":"product","link":"https:\/\/electricidadeaguas.pt\/?product=catalogo-efapel-aparelhagens-de-embeber","title":{"rendered":"Cat\u00e1logo Efapel &#8211; Aparelhagens de Embeber"},"content":{"rendered":"<p class=\"\" data-start=\"205\" data-end=\"642\">As <strong data-start=\"208\" data-end=\"242\">Aparelhagens de Embeber Efapel<\/strong> oferecem uma solu\u00e7\u00e3o discreta e eficaz para a instala\u00e7\u00e3o de dispositivos el\u00e9tricos, como tomadas e interruptores, embutidos nas paredes, garantindo uma apar\u00eancia clean e moderna para qualquer ambiente. Ideal para quem busca um acabamento elegante, as <strong data-start=\"494\" data-end=\"528\">Aparelhagens de Embeber Efapel<\/strong> s\u00e3o perfeitas para ambientes residenciais, comerciais e industriais que exigem um design mais s\u00f3brio e funcional.<\/p>\n<p class=\"\" data-start=\"644\" data-end=\"992\">Desenvolvidas com materiais de alta qualidade, estas aparelhagens garantem seguran\u00e7a, durabilidade e f\u00e1cil manuten\u00e7\u00e3o, permitindo uma instala\u00e7\u00e3o pr\u00e1tica e de longa dura\u00e7\u00e3o. A linha de <strong data-start=\"828\" data-end=\"862\">Aparelhagens de Embeber Efapel<\/strong> combina est\u00e9tica e performance, com solu\u00e7\u00f5es ideais para quem busca otimizar o espa\u00e7o sem comprometer a qualidade ou a seguran\u00e7a.<\/p>\n<p data-start=\"644\" data-end=\"992\">Explore mais ao clicar abaixo.<\/p>\n<p data-start=\"644\" data-end=\"992\">\u00a0<a href=\"http:\/\/electricidadeaguas.pt\/wp-content\/uploads\/2025\/03\/Catalogo-aperelhagem-de-embeber-efapel.pdf\">Catalogo-aperelhagem-de-embeber-efapel<\/a><\/p>\n","protected":false},"excerpt":{"rendered":"<p>As Aparelhagens de Embeber Efapel oferecem uma solu\u00e7\u00e3o discreta e eficaz para a instala\u00e7\u00e3o de dispositivos el\u00e9tricos, como tomadas e interruptores, embutidos nas paredes, garantindo uma apar\u00eancia clean e moderna para qualquer ambiente. Ideal para quem busca um acabamento elegante, as Aparelhagens de Embeber Efapel s\u00e3o perfeitas para ambientes residenciais, comerciais e industriais que exigem&hellip;&nbsp;<a href=\"https:\/\/electricidadeaguas.pt\/?product=catalogo-efapel-aparelhagens-de-embeber\" rel=\"bookmark\">Ler mais &raquo;<span class=\"screen-reader-text\">Cat\u00e1logo Efapel &#8211; Aparelhagens de Embeber<\/span><\/a><\/p>\n","protected":false},"featured_media":547,"comment_status":"open","ping_status":"closed","template":"","meta":{"neve_meta_sidebar":"","neve_meta_container":"","neve_meta_enable_content_width":"off","neve_meta_content_width":100,"neve_meta_title_alignment":"","neve_meta_author_avatar":"","neve_post_elements_order":"","neve_meta_disable_header":"","neve_meta_disable_footer":"","neve_meta_disable_title":""},"product_brand":[],"product_cat":[25],"product_tag":[],"class_list":{"0":"post-546","1":"product","2":"type-product","3":"status-publish","4":"has-post-thumbnail","6":"product_cat-efapel","8":"first","9":"instock","10":"virtual","11":"product-type-simple"},"jetpack_sharing_enabled":true,"_links":{"self":[{"href":"https:\/\/electricidadeaguas.pt\/index.php?rest_route=\/wp\/v2\/product\/546","targetHints":{"allow":["GET"]}}],"collection":[{"href":"https:\/\/electricidadeaguas.pt\/index.php?rest_route=\/wp\/v2\/product"}],"about":[{"href":"https:\/\/electricidadeaguas.pt\/index.php?rest_route=\/wp\/v2\/types\/product"}],"replies":[{"embeddable":true,"href":"https:\/\/electricidadeaguas.pt\/index.php?rest_route=%2Fwp%2Fv2%2Fcomments&post=546"}],"wp:featuredmedia":[{"embeddable":true,"href":"https:\/\/electricidadeaguas.pt\/index.php?rest_route=\/wp\/v2\/media\/547"}],"wp:attachment":[{"href":"https:\/\/electricidadeaguas.pt\/index.php?rest_route=%2Fwp%2Fv2%2Fmedia&parent=546"}],"wp:term":[{"taxonomy":"product_brand","embeddable":true,"href":"https:\/\/electricidadeaguas.pt\/index.php?rest_route=%2Fwp%2Fv2%2Fproduct_brand&post=546"},{"taxonomy":"product_cat","embeddable":true,"href":"https:\/\/electricidadeaguas.pt\/index.php?rest_route=%2Fwp%2Fv2%2Fproduct_cat&post=546"},{"taxonomy":"product_tag","embeddable":true,"href":"https:\/\/electricidadeaguas.pt\/index.php?rest_route=%2Fwp%2Fv2%2Fproduct_tag&post=546"}],"curies":[{"name":"wp","href":"https:\/\/api.w.org\/{rel}","templated":true}]}}