{"id":552,"date":"2025-03-24T16:49:39","date_gmt":"2025-03-24T16:49:39","guid":{"rendered":"https:\/\/electricidadeaguas.pt\/?post_type=product&#038;p=552"},"modified":"2025-03-24T16:49:39","modified_gmt":"2025-03-24T16:49:39","slug":"catalogo-efapel-tomada-para-carregar-veiculos-eletricos","status":"publish","type":"product","link":"https:\/\/electricidadeaguas.pt\/?product=catalogo-efapel-tomada-para-carregar-veiculos-eletricos","title":{"rendered":"Cat\u00e1logo Efapel &#8211; Tomada para carregar ve\u00edculos el\u00e9tricos"},"content":{"rendered":"<p class=\"\" data-start=\"227\" data-end=\"593\">A <strong data-start=\"229\" data-end=\"279\">Tomada para Carregar Ve\u00edculos El\u00e9tricos Efapel<\/strong> foi projetada para oferecer uma solu\u00e7\u00e3o pr\u00e1tica e segura para o carregamento de ve\u00edculos el\u00e9tricos em ambientes residenciais ou comerciais. Com a crescente demanda por ve\u00edculos mais ecol\u00f3gicos, esta tomada \u00e9 ideal para quem busca facilitar o acesso \u00e0 carga, com a qualidade e seguran\u00e7a que a marca Efapel oferece.<\/p>\n<p class=\"\" data-start=\"595\" data-end=\"940\">Desenvolvida para suportar altas correntes de carga, a <strong data-start=\"650\" data-end=\"700\">Tomada para Carregar Ve\u00edculos El\u00e9tricos Efapel<\/strong> \u00e9 compat\u00edvel com os principais modelos de ve\u00edculos el\u00e9tricos, garantindo um carregamento r\u00e1pido e eficiente. A sua instala\u00e7\u00e3o \u00e9 simples e a sua constru\u00e7\u00e3o robusta assegura a durabilidade e a seguran\u00e7a necess\u00e1ria para uma utiliza\u00e7\u00e3o di\u00e1ria.<\/p>\n<p data-start=\"595\" data-end=\"940\">Explore mais ao clicar abaixo.<\/p>\n<p data-start=\"595\" data-end=\"940\"><a href=\"http:\/\/electricidadeaguas.pt\/wp-content\/uploads\/2025\/03\/Catalogo-Tomadas-para-carregamento-de-Veiculos-Eletricos.pdf\">Catalogo-Tomadas-para-carregamento-de-Veiculos-Eletricos<\/a><\/p>\n","protected":false},"excerpt":{"rendered":"<p>A Tomada para Carregar Ve\u00edculos El\u00e9tricos Efapel foi projetada para oferecer uma solu\u00e7\u00e3o pr\u00e1tica e segura para o carregamento de ve\u00edculos el\u00e9tricos em ambientes residenciais ou comerciais. Com a crescente demanda por ve\u00edculos mais ecol\u00f3gicos, esta tomada \u00e9 ideal para quem busca facilitar o acesso \u00e0 carga, com a qualidade e seguran\u00e7a que a marca&hellip;&nbsp;<a href=\"https:\/\/electricidadeaguas.pt\/?product=catalogo-efapel-tomada-para-carregar-veiculos-eletricos\" rel=\"bookmark\">Ler mais &raquo;<span class=\"screen-reader-text\">Cat\u00e1logo Efapel &#8211; Tomada para carregar ve\u00edculos el\u00e9tricos<\/span><\/a><\/p>\n","protected":false},"featured_media":554,"comment_status":"open","ping_status":"closed","template":"","meta":{"neve_meta_sidebar":"","neve_meta_container":"","neve_meta_enable_content_width":"off","neve_meta_content_width":100,"neve_meta_title_alignment":"","neve_meta_author_avatar":"","neve_post_elements_order":"","neve_meta_disable_header":"","neve_meta_disable_footer":"","neve_meta_disable_title":""},"product_brand":[],"product_cat":[25],"product_tag":[],"class_list":{"0":"post-552","1":"product","2":"type-product","3":"status-publish","4":"has-post-thumbnail","6":"product_cat-efapel","8":"first","9":"instock","10":"virtual","11":"product-type-simple"},"jetpack_sharing_enabled":true,"_links":{"self":[{"href":"https:\/\/electricidadeaguas.pt\/index.php?rest_route=\/wp\/v2\/product\/552","targetHints":{"allow":["GET"]}}],"collection":[{"href":"https:\/\/electricidadeaguas.pt\/index.php?rest_route=\/wp\/v2\/product"}],"about":[{"href":"https:\/\/electricidadeaguas.pt\/index.php?rest_route=\/wp\/v2\/types\/product"}],"replies":[{"embeddable":true,"href":"https:\/\/electricidadeaguas.pt\/index.php?rest_route=%2Fwp%2Fv2%2Fcomments&post=552"}],"wp:featuredmedia":[{"embeddable":true,"href":"https:\/\/electricidadeaguas.pt\/index.php?rest_route=\/wp\/v2\/media\/554"}],"wp:attachment":[{"href":"https:\/\/electricidadeaguas.pt\/index.php?rest_route=%2Fwp%2Fv2%2Fmedia&parent=552"}],"wp:term":[{"taxonomy":"product_brand","embeddable":true,"href":"https:\/\/electricidadeaguas.pt\/index.php?rest_route=%2Fwp%2Fv2%2Fproduct_brand&post=552"},{"taxonomy":"product_cat","embeddable":true,"href":"https:\/\/electricidadeaguas.pt\/index.php?rest_route=%2Fwp%2Fv2%2Fproduct_cat&post=552"},{"taxonomy":"product_tag","embeddable":true,"href":"https:\/\/electricidadeaguas.pt\/index.php?rest_route=%2Fwp%2Fv2%2Fproduct_tag&post=552"}],"curies":[{"name":"wp","href":"https:\/\/api.w.org\/{rel}","templated":true}]}}