{"id":556,"date":"2025-03-25T08:37:10","date_gmt":"2025-03-25T08:37:10","guid":{"rendered":"https:\/\/electricidadeaguas.pt\/?post_type=product&#038;p=556"},"modified":"2025-03-25T08:38:40","modified_gmt":"2025-03-25T08:38:40","slug":"catalogo-famatel-geral","status":"publish","type":"product","link":"https:\/\/electricidadeaguas.pt\/?product=catalogo-famatel-geral","title":{"rendered":"Cat\u00e1logo Famatel &#8211; Geral"},"content":{"rendered":"<p>O <strong data-start=\"2\" data-end=\"41\">Cat\u00e1logo Geral da Famatel 2022-2023<\/strong> apresenta uma ampla gama de produtos el\u00e9tricos para uso industrial, comercial e residencial.<br data-start=\"134\" data-end=\"137\" \/>Inclui <strong data-start=\"144\" data-end=\"170\">caixas de distribui\u00e7\u00e3o<\/strong> fabricadas em materiais resistentes, dispon\u00edveis em diferentes tamanhos e modelos, com portas opacas ou transparentes.<br data-start=\"289\" data-end=\"292\" \/>Oferece <strong data-start=\"300\" data-end=\"332\">fichas e tomadas industriais<\/strong> de alta durabilidade, projetadas para garantir conex\u00f5es el\u00e9tricas seguras em ambientes exigentes.<br data-start=\"430\" data-end=\"433\" \/>Conta com <strong data-start=\"443\" data-end=\"469\">solu\u00e7\u00f5es fotovoltaicas<\/strong>, desenvolvidas para suportar sistemas de energia solar, garantindo efici\u00eancia e prote\u00e7\u00e3o contra intemp\u00e9ries.<br data-start=\"578\" data-end=\"581\" \/>Disp\u00f5e de uma linha completa de <strong data-start=\"613\" data-end=\"635\">arm\u00e1rios el\u00e9tricos<\/strong>, <strong data-start=\"637\" data-end=\"652\">adaptadores<\/strong>, <strong data-start=\"654\" data-end=\"667\">extens\u00f5es<\/strong> e <strong data-start=\"670\" data-end=\"687\">interruptores<\/strong>, fabricados com materiais de qualidade e design funcional.<br data-start=\"746\" data-end=\"749\" \/>Todos os produtos passam por <strong data-start=\"778\" data-end=\"798\">testes rigorosos<\/strong> para assegurar resist\u00eancia, seguran\u00e7a e conformidade com as normas internacionais.<\/p>\n<p>Explore mais ao clicar abaixo.<\/p>\n<p><a href=\"https:\/\/electrosiluz.pt\/wp-content\/uploads\/2024\/05\/Catalogo-Geral-Famatel-23-24.pdf\">Cat\u00e1logo geral &#8211; Famatel<\/a><br data-start=\"120\" data-end=\"123\" \/><\/p>\n","protected":false},"excerpt":{"rendered":"<p>O Cat\u00e1logo Geral da Famatel 2022-2023 apresenta uma ampla gama de produtos el\u00e9tricos para uso industrial, comercial e residencial.Inclui caixas de distribui\u00e7\u00e3o fabricadas em materiais resistentes, dispon\u00edveis em diferentes tamanhos e modelos, com portas opacas ou transparentes.Oferece fichas e tomadas industriais de alta durabilidade, projetadas para garantir conex\u00f5es el\u00e9tricas seguras em ambientes exigentes.Conta com solu\u00e7\u00f5es&hellip;&nbsp;<a href=\"https:\/\/electricidadeaguas.pt\/?product=catalogo-famatel-geral\" rel=\"bookmark\">Ler mais &raquo;<span class=\"screen-reader-text\">Cat\u00e1logo Famatel &#8211; Geral<\/span><\/a><\/p>\n","protected":false},"featured_media":557,"comment_status":"open","ping_status":"closed","template":"","meta":{"neve_meta_sidebar":"","neve_meta_container":"","neve_meta_enable_content_width":"off","neve_meta_content_width":100,"neve_meta_title_alignment":"","neve_meta_author_avatar":"","neve_post_elements_order":"","neve_meta_disable_header":"","neve_meta_disable_footer":"","neve_meta_disable_title":""},"product_brand":[],"product_cat":[26],"product_tag":[],"class_list":{"0":"post-556","1":"product","2":"type-product","3":"status-publish","4":"has-post-thumbnail","6":"product_cat-famatel","8":"first","9":"instock","10":"virtual","11":"product-type-simple"},"jetpack_sharing_enabled":true,"_links":{"self":[{"href":"https:\/\/electricidadeaguas.pt\/index.php?rest_route=\/wp\/v2\/product\/556","targetHints":{"allow":["GET"]}}],"collection":[{"href":"https:\/\/electricidadeaguas.pt\/index.php?rest_route=\/wp\/v2\/product"}],"about":[{"href":"https:\/\/electricidadeaguas.pt\/index.php?rest_route=\/wp\/v2\/types\/product"}],"replies":[{"embeddable":true,"href":"https:\/\/electricidadeaguas.pt\/index.php?rest_route=%2Fwp%2Fv2%2Fcomments&post=556"}],"wp:featuredmedia":[{"embeddable":true,"href":"https:\/\/electricidadeaguas.pt\/index.php?rest_route=\/wp\/v2\/media\/557"}],"wp:attachment":[{"href":"https:\/\/electricidadeaguas.pt\/index.php?rest_route=%2Fwp%2Fv2%2Fmedia&parent=556"}],"wp:term":[{"taxonomy":"product_brand","embeddable":true,"href":"https:\/\/electricidadeaguas.pt\/index.php?rest_route=%2Fwp%2Fv2%2Fproduct_brand&post=556"},{"taxonomy":"product_cat","embeddable":true,"href":"https:\/\/electricidadeaguas.pt\/index.php?rest_route=%2Fwp%2Fv2%2Fproduct_cat&post=556"},{"taxonomy":"product_tag","embeddable":true,"href":"https:\/\/electricidadeaguas.pt\/index.php?rest_route=%2Fwp%2Fv2%2Fproduct_tag&post=556"}],"curies":[{"name":"wp","href":"https:\/\/api.w.org\/{rel}","templated":true}]}}