{"id":559,"date":"2025-03-25T08:45:40","date_gmt":"2025-03-25T08:45:40","guid":{"rendered":"https:\/\/electricidadeaguas.pt\/?post_type=product&#038;p=559"},"modified":"2025-03-25T08:45:41","modified_gmt":"2025-03-25T08:45:41","slug":"catalogo-famatel-e3lectricsolarbox","status":"publish","type":"product","link":"https:\/\/electricidadeaguas.pt\/?product=catalogo-famatel-e3lectricsolarbox","title":{"rendered":"Cat\u00e1logo Famatel &#8211; e3lectricsolarbox"},"content":{"rendered":"<p class=\"\" data-start=\"0\" data-end=\"313\">O cat\u00e1logo Famatel \u00e9 uma sele\u00e7\u00e3o de produtos de uma marca conhecida por oferecer solu\u00e7\u00f5es el\u00e9tricas de alta qualidade. A <strong data-start=\"121\" data-end=\"142\">e3lectricsolarbox<\/strong> parece ser um produto relacionado a sistemas el\u00e9tricos ou energias renov\u00e1veis, como pain\u00e9is solares, provavelmente relacionado \u00e0 efici\u00eancia energ\u00e9tica e sustentabilidade.<\/p>\n<p class=\"\" data-start=\"315\" data-end=\"501\">Se precisares de mais informa\u00e7\u00f5es espec\u00edficas sobre o cat\u00e1logo ou sobre o produto <strong data-start=\"397\" data-end=\"418\">e3lectricsolarbox<\/strong>, posso procurar mais detalhes ou ajudar a estruturar a apresenta\u00e7\u00e3o deles no site.<\/p>\n<p data-start=\"315\" data-end=\"501\">Explore mais ao clicar abaixo.<\/p>\n<p data-start=\"315\" data-end=\"501\"><a href=\"http:\/\/electricidadeaguas.pt\/wp-content\/uploads\/2025\/03\/Catalogo_e3lectricsolarbox.pdf\">Catalogo_e3lectricsolarbox<\/a><\/p>\n","protected":false},"excerpt":{"rendered":"<p>O cat\u00e1logo Famatel \u00e9 uma sele\u00e7\u00e3o de produtos de uma marca conhecida por oferecer solu\u00e7\u00f5es el\u00e9tricas de alta qualidade. A e3lectricsolarbox parece ser um produto relacionado a sistemas el\u00e9tricos ou energias renov\u00e1veis, como pain\u00e9is solares, provavelmente relacionado \u00e0 efici\u00eancia energ\u00e9tica e sustentabilidade. Se precisares de mais informa\u00e7\u00f5es espec\u00edficas sobre o cat\u00e1logo ou sobre o produto&hellip;&nbsp;<a href=\"https:\/\/electricidadeaguas.pt\/?product=catalogo-famatel-e3lectricsolarbox\" rel=\"bookmark\">Ler mais &raquo;<span class=\"screen-reader-text\">Cat\u00e1logo Famatel &#8211; e3lectricsolarbox<\/span><\/a><\/p>\n","protected":false},"featured_media":561,"comment_status":"open","ping_status":"closed","template":"","meta":{"neve_meta_sidebar":"","neve_meta_container":"","neve_meta_enable_content_width":"off","neve_meta_content_width":100,"neve_meta_title_alignment":"","neve_meta_author_avatar":"","neve_post_elements_order":"","neve_meta_disable_header":"","neve_meta_disable_footer":"","neve_meta_disable_title":""},"product_brand":[],"product_cat":[26],"product_tag":[],"class_list":{"0":"post-559","1":"product","2":"type-product","3":"status-publish","4":"has-post-thumbnail","6":"product_cat-famatel","8":"first","9":"instock","10":"virtual","11":"product-type-simple"},"jetpack_sharing_enabled":true,"_links":{"self":[{"href":"https:\/\/electricidadeaguas.pt\/index.php?rest_route=\/wp\/v2\/product\/559","targetHints":{"allow":["GET"]}}],"collection":[{"href":"https:\/\/electricidadeaguas.pt\/index.php?rest_route=\/wp\/v2\/product"}],"about":[{"href":"https:\/\/electricidadeaguas.pt\/index.php?rest_route=\/wp\/v2\/types\/product"}],"replies":[{"embeddable":true,"href":"https:\/\/electricidadeaguas.pt\/index.php?rest_route=%2Fwp%2Fv2%2Fcomments&post=559"}],"wp:featuredmedia":[{"embeddable":true,"href":"https:\/\/electricidadeaguas.pt\/index.php?rest_route=\/wp\/v2\/media\/561"}],"wp:attachment":[{"href":"https:\/\/electricidadeaguas.pt\/index.php?rest_route=%2Fwp%2Fv2%2Fmedia&parent=559"}],"wp:term":[{"taxonomy":"product_brand","embeddable":true,"href":"https:\/\/electricidadeaguas.pt\/index.php?rest_route=%2Fwp%2Fv2%2Fproduct_brand&post=559"},{"taxonomy":"product_cat","embeddable":true,"href":"https:\/\/electricidadeaguas.pt\/index.php?rest_route=%2Fwp%2Fv2%2Fproduct_cat&post=559"},{"taxonomy":"product_tag","embeddable":true,"href":"https:\/\/electricidadeaguas.pt\/index.php?rest_route=%2Fwp%2Fv2%2Fproduct_tag&post=559"}],"curies":[{"name":"wp","href":"https:\/\/api.w.org\/{rel}","templated":true}]}}