{"id":562,"date":"2025-03-25T08:51:50","date_gmt":"2025-03-25T08:51:50","guid":{"rendered":"https:\/\/electricidadeaguas.pt\/?post_type=product&#038;p=562"},"modified":"2025-03-25T08:51:50","modified_gmt":"2025-03-25T08:51:50","slug":"catalogo-famatel-astra-series","status":"publish","type":"product","link":"https:\/\/electricidadeaguas.pt\/?product=catalogo-famatel-astra-series","title":{"rendered":"Cat\u00e1logo Famatel &#8211; ASTRA Series"},"content":{"rendered":"<p class=\"\" data-start=\"100\" data-end=\"497\">A <strong data-start=\"102\" data-end=\"118\">ASTRA Series<\/strong> da Famatel \u00e9 uma linha inovadora de solu\u00e7\u00f5es el\u00e9tricas que se destaca pela sua robustez, fiabilidade e design moderno. Com uma gama de produtos desenvolvidos para atender \u00e0s mais exigentes necessidades do mercado, a s\u00e9rie oferece desde caixas de distribui\u00e7\u00e3o at\u00e9 interruptores e tomadas, tudo pensado para garantir m\u00e1xima seguran\u00e7a e efici\u00eancia em qualquer instala\u00e7\u00e3o el\u00e9trica.<\/p>\n<p class=\"\" data-start=\"499\" data-end=\"878\">Fabricados com materiais de alta qualidade, os produtos da <strong data-start=\"558\" data-end=\"574\">ASTRA Series<\/strong> s\u00e3o ideais para ambientes residenciais, comerciais e industriais, proporcionando uma performance superior e durabilidade a longo prazo. A linha \u00e9 perfeita para quem busca solu\u00e7\u00f5es pr\u00e1ticas e seguras para sistemas el\u00e9tricos, com um acabamento de excel\u00eancia e f\u00e1cil integra\u00e7\u00e3o em qualquer tipo de projeto.<\/p>\n<p data-start=\"499\" data-end=\"878\">Explore mais ao clicar abaixo.<\/p>\n<p data-start=\"499\" data-end=\"878\"><a href=\"http:\/\/electricidadeaguas.pt\/wp-content\/uploads\/2025\/03\/Catalogo-ASTRA-Series.pdf\">Catalogo-ASTRA-Series<\/a><\/p>\n","protected":false},"excerpt":{"rendered":"<p>A ASTRA Series da Famatel \u00e9 uma linha inovadora de solu\u00e7\u00f5es el\u00e9tricas que se destaca pela sua robustez, fiabilidade e design moderno. Com uma gama de produtos desenvolvidos para atender \u00e0s mais exigentes necessidades do mercado, a s\u00e9rie oferece desde caixas de distribui\u00e7\u00e3o at\u00e9 interruptores e tomadas, tudo pensado para garantir m\u00e1xima seguran\u00e7a e efici\u00eancia&hellip;&nbsp;<a href=\"https:\/\/electricidadeaguas.pt\/?product=catalogo-famatel-astra-series\" rel=\"bookmark\">Ler mais &raquo;<span class=\"screen-reader-text\">Cat\u00e1logo Famatel &#8211; ASTRA Series<\/span><\/a><\/p>\n","protected":false},"featured_media":566,"comment_status":"open","ping_status":"closed","template":"","meta":{"neve_meta_sidebar":"","neve_meta_container":"","neve_meta_enable_content_width":"off","neve_meta_content_width":100,"neve_meta_title_alignment":"","neve_meta_author_avatar":"","neve_post_elements_order":"","neve_meta_disable_header":"","neve_meta_disable_footer":"","neve_meta_disable_title":""},"product_brand":[],"product_cat":[26],"product_tag":[],"class_list":{"0":"post-562","1":"product","2":"type-product","3":"status-publish","4":"has-post-thumbnail","6":"product_cat-famatel","8":"first","9":"instock","10":"virtual","11":"product-type-simple"},"jetpack_sharing_enabled":true,"_links":{"self":[{"href":"https:\/\/electricidadeaguas.pt\/index.php?rest_route=\/wp\/v2\/product\/562","targetHints":{"allow":["GET"]}}],"collection":[{"href":"https:\/\/electricidadeaguas.pt\/index.php?rest_route=\/wp\/v2\/product"}],"about":[{"href":"https:\/\/electricidadeaguas.pt\/index.php?rest_route=\/wp\/v2\/types\/product"}],"replies":[{"embeddable":true,"href":"https:\/\/electricidadeaguas.pt\/index.php?rest_route=%2Fwp%2Fv2%2Fcomments&post=562"}],"wp:featuredmedia":[{"embeddable":true,"href":"https:\/\/electricidadeaguas.pt\/index.php?rest_route=\/wp\/v2\/media\/566"}],"wp:attachment":[{"href":"https:\/\/electricidadeaguas.pt\/index.php?rest_route=%2Fwp%2Fv2%2Fmedia&parent=562"}],"wp:term":[{"taxonomy":"product_brand","embeddable":true,"href":"https:\/\/electricidadeaguas.pt\/index.php?rest_route=%2Fwp%2Fv2%2Fproduct_brand&post=562"},{"taxonomy":"product_cat","embeddable":true,"href":"https:\/\/electricidadeaguas.pt\/index.php?rest_route=%2Fwp%2Fv2%2Fproduct_cat&post=562"},{"taxonomy":"product_tag","embeddable":true,"href":"https:\/\/electricidadeaguas.pt\/index.php?rest_route=%2Fwp%2Fv2%2Fproduct_tag&post=562"}],"curies":[{"name":"wp","href":"https:\/\/api.w.org\/{rel}","templated":true}]}}