{"id":567,"date":"2025-03-25T08:56:59","date_gmt":"2025-03-25T08:56:59","guid":{"rendered":"https:\/\/electricidadeaguas.pt\/?post_type=product&#038;p=567"},"modified":"2025-03-25T08:56:59","modified_gmt":"2025-03-25T08:56:59","slug":"catalogo-famatel-industrial-plugs-and-sockets","status":"publish","type":"product","link":"https:\/\/electricidadeaguas.pt\/?product=catalogo-famatel-industrial-plugs-and-sockets","title":{"rendered":"Cat\u00e1logo Famatel &#8211; Industrial Plugs and Sockets"},"content":{"rendered":"<p class=\"\" data-start=\"136\" data-end=\"487\">A linha <strong data-start=\"144\" data-end=\"176\">Industrial Plugs and Sockets<\/strong> da Famatel oferece solu\u00e7\u00f5es el\u00e9tricas altamente seguras e resistentes para ambientes industriais, comerciais e de alta exig\u00eancia. Desenvolvidos para suportar condi\u00e7\u00f5es extremas, estes conectores garantem uma liga\u00e7\u00e3o el\u00e9trica est\u00e1vel e duradoura, essencial para a opera\u00e7\u00e3o de maquinaria e equipamentos pesados.<\/p>\n<p class=\"\" data-start=\"489\" data-end=\"931\">Fabricados com materiais de alta qualidade e projetados para resistir a impactos, umidade e outros fatores ambientais, os <strong data-start=\"611\" data-end=\"643\">Industrial Plugs and Sockets<\/strong> da Famatel s\u00e3o ideais para \u00e1reas como f\u00e1bricas, armaz\u00e9ns e instala\u00e7\u00f5es industriais. Dispon\u00edveis em diversas configura\u00e7\u00f5es e capacidades de corrente, eles atendem aos padr\u00f5es internacionais de seguran\u00e7a e efici\u00eancia, proporcionando uma instala\u00e7\u00e3o el\u00e9trica confi\u00e1vel e de f\u00e1cil manuten\u00e7\u00e3o.<\/p>\n<p data-start=\"489\" data-end=\"931\">Explore mais ao clicar abaixo.<\/p>\n<p data-start=\"489\" data-end=\"931\"><a href=\"http:\/\/electricidadeaguas.pt\/wp-content\/uploads\/2025\/03\/Catalogo-Industial-Plugs-and-Sockets.pdf\">Catalogo-Industial-Plugs-and-Sockets<\/a><\/p>\n","protected":false},"excerpt":{"rendered":"<p>A linha Industrial Plugs and Sockets da Famatel oferece solu\u00e7\u00f5es el\u00e9tricas altamente seguras e resistentes para ambientes industriais, comerciais e de alta exig\u00eancia. Desenvolvidos para suportar condi\u00e7\u00f5es extremas, estes conectores garantem uma liga\u00e7\u00e3o el\u00e9trica est\u00e1vel e duradoura, essencial para a opera\u00e7\u00e3o de maquinaria e equipamentos pesados. Fabricados com materiais de alta qualidade e projetados para&hellip;&nbsp;<a href=\"https:\/\/electricidadeaguas.pt\/?product=catalogo-famatel-industrial-plugs-and-sockets\" rel=\"bookmark\">Ler mais &raquo;<span class=\"screen-reader-text\">Cat\u00e1logo Famatel &#8211; Industrial Plugs and Sockets<\/span><\/a><\/p>\n","protected":false},"featured_media":569,"comment_status":"open","ping_status":"closed","template":"","meta":{"neve_meta_sidebar":"","neve_meta_container":"","neve_meta_enable_content_width":"off","neve_meta_content_width":100,"neve_meta_title_alignment":"","neve_meta_author_avatar":"","neve_post_elements_order":"","neve_meta_disable_header":"","neve_meta_disable_footer":"","neve_meta_disable_title":""},"product_brand":[],"product_cat":[26],"product_tag":[],"class_list":{"0":"post-567","1":"product","2":"type-product","3":"status-publish","4":"has-post-thumbnail","6":"product_cat-famatel","8":"first","9":"instock","10":"virtual","11":"product-type-simple"},"jetpack_sharing_enabled":true,"_links":{"self":[{"href":"https:\/\/electricidadeaguas.pt\/index.php?rest_route=\/wp\/v2\/product\/567","targetHints":{"allow":["GET"]}}],"collection":[{"href":"https:\/\/electricidadeaguas.pt\/index.php?rest_route=\/wp\/v2\/product"}],"about":[{"href":"https:\/\/electricidadeaguas.pt\/index.php?rest_route=\/wp\/v2\/types\/product"}],"replies":[{"embeddable":true,"href":"https:\/\/electricidadeaguas.pt\/index.php?rest_route=%2Fwp%2Fv2%2Fcomments&post=567"}],"wp:featuredmedia":[{"embeddable":true,"href":"https:\/\/electricidadeaguas.pt\/index.php?rest_route=\/wp\/v2\/media\/569"}],"wp:attachment":[{"href":"https:\/\/electricidadeaguas.pt\/index.php?rest_route=%2Fwp%2Fv2%2Fmedia&parent=567"}],"wp:term":[{"taxonomy":"product_brand","embeddable":true,"href":"https:\/\/electricidadeaguas.pt\/index.php?rest_route=%2Fwp%2Fv2%2Fproduct_brand&post=567"},{"taxonomy":"product_cat","embeddable":true,"href":"https:\/\/electricidadeaguas.pt\/index.php?rest_route=%2Fwp%2Fv2%2Fproduct_cat&post=567"},{"taxonomy":"product_tag","embeddable":true,"href":"https:\/\/electricidadeaguas.pt\/index.php?rest_route=%2Fwp%2Fv2%2Fproduct_tag&post=567"}],"curies":[{"name":"wp","href":"https:\/\/api.w.org\/{rel}","templated":true}]}}