{"id":570,"date":"2025-03-25T09:01:46","date_gmt":"2025-03-25T09:01:46","guid":{"rendered":"https:\/\/electricidadeaguas.pt\/?post_type=product&#038;p=570"},"modified":"2025-03-25T09:01:47","modified_gmt":"2025-03-25T09:01:47","slug":"catalogo-famatel-e%c2%b73lectricwallbox","status":"publish","type":"product","link":"https:\/\/electricidadeaguas.pt\/?product=catalogo-famatel-e%c2%b73lectricwallbox","title":{"rendered":"Cat\u00e1logo Famatel &#8211; e\u00b73lectricwallbox"},"content":{"rendered":"<p class=\"\" data-start=\"104\" data-end=\"403\">O <strong data-start=\"106\" data-end=\"127\">e\u00b73lectricwallbox<\/strong> da Famatel \u00e9 uma solu\u00e7\u00e3o inovadora e pr\u00e1tica para carregamento de ve\u00edculos el\u00e9tricos. Desenvolvido com a mais alta tecnologia, este carregador de parede oferece uma forma eficiente e segura de abastecer a bateria do seu ve\u00edculo, sendo ideal para uso dom\u00e9stico e empresarial.<\/p>\n<p class=\"\" data-start=\"405\" data-end=\"838\">Com um design compacto e robusto, o <strong data-start=\"441\" data-end=\"462\">e\u00b73lectricwallbox<\/strong> \u00e9 f\u00e1cil de instalar e oferece diferentes op\u00e7\u00f5es de pot\u00eancia para atender a diversas necessidades de carregamento. A sua constru\u00e7\u00e3o resistente a intemp\u00e9ries garante durabilidade e performance, mesmo em ambientes externos. Al\u00e9m disso, o dispositivo \u00e9 compat\u00edvel com uma ampla gama de ve\u00edculos el\u00e9tricos, proporcionando uma experi\u00eancia de carregamento r\u00e1pida e sem complica\u00e7\u00f5es.<\/p>\n<p data-start=\"405\" data-end=\"838\">Explore mais ao clicar abaixo.<\/p>\n<p data-start=\"405\" data-end=\"838\"><a href=\"http:\/\/electricidadeaguas.pt\/wp-content\/uploads\/2025\/03\/Catalogo-e\u00b73lectricwallbox.pdf\">Catalogo-e\u00b73lectricwallbox<\/a><\/p>\n","protected":false},"excerpt":{"rendered":"<p>O e\u00b73lectricwallbox da Famatel \u00e9 uma solu\u00e7\u00e3o inovadora e pr\u00e1tica para carregamento de ve\u00edculos el\u00e9tricos. Desenvolvido com a mais alta tecnologia, este carregador de parede oferece uma forma eficiente e segura de abastecer a bateria do seu ve\u00edculo, sendo ideal para uso dom\u00e9stico e empresarial. Com um design compacto e robusto, o e\u00b73lectricwallbox \u00e9 f\u00e1cil&hellip;&nbsp;<a href=\"https:\/\/electricidadeaguas.pt\/?product=catalogo-famatel-e%c2%b73lectricwallbox\" rel=\"bookmark\">Ler mais &raquo;<span class=\"screen-reader-text\">Cat\u00e1logo Famatel &#8211; e\u00b73lectricwallbox<\/span><\/a><\/p>\n","protected":false},"featured_media":572,"comment_status":"open","ping_status":"closed","template":"","meta":{"neve_meta_sidebar":"","neve_meta_container":"","neve_meta_enable_content_width":"off","neve_meta_content_width":100,"neve_meta_title_alignment":"","neve_meta_author_avatar":"","neve_post_elements_order":"","neve_meta_disable_header":"","neve_meta_disable_footer":"","neve_meta_disable_title":""},"product_brand":[],"product_cat":[26],"product_tag":[],"class_list":{"0":"post-570","1":"product","2":"type-product","3":"status-publish","4":"has-post-thumbnail","6":"product_cat-famatel","8":"first","9":"instock","10":"virtual","11":"product-type-simple"},"jetpack_sharing_enabled":true,"_links":{"self":[{"href":"https:\/\/electricidadeaguas.pt\/index.php?rest_route=\/wp\/v2\/product\/570","targetHints":{"allow":["GET"]}}],"collection":[{"href":"https:\/\/electricidadeaguas.pt\/index.php?rest_route=\/wp\/v2\/product"}],"about":[{"href":"https:\/\/electricidadeaguas.pt\/index.php?rest_route=\/wp\/v2\/types\/product"}],"replies":[{"embeddable":true,"href":"https:\/\/electricidadeaguas.pt\/index.php?rest_route=%2Fwp%2Fv2%2Fcomments&post=570"}],"wp:featuredmedia":[{"embeddable":true,"href":"https:\/\/electricidadeaguas.pt\/index.php?rest_route=\/wp\/v2\/media\/572"}],"wp:attachment":[{"href":"https:\/\/electricidadeaguas.pt\/index.php?rest_route=%2Fwp%2Fv2%2Fmedia&parent=570"}],"wp:term":[{"taxonomy":"product_brand","embeddable":true,"href":"https:\/\/electricidadeaguas.pt\/index.php?rest_route=%2Fwp%2Fv2%2Fproduct_brand&post=570"},{"taxonomy":"product_cat","embeddable":true,"href":"https:\/\/electricidadeaguas.pt\/index.php?rest_route=%2Fwp%2Fv2%2Fproduct_cat&post=570"},{"taxonomy":"product_tag","embeddable":true,"href":"https:\/\/electricidadeaguas.pt\/index.php?rest_route=%2Fwp%2Fv2%2Fproduct_tag&post=570"}],"curies":[{"name":"wp","href":"https:\/\/api.w.org\/{rel}","templated":true}]}}