{"id":573,"date":"2025-03-25T09:04:58","date_gmt":"2025-03-25T09:04:58","guid":{"rendered":"https:\/\/electricidadeaguas.pt\/?post_type=product&#038;p=573"},"modified":"2025-03-25T09:04:59","modified_gmt":"2025-03-25T09:04:59","slug":"catalogo-famatel-solidpro","status":"publish","type":"product","link":"https:\/\/electricidadeaguas.pt\/?product=catalogo-famatel-solidpro","title":{"rendered":"Cat\u00e1logo Famatel &#8211; SOLIDPRO"},"content":{"rendered":"<p class=\"\" data-start=\"92\" data-end=\"468\">A linha <strong data-start=\"100\" data-end=\"112\">SOLIDPRO<\/strong> da Famatel \u00e9 uma cole\u00e7\u00e3o de produtos desenvolvidos para oferecer solu\u00e7\u00f5es el\u00e9tricas robustas e de alta performance, com foco na durabilidade e seguran\u00e7a em instala\u00e7\u00f5es industriais e comerciais. Cada produto da <strong data-start=\"323\" data-end=\"335\">SOLIDPRO<\/strong> \u00e9 projetado para suportar as condi\u00e7\u00f5es mais exigentes, garantindo uma opera\u00e7\u00e3o est\u00e1vel e confi\u00e1vel em ambientes de alta intensidade.<\/p>\n<p class=\"\" data-start=\"470\" data-end=\"894\">Com uma gama de dispositivos, desde tomadas e interruptores at\u00e9 sistemas de distribui\u00e7\u00e3o de energia, a s\u00e9rie <strong data-start=\"579\" data-end=\"591\">SOLIDPRO<\/strong> \u00e9 ideal para quem busca qualidade superior e resist\u00eancia a choques, poeira, \u00e1gua e outros fatores que podem comprometer o desempenho de instala\u00e7\u00f5es el\u00e9tricas. A s\u00e9rie se destaca pela facilidade de instala\u00e7\u00e3o e manuten\u00e7\u00e3o, al\u00e9m de atender aos mais rigorosos padr\u00f5es de seguran\u00e7a e efici\u00eancia energ\u00e9tica.<\/p>\n<p data-start=\"470\" data-end=\"894\">Explore mais ao clicar abaixo.<\/p>\n<p data-start=\"470\" data-end=\"894\"><a href=\"http:\/\/electricidadeaguas.pt\/wp-content\/uploads\/2025\/03\/Catalogo-SOLIDPRO-series.pdf\">Catalogo-SOLIDPRO-series<\/a><\/p>\n","protected":false},"excerpt":{"rendered":"<p>A linha SOLIDPRO da Famatel \u00e9 uma cole\u00e7\u00e3o de produtos desenvolvidos para oferecer solu\u00e7\u00f5es el\u00e9tricas robustas e de alta performance, com foco na durabilidade e seguran\u00e7a em instala\u00e7\u00f5es industriais e comerciais. Cada produto da SOLIDPRO \u00e9 projetado para suportar as condi\u00e7\u00f5es mais exigentes, garantindo uma opera\u00e7\u00e3o est\u00e1vel e confi\u00e1vel em ambientes de alta intensidade. Com&hellip;&nbsp;<a href=\"https:\/\/electricidadeaguas.pt\/?product=catalogo-famatel-solidpro\" rel=\"bookmark\">Ler mais &raquo;<span class=\"screen-reader-text\">Cat\u00e1logo Famatel &#8211; SOLIDPRO<\/span><\/a><\/p>\n","protected":false},"featured_media":575,"comment_status":"open","ping_status":"closed","template":"","meta":{"neve_meta_sidebar":"","neve_meta_container":"","neve_meta_enable_content_width":"off","neve_meta_content_width":100,"neve_meta_title_alignment":"","neve_meta_author_avatar":"","neve_post_elements_order":"","neve_meta_disable_header":"","neve_meta_disable_footer":"","neve_meta_disable_title":""},"product_brand":[],"product_cat":[26],"product_tag":[],"class_list":{"0":"post-573","1":"product","2":"type-product","3":"status-publish","4":"has-post-thumbnail","6":"product_cat-famatel","8":"first","9":"instock","10":"virtual","11":"product-type-simple"},"jetpack_sharing_enabled":true,"_links":{"self":[{"href":"https:\/\/electricidadeaguas.pt\/index.php?rest_route=\/wp\/v2\/product\/573","targetHints":{"allow":["GET"]}}],"collection":[{"href":"https:\/\/electricidadeaguas.pt\/index.php?rest_route=\/wp\/v2\/product"}],"about":[{"href":"https:\/\/electricidadeaguas.pt\/index.php?rest_route=\/wp\/v2\/types\/product"}],"replies":[{"embeddable":true,"href":"https:\/\/electricidadeaguas.pt\/index.php?rest_route=%2Fwp%2Fv2%2Fcomments&post=573"}],"wp:featuredmedia":[{"embeddable":true,"href":"https:\/\/electricidadeaguas.pt\/index.php?rest_route=\/wp\/v2\/media\/575"}],"wp:attachment":[{"href":"https:\/\/electricidadeaguas.pt\/index.php?rest_route=%2Fwp%2Fv2%2Fmedia&parent=573"}],"wp:term":[{"taxonomy":"product_brand","embeddable":true,"href":"https:\/\/electricidadeaguas.pt\/index.php?rest_route=%2Fwp%2Fv2%2Fproduct_brand&post=573"},{"taxonomy":"product_cat","embeddable":true,"href":"https:\/\/electricidadeaguas.pt\/index.php?rest_route=%2Fwp%2Fv2%2Fproduct_cat&post=573"},{"taxonomy":"product_tag","embeddable":true,"href":"https:\/\/electricidadeaguas.pt\/index.php?rest_route=%2Fwp%2Fv2%2Fproduct_tag&post=573"}],"curies":[{"name":"wp","href":"https:\/\/api.w.org\/{rel}","templated":true}]}}