{"id":577,"date":"2025-03-25T09:24:22","date_gmt":"2025-03-25T09:24:22","guid":{"rendered":"https:\/\/electricidadeaguas.pt\/?post_type=product&#038;p=577"},"modified":"2025-04-01T11:06:42","modified_gmt":"2025-04-01T11:06:42","slug":"catalogo-fermax-geral","status":"publish","type":"product","link":"https:\/\/electricidadeaguas.pt\/?product=catalogo-fermax-geral","title":{"rendered":"Cat\u00e1logo Fermax &#8211; Geral"},"content":{"rendered":"<p class=\"\" data-start=\"126\" data-end=\"478\">O cat\u00e1logo <strong data-start=\"137\" data-end=\"147\">Fermax<\/strong> apresenta uma gama de solu\u00e7\u00f5es de comunica\u00e7\u00e3o e seguran\u00e7a de alta qualidade, ideais para resid\u00eancias, edif\u00edcios e espa\u00e7os comerciais. Com foco em inova\u00e7\u00e3o e design, a <strong data-start=\"315\" data-end=\"325\">Fermax<\/strong> oferece sistemas de videoporteiros, intercomunicadores e controle de acesso, proporcionando uma experi\u00eancia de seguran\u00e7a moderna, eficiente e intuitiva.<\/p>\n<p class=\"\" data-start=\"480\" data-end=\"943\">Os produtos <strong data-start=\"492\" data-end=\"502\">Fermax<\/strong> s\u00e3o reconhecidos pela sua robustez e facilidade de integra\u00e7\u00e3o, permitindo uma comunica\u00e7\u00e3o clara e confi\u00e1vel em qualquer ambiente. A marca tamb\u00e9m \u00e9 conhecida pela sua tecnologia de ponta, que garante m\u00e1xima prote\u00e7\u00e3o e conforto aos utilizadores. Al\u00e9m disso, as solu\u00e7\u00f5es <strong data-start=\"771\" data-end=\"781\">Fermax<\/strong> s\u00e3o altamente personaliz\u00e1veis, atendendo \u00e0s necessidades espec\u00edficas de cada projeto, desde pequenas instala\u00e7\u00f5es at\u00e9 grandes edif\u00edcios residenciais e comerciais.<\/p>\n<p data-start=\"480\" data-end=\"943\">Explore mais ao clicar abaixo.<\/p>\n<p data-start=\"480\" data-end=\"943\"><a href=\"http:\/\/electricidadeaguas.pt\/wp-content\/uploads\/2025\/03\/Catalogo-Geral-FERMAX-2024_compressed.pdf\">Catalogo-Geral-FERMAX-2024_compressed<\/a><\/p>\n","protected":false},"excerpt":{"rendered":"<p>O cat\u00e1logo Fermax apresenta uma gama de solu\u00e7\u00f5es de comunica\u00e7\u00e3o e seguran\u00e7a de alta qualidade, ideais para resid\u00eancias, edif\u00edcios e espa\u00e7os comerciais. Com foco em inova\u00e7\u00e3o e design, a Fermax oferece sistemas de videoporteiros, intercomunicadores e controle de acesso, proporcionando uma experi\u00eancia de seguran\u00e7a moderna, eficiente e intuitiva. Os produtos Fermax s\u00e3o reconhecidos pela sua&hellip;&nbsp;<a href=\"https:\/\/electricidadeaguas.pt\/?product=catalogo-fermax-geral\" rel=\"bookmark\">Ler mais &raquo;<span class=\"screen-reader-text\">Cat\u00e1logo Fermax &#8211; Geral<\/span><\/a><\/p>\n","protected":false},"featured_media":580,"comment_status":"open","ping_status":"closed","template":"","meta":{"neve_meta_sidebar":"","neve_meta_container":"","neve_meta_enable_content_width":"off","neve_meta_content_width":100,"neve_meta_title_alignment":"","neve_meta_author_avatar":"","neve_post_elements_order":"","neve_meta_disable_header":"","neve_meta_disable_footer":"","neve_meta_disable_title":""},"product_brand":[],"product_cat":[27],"product_tag":[],"class_list":{"0":"post-577","1":"product","2":"type-product","3":"status-publish","4":"has-post-thumbnail","6":"product_cat-fermax","8":"first","9":"instock","10":"virtual","11":"product-type-simple"},"jetpack_sharing_enabled":true,"_links":{"self":[{"href":"https:\/\/electricidadeaguas.pt\/index.php?rest_route=\/wp\/v2\/product\/577","targetHints":{"allow":["GET"]}}],"collection":[{"href":"https:\/\/electricidadeaguas.pt\/index.php?rest_route=\/wp\/v2\/product"}],"about":[{"href":"https:\/\/electricidadeaguas.pt\/index.php?rest_route=\/wp\/v2\/types\/product"}],"replies":[{"embeddable":true,"href":"https:\/\/electricidadeaguas.pt\/index.php?rest_route=%2Fwp%2Fv2%2Fcomments&post=577"}],"wp:featuredmedia":[{"embeddable":true,"href":"https:\/\/electricidadeaguas.pt\/index.php?rest_route=\/wp\/v2\/media\/580"}],"wp:attachment":[{"href":"https:\/\/electricidadeaguas.pt\/index.php?rest_route=%2Fwp%2Fv2%2Fmedia&parent=577"}],"wp:term":[{"taxonomy":"product_brand","embeddable":true,"href":"https:\/\/electricidadeaguas.pt\/index.php?rest_route=%2Fwp%2Fv2%2Fproduct_brand&post=577"},{"taxonomy":"product_cat","embeddable":true,"href":"https:\/\/electricidadeaguas.pt\/index.php?rest_route=%2Fwp%2Fv2%2Fproduct_cat&post=577"},{"taxonomy":"product_tag","embeddable":true,"href":"https:\/\/electricidadeaguas.pt\/index.php?rest_route=%2Fwp%2Fv2%2Fproduct_tag&post=577"}],"curies":[{"name":"wp","href":"https:\/\/api.w.org\/{rel}","templated":true}]}}