{"id":581,"date":"2025-03-25T09:28:32","date_gmt":"2025-03-25T09:28:32","guid":{"rendered":"https:\/\/electricidadeaguas.pt\/?post_type=product&#038;p=581"},"modified":"2025-04-01T11:06:28","modified_gmt":"2025-04-01T11:06:28","slug":"catalogo-fermax-duox-plus","status":"publish","type":"product","link":"https:\/\/electricidadeaguas.pt\/?product=catalogo-fermax-duox-plus","title":{"rendered":"Cat\u00e1logo Fermax &#8211; Duox Plus"},"content":{"rendered":"<p class=\"\" data-start=\"90\" data-end=\"457\">O <strong data-start=\"92\" data-end=\"105\">Duox Plus<\/strong> da <strong data-start=\"109\" data-end=\"119\">Fermax<\/strong> \u00e9 uma solu\u00e7\u00e3o avan\u00e7ada de comunica\u00e7\u00e3o e seguran\u00e7a, projetada para oferecer qualidade superior em sistemas de videoporteiro. Utilizando a tecnologia <strong data-start=\"268\" data-end=\"276\">Duox<\/strong>, este sistema permite uma comunica\u00e7\u00e3o eficiente e de alta defini\u00e7\u00e3o entre os residentes e os visitantes, proporcionando seguran\u00e7a e conforto em ambientes residenciais e comerciais.<\/p>\n<p class=\"\" data-start=\"459\" data-end=\"989\">O <strong data-start=\"461\" data-end=\"474\">Duox Plus<\/strong> destaca-se pela sua instala\u00e7\u00e3o simplificada, com um sistema sem fio que facilita a conectividade e reduz a complexidade do processo. Al\u00e9m disso, a linha oferece uma variedade de monitores e pain\u00e9is de chamadas, todos com design moderno e funcionalidades intuitivas, garantindo um controlo total sobre o acesso ao edif\u00edcio. Com a tecnologia <strong data-start=\"815\" data-end=\"828\">Duox Plus<\/strong>, \u00e9 poss\u00edvel tamb\u00e9m integrar outros dispositivos de automa\u00e7\u00e3o e seguran\u00e7a, proporcionando uma experi\u00eancia completa e personaliz\u00e1vel para cada tipo de instala\u00e7\u00e3o.<\/p>\n<p data-start=\"459\" data-end=\"989\">Explore mais ao clicar abaixo.<\/p>\n<p data-start=\"459\" data-end=\"989\"><a href=\"http:\/\/electricidadeaguas.pt\/wp-content\/uploads\/2025\/03\/Catalogo-Duox-Plus-2020_PT_compressed.pdf\">Catalogo-Duox-Plus-2020_PT_compressed<\/a><\/p>\n","protected":false},"excerpt":{"rendered":"<p>O Duox Plus da Fermax \u00e9 uma solu\u00e7\u00e3o avan\u00e7ada de comunica\u00e7\u00e3o e seguran\u00e7a, projetada para oferecer qualidade superior em sistemas de videoporteiro. Utilizando a tecnologia Duox, este sistema permite uma comunica\u00e7\u00e3o eficiente e de alta defini\u00e7\u00e3o entre os residentes e os visitantes, proporcionando seguran\u00e7a e conforto em ambientes residenciais e comerciais. O Duox Plus destaca-se&hellip;&nbsp;<a href=\"https:\/\/electricidadeaguas.pt\/?product=catalogo-fermax-duox-plus\" rel=\"bookmark\">Ler mais &raquo;<span class=\"screen-reader-text\">Cat\u00e1logo Fermax &#8211; Duox Plus<\/span><\/a><\/p>\n","protected":false},"featured_media":583,"comment_status":"open","ping_status":"closed","template":"","meta":{"neve_meta_sidebar":"","neve_meta_container":"","neve_meta_enable_content_width":"off","neve_meta_content_width":100,"neve_meta_title_alignment":"","neve_meta_author_avatar":"","neve_post_elements_order":"","neve_meta_disable_header":"","neve_meta_disable_footer":"","neve_meta_disable_title":""},"product_brand":[],"product_cat":[27],"product_tag":[],"class_list":{"0":"post-581","1":"product","2":"type-product","3":"status-publish","4":"has-post-thumbnail","6":"product_cat-fermax","8":"first","9":"instock","10":"virtual","11":"product-type-simple"},"jetpack_sharing_enabled":true,"_links":{"self":[{"href":"https:\/\/electricidadeaguas.pt\/index.php?rest_route=\/wp\/v2\/product\/581","targetHints":{"allow":["GET"]}}],"collection":[{"href":"https:\/\/electricidadeaguas.pt\/index.php?rest_route=\/wp\/v2\/product"}],"about":[{"href":"https:\/\/electricidadeaguas.pt\/index.php?rest_route=\/wp\/v2\/types\/product"}],"replies":[{"embeddable":true,"href":"https:\/\/electricidadeaguas.pt\/index.php?rest_route=%2Fwp%2Fv2%2Fcomments&post=581"}],"wp:featuredmedia":[{"embeddable":true,"href":"https:\/\/electricidadeaguas.pt\/index.php?rest_route=\/wp\/v2\/media\/583"}],"wp:attachment":[{"href":"https:\/\/electricidadeaguas.pt\/index.php?rest_route=%2Fwp%2Fv2%2Fmedia&parent=581"}],"wp:term":[{"taxonomy":"product_brand","embeddable":true,"href":"https:\/\/electricidadeaguas.pt\/index.php?rest_route=%2Fwp%2Fv2%2Fproduct_brand&post=581"},{"taxonomy":"product_cat","embeddable":true,"href":"https:\/\/electricidadeaguas.pt\/index.php?rest_route=%2Fwp%2Fv2%2Fproduct_cat&post=581"},{"taxonomy":"product_tag","embeddable":true,"href":"https:\/\/electricidadeaguas.pt\/index.php?rest_route=%2Fwp%2Fv2%2Fproduct_tag&post=581"}],"curies":[{"name":"wp","href":"https:\/\/api.w.org\/{rel}","templated":true}]}}