{"id":585,"date":"2025-03-25T09:38:44","date_gmt":"2025-03-25T09:38:44","guid":{"rendered":"https:\/\/electricidadeaguas.pt\/?post_type=product&#038;p=585"},"modified":"2025-03-25T09:38:44","modified_gmt":"2025-03-25T09:38:44","slug":"catalogo-finder-geral","status":"publish","type":"product","link":"https:\/\/electricidadeaguas.pt\/?product=catalogo-finder-geral","title":{"rendered":"Cat\u00e1logo Finder &#8211; Geral"},"content":{"rendered":"<p class=\"\" data-start=\"123\" data-end=\"548\">O cat\u00e1logo <strong data-start=\"134\" data-end=\"144\">Finder<\/strong> apresenta uma vasta gama de solu\u00e7\u00f5es inovadoras para automa\u00e7\u00e3o, controlo e conectividade em instala\u00e7\u00f5es el\u00e9tricas. Com mais de 60 anos de experi\u00eancia, a <strong data-start=\"298\" data-end=\"308\">Finder<\/strong> \u00e9 reconhecida pela sua qualidade e fiabilidade em produtos que atendem \u00e0s necessidades de diferentes setores, incluindo automa\u00e7\u00e3o industrial, controle de processos, sistemas de seguran\u00e7a, ilumina\u00e7\u00e3o e instala\u00e7\u00f5es comerciais e residenciais.<\/p>\n<p class=\"\" data-start=\"550\" data-end=\"884\">Entre os produtos oferecidos, destacam-se rel\u00e9s, temporizadores, terminais de conex\u00e3o, interfaces de comunica\u00e7\u00e3o, sensores e sistemas de monitoramento. A marca \u00e9 conhecida pela sua constante busca por inova\u00e7\u00e3o, proporcionando produtos com tecnologia avan\u00e7ada e f\u00e1cil integra\u00e7\u00e3o, garantindo desempenho superior e efici\u00eancia energ\u00e9tica.<\/p>\n<p class=\"\" data-start=\"886\" data-end=\"1081\">A <strong data-start=\"888\" data-end=\"898\">Finder<\/strong> \u00e9 a escolha ideal para quem procura solu\u00e7\u00f5es dur\u00e1veis e de alto desempenho, com um design compacto e funcionalidades de f\u00e1cil utiliza\u00e7\u00e3o, atendendo a diversos requisitos e ambientes.<\/p>\n<p data-start=\"886\" data-end=\"1081\">Explore mais ao clicar abaixo.<\/p>\n<p data-start=\"886\" data-end=\"1081\"><a href=\"https:\/\/electrosiluz.pt\/wp-content\/uploads\/2024\/05\/catalogo_geral_2023_finder_compressed.pdf\">Cat\u00e1logo Finder &#8211; Geral<\/a><\/p>\n","protected":false},"excerpt":{"rendered":"<p>O cat\u00e1logo Finder apresenta uma vasta gama de solu\u00e7\u00f5es inovadoras para automa\u00e7\u00e3o, controlo e conectividade em instala\u00e7\u00f5es el\u00e9tricas. Com mais de 60 anos de experi\u00eancia, a Finder \u00e9 reconhecida pela sua qualidade e fiabilidade em produtos que atendem \u00e0s necessidades de diferentes setores, incluindo automa\u00e7\u00e3o industrial, controle de processos, sistemas de seguran\u00e7a, ilumina\u00e7\u00e3o e instala\u00e7\u00f5es&hellip;&nbsp;<a href=\"https:\/\/electricidadeaguas.pt\/?product=catalogo-finder-geral\" rel=\"bookmark\">Ler mais &raquo;<span class=\"screen-reader-text\">Cat\u00e1logo Finder &#8211; Geral<\/span><\/a><\/p>\n","protected":false},"featured_media":586,"comment_status":"open","ping_status":"closed","template":"","meta":{"neve_meta_sidebar":"","neve_meta_container":"","neve_meta_enable_content_width":"off","neve_meta_content_width":100,"neve_meta_title_alignment":"","neve_meta_author_avatar":"","neve_post_elements_order":"","neve_meta_disable_header":"","neve_meta_disable_footer":"","neve_meta_disable_title":""},"product_brand":[],"product_cat":[28],"product_tag":[],"class_list":{"0":"post-585","1":"product","2":"type-product","3":"status-publish","4":"has-post-thumbnail","6":"product_cat-finder","8":"first","9":"instock","10":"virtual","11":"product-type-simple"},"jetpack_sharing_enabled":true,"_links":{"self":[{"href":"https:\/\/electricidadeaguas.pt\/index.php?rest_route=\/wp\/v2\/product\/585","targetHints":{"allow":["GET"]}}],"collection":[{"href":"https:\/\/electricidadeaguas.pt\/index.php?rest_route=\/wp\/v2\/product"}],"about":[{"href":"https:\/\/electricidadeaguas.pt\/index.php?rest_route=\/wp\/v2\/types\/product"}],"replies":[{"embeddable":true,"href":"https:\/\/electricidadeaguas.pt\/index.php?rest_route=%2Fwp%2Fv2%2Fcomments&post=585"}],"wp:featuredmedia":[{"embeddable":true,"href":"https:\/\/electricidadeaguas.pt\/index.php?rest_route=\/wp\/v2\/media\/586"}],"wp:attachment":[{"href":"https:\/\/electricidadeaguas.pt\/index.php?rest_route=%2Fwp%2Fv2%2Fmedia&parent=585"}],"wp:term":[{"taxonomy":"product_brand","embeddable":true,"href":"https:\/\/electricidadeaguas.pt\/index.php?rest_route=%2Fwp%2Fv2%2Fproduct_brand&post=585"},{"taxonomy":"product_cat","embeddable":true,"href":"https:\/\/electricidadeaguas.pt\/index.php?rest_route=%2Fwp%2Fv2%2Fproduct_cat&post=585"},{"taxonomy":"product_tag","embeddable":true,"href":"https:\/\/electricidadeaguas.pt\/index.php?rest_route=%2Fwp%2Fv2%2Fproduct_tag&post=585"}],"curies":[{"name":"wp","href":"https:\/\/api.w.org\/{rel}","templated":true}]}}