{"id":601,"date":"2025-03-25T10:39:01","date_gmt":"2025-03-25T10:39:01","guid":{"rendered":"https:\/\/electricidadeaguas.pt\/?post_type=product&#038;p=601"},"modified":"2025-03-25T10:39:01","modified_gmt":"2025-03-25T10:39:01","slug":"catalogo-legrand-geral","status":"publish","type":"product","link":"https:\/\/electricidadeaguas.pt\/?product=catalogo-legrand-geral","title":{"rendered":"Cat\u00e1logo Legrand &#8211; Geral"},"content":{"rendered":"<p class=\"\" data-start=\"123\" data-end=\"444\">O <strong data-start=\"125\" data-end=\"145\">Cat\u00e1logo Legrand<\/strong> oferece uma vasta gama de solu\u00e7\u00f5es inovadoras e de alta qualidade para instala\u00e7\u00f5es el\u00e9tricas, automa\u00e7\u00e3o e conectividade. Com um portf\u00f3lio diversificado, a <strong data-start=\"301\" data-end=\"312\">Legrand<\/strong> \u00e9 refer\u00eancia mundial em produtos que garantem seguran\u00e7a, efici\u00eancia e conforto em ambientes residenciais, comerciais e industriais.<\/p>\n<p class=\"\" data-start=\"446\" data-end=\"878\">A marca destaca-se por sua capacidade de integrar design moderno e funcionalidade em seus produtos, que incluem sistemas de distribui\u00e7\u00e3o de energia, interruptores, tomadas, dispositivos de prote\u00e7\u00e3o, solu\u00e7\u00f5es de automa\u00e7\u00e3o residencial, controle de ilumina\u00e7\u00e3o e muito mais. A <strong data-start=\"719\" data-end=\"730\">Legrand<\/strong> tamb\u00e9m \u00e9 l\u00edder em tecnologias para casas inteligentes, proporcionando maior controle e personaliza\u00e7\u00e3o dos ambientes atrav\u00e9s de sistemas conectados.<\/p>\n<p class=\"\" data-start=\"880\" data-end=\"1164\">Al\u00e9m de sua vasta gama de produtos, a <strong data-start=\"918\" data-end=\"929\">Legrand<\/strong> \u00e9 reconhecida pelo seu compromisso com a sustentabilidade e efici\u00eancia energ\u00e9tica, criando solu\u00e7\u00f5es que n\u00e3o apenas atendem aos mais altos padr\u00f5es de seguran\u00e7a, mas tamb\u00e9m ajudam na redu\u00e7\u00e3o do consumo de energia e no impacto ambiental.<\/p>\n<p data-start=\"880\" data-end=\"1164\">Explore mais ao clicar abaixo.<\/p>\n<p data-start=\"880\" data-end=\"1164\"><a href=\"https:\/\/electrosiluz.pt\/wp-content\/uploads\/2024\/05\/Catalogo_Geral_2024_-compressed.pdf\">Cat\u00e1logo Legrand &#8211; Geral<\/a><\/p>\n","protected":false},"excerpt":{"rendered":"<p>O Cat\u00e1logo Legrand oferece uma vasta gama de solu\u00e7\u00f5es inovadoras e de alta qualidade para instala\u00e7\u00f5es el\u00e9tricas, automa\u00e7\u00e3o e conectividade. Com um portf\u00f3lio diversificado, a Legrand \u00e9 refer\u00eancia mundial em produtos que garantem seguran\u00e7a, efici\u00eancia e conforto em ambientes residenciais, comerciais e industriais. A marca destaca-se por sua capacidade de integrar design moderno e funcionalidade&hellip;&nbsp;<a href=\"https:\/\/electricidadeaguas.pt\/?product=catalogo-legrand-geral\" rel=\"bookmark\">Ler mais &raquo;<span class=\"screen-reader-text\">Cat\u00e1logo Legrand &#8211; Geral<\/span><\/a><\/p>\n","protected":false},"featured_media":602,"comment_status":"open","ping_status":"closed","template":"","meta":{"neve_meta_sidebar":"","neve_meta_container":"","neve_meta_enable_content_width":"off","neve_meta_content_width":100,"neve_meta_title_alignment":"","neve_meta_author_avatar":"","neve_post_elements_order":"","neve_meta_disable_header":"","neve_meta_disable_footer":"","neve_meta_disable_title":""},"product_brand":[],"product_cat":[30],"product_tag":[],"class_list":{"0":"post-601","1":"product","2":"type-product","3":"status-publish","4":"has-post-thumbnail","6":"product_cat-legrand","8":"first","9":"instock","10":"virtual","11":"product-type-simple"},"jetpack_sharing_enabled":true,"_links":{"self":[{"href":"https:\/\/electricidadeaguas.pt\/index.php?rest_route=\/wp\/v2\/product\/601","targetHints":{"allow":["GET"]}}],"collection":[{"href":"https:\/\/electricidadeaguas.pt\/index.php?rest_route=\/wp\/v2\/product"}],"about":[{"href":"https:\/\/electricidadeaguas.pt\/index.php?rest_route=\/wp\/v2\/types\/product"}],"replies":[{"embeddable":true,"href":"https:\/\/electricidadeaguas.pt\/index.php?rest_route=%2Fwp%2Fv2%2Fcomments&post=601"}],"wp:featuredmedia":[{"embeddable":true,"href":"https:\/\/electricidadeaguas.pt\/index.php?rest_route=\/wp\/v2\/media\/602"}],"wp:attachment":[{"href":"https:\/\/electricidadeaguas.pt\/index.php?rest_route=%2Fwp%2Fv2%2Fmedia&parent=601"}],"wp:term":[{"taxonomy":"product_brand","embeddable":true,"href":"https:\/\/electricidadeaguas.pt\/index.php?rest_route=%2Fwp%2Fv2%2Fproduct_brand&post=601"},{"taxonomy":"product_cat","embeddable":true,"href":"https:\/\/electricidadeaguas.pt\/index.php?rest_route=%2Fwp%2Fv2%2Fproduct_cat&post=601"},{"taxonomy":"product_tag","embeddable":true,"href":"https:\/\/electricidadeaguas.pt\/index.php?rest_route=%2Fwp%2Fv2%2Fproduct_tag&post=601"}],"curies":[{"name":"wp","href":"https:\/\/api.w.org\/{rel}","templated":true}]}}