{"id":603,"date":"2025-03-25T10:51:00","date_gmt":"2025-03-25T10:51:00","guid":{"rendered":"https:\/\/electricidadeaguas.pt\/?post_type=product&#038;p=603"},"modified":"2025-03-25T10:51:01","modified_gmt":"2025-03-25T10:51:01","slug":"catalogo-legrand-tabela-de-precos","status":"publish","type":"product","link":"https:\/\/electricidadeaguas.pt\/?product=catalogo-legrand-tabela-de-precos","title":{"rendered":"Cat\u00e1logo Legrand &#8211; Tabela de pre\u00e7os"},"content":{"rendered":"<p class=\"\" data-start=\"0\" data-end=\"488\">A <strong data-start=\"2\" data-end=\"30\">Tabela de Pre\u00e7os Legrand<\/strong> no cat\u00e1logo fornece uma vis\u00e3o clara e atualizada dos custos associados aos diversos produtos e solu\u00e7\u00f5es oferecidas pela marca. A <strong data-start=\"160\" data-end=\"171\">Legrand<\/strong> disponibiliza uma ampla gama de produtos, desde sistemas de distribui\u00e7\u00e3o de energia, interruptores e tomadas at\u00e9 solu\u00e7\u00f5es de automa\u00e7\u00e3o e controle de ilumina\u00e7\u00e3o. A tabela \u00e9 estruturada de forma a facilitar a consulta e ajudar os profissionais a escolher os produtos mais adequados para suas necessidades e or\u00e7amentos.<\/p>\n<p class=\"\" data-start=\"490\" data-end=\"859\">Al\u00e9m de incluir os pre\u00e7os de cada item, a tabela tamb\u00e9m pode fornecer informa\u00e7\u00f5es adicionais como especifica\u00e7\u00f5es t\u00e9cnicas, condi\u00e7\u00f5es de garantia e descontos por volume de compra. Isso facilita a sele\u00e7\u00e3o de produtos de acordo com as exig\u00eancias de cada projeto, garantindo que os clientes encontrem as melhores solu\u00e7\u00f5es, tanto em termos de custo quanto de funcionalidade.<\/p>\n<p data-start=\"490\" data-end=\"859\">Explore mais ao clicar abaixo.<\/p>\n<p data-start=\"490\" data-end=\"859\"><a href=\"http:\/\/electricidadeaguas.pt\/wp-content\/uploads\/2025\/03\/Tabela-de-Precos-FAB-LEGRAND-Jan.pdf\">Tabela-de-Precos-FAB-LEGRAND-Jan<\/a><\/p>\n","protected":false},"excerpt":{"rendered":"<p>A Tabela de Pre\u00e7os Legrand no cat\u00e1logo fornece uma vis\u00e3o clara e atualizada dos custos associados aos diversos produtos e solu\u00e7\u00f5es oferecidas pela marca. A Legrand disponibiliza uma ampla gama de produtos, desde sistemas de distribui\u00e7\u00e3o de energia, interruptores e tomadas at\u00e9 solu\u00e7\u00f5es de automa\u00e7\u00e3o e controle de ilumina\u00e7\u00e3o. A tabela \u00e9 estruturada de forma&hellip;&nbsp;<a href=\"https:\/\/electricidadeaguas.pt\/?product=catalogo-legrand-tabela-de-precos\" rel=\"bookmark\">Ler mais &raquo;<span class=\"screen-reader-text\">Cat\u00e1logo Legrand &#8211; Tabela de pre\u00e7os<\/span><\/a><\/p>\n","protected":false},"featured_media":605,"comment_status":"open","ping_status":"closed","template":"","meta":{"neve_meta_sidebar":"","neve_meta_container":"","neve_meta_enable_content_width":"off","neve_meta_content_width":100,"neve_meta_title_alignment":"","neve_meta_author_avatar":"","neve_post_elements_order":"","neve_meta_disable_header":"","neve_meta_disable_footer":"","neve_meta_disable_title":""},"product_brand":[],"product_cat":[30],"product_tag":[],"class_list":{"0":"post-603","1":"product","2":"type-product","3":"status-publish","4":"has-post-thumbnail","6":"product_cat-legrand","8":"first","9":"instock","10":"virtual","11":"product-type-simple"},"jetpack_sharing_enabled":true,"_links":{"self":[{"href":"https:\/\/electricidadeaguas.pt\/index.php?rest_route=\/wp\/v2\/product\/603","targetHints":{"allow":["GET"]}}],"collection":[{"href":"https:\/\/electricidadeaguas.pt\/index.php?rest_route=\/wp\/v2\/product"}],"about":[{"href":"https:\/\/electricidadeaguas.pt\/index.php?rest_route=\/wp\/v2\/types\/product"}],"replies":[{"embeddable":true,"href":"https:\/\/electricidadeaguas.pt\/index.php?rest_route=%2Fwp%2Fv2%2Fcomments&post=603"}],"wp:featuredmedia":[{"embeddable":true,"href":"https:\/\/electricidadeaguas.pt\/index.php?rest_route=\/wp\/v2\/media\/605"}],"wp:attachment":[{"href":"https:\/\/electricidadeaguas.pt\/index.php?rest_route=%2Fwp%2Fv2%2Fmedia&parent=603"}],"wp:term":[{"taxonomy":"product_brand","embeddable":true,"href":"https:\/\/electricidadeaguas.pt\/index.php?rest_route=%2Fwp%2Fv2%2Fproduct_brand&post=603"},{"taxonomy":"product_cat","embeddable":true,"href":"https:\/\/electricidadeaguas.pt\/index.php?rest_route=%2Fwp%2Fv2%2Fproduct_cat&post=603"},{"taxonomy":"product_tag","embeddable":true,"href":"https:\/\/electricidadeaguas.pt\/index.php?rest_route=%2Fwp%2Fv2%2Fproduct_tag&post=603"}],"curies":[{"name":"wp","href":"https:\/\/api.w.org\/{rel}","templated":true}]}}