{"id":606,"date":"2025-03-25T10:54:20","date_gmt":"2025-03-25T10:54:20","guid":{"rendered":"https:\/\/electricidadeaguas.pt\/?post_type=product&#038;p=606"},"modified":"2025-03-25T10:54:20","modified_gmt":"2025-03-25T10:54:20","slug":"catalogo-legrand-plexo","status":"publish","type":"product","link":"https:\/\/electricidadeaguas.pt\/?product=catalogo-legrand-plexo","title":{"rendered":"Cat\u00e1logo Legrand &#8211; Plexo"},"content":{"rendered":"<p class=\"\" data-start=\"90\" data-end=\"477\">A linha <strong data-start=\"98\" data-end=\"107\">Plexo<\/strong> da <strong data-start=\"111\" data-end=\"122\">Legrand<\/strong> oferece solu\u00e7\u00f5es de caixas e dispositivos el\u00e9tricos altamente resistentes e vers\u00e1teis, projetados para suportar condi\u00e7\u00f5es ambientais exigentes. Ideal para ambientes externos e industriais, os produtos <strong data-start=\"324\" data-end=\"333\">Plexo<\/strong> s\u00e3o perfeitos para garantir uma instala\u00e7\u00e3o el\u00e9trica segura e duradoura, mesmo em condi\u00e7\u00f5es de grande exposi\u00e7\u00e3o a intemp\u00e9ries, poeira e umidade.<\/p>\n<p class=\"\" data-start=\"479\" data-end=\"990\">Os produtos da linha <strong data-start=\"500\" data-end=\"509\">Plexo<\/strong> incluem caixas de distribui\u00e7\u00e3o, tomadas, interruptores e acess\u00f3rios, todos fabricados com materiais de alta qualidade e com grau de prote\u00e7\u00e3o IP55, o que garante resist\u00eancia a elementos externos e assegura a fiabilidade do sistema. Al\u00e9m disso, o design modular e a facilidade de instala\u00e7\u00e3o fazem da <strong data-start=\"808\" data-end=\"817\">Plexo<\/strong> uma escolha ideal para quem busca solu\u00e7\u00f5es robustas e pr\u00e1ticas para instala\u00e7\u00f5es el\u00e9tricas em \u00e1reas externas, jardins, ind\u00fastrias e locais com necessidade de maior prote\u00e7\u00e3o.<\/p>\n<p data-start=\"479\" data-end=\"990\">Explore mais ao clicar abaixo.<\/p>\n<p data-start=\"479\" data-end=\"990\"><a href=\"https:\/\/electrosiluz.pt\/wp-content\/uploads\/2024\/05\/PlexoNew_Catalogo.pdf\">Cat\u00e1logo Legrand &#8211; Plexo<\/a><\/p>\n","protected":false},"excerpt":{"rendered":"<p>A linha Plexo da Legrand oferece solu\u00e7\u00f5es de caixas e dispositivos el\u00e9tricos altamente resistentes e vers\u00e1teis, projetados para suportar condi\u00e7\u00f5es ambientais exigentes. Ideal para ambientes externos e industriais, os produtos Plexo s\u00e3o perfeitos para garantir uma instala\u00e7\u00e3o el\u00e9trica segura e duradoura, mesmo em condi\u00e7\u00f5es de grande exposi\u00e7\u00e3o a intemp\u00e9ries, poeira e umidade. Os produtos da&hellip;&nbsp;<a href=\"https:\/\/electricidadeaguas.pt\/?product=catalogo-legrand-plexo\" rel=\"bookmark\">Ler mais &raquo;<span class=\"screen-reader-text\">Cat\u00e1logo Legrand &#8211; Plexo<\/span><\/a><\/p>\n","protected":false},"featured_media":607,"comment_status":"open","ping_status":"closed","template":"","meta":{"neve_meta_sidebar":"","neve_meta_container":"","neve_meta_enable_content_width":"off","neve_meta_content_width":100,"neve_meta_title_alignment":"","neve_meta_author_avatar":"","neve_post_elements_order":"","neve_meta_disable_header":"","neve_meta_disable_footer":"","neve_meta_disable_title":""},"product_brand":[],"product_cat":[30],"product_tag":[],"class_list":{"0":"post-606","1":"product","2":"type-product","3":"status-publish","4":"has-post-thumbnail","6":"product_cat-legrand","8":"first","9":"instock","10":"virtual","11":"product-type-simple"},"jetpack_sharing_enabled":true,"_links":{"self":[{"href":"https:\/\/electricidadeaguas.pt\/index.php?rest_route=\/wp\/v2\/product\/606","targetHints":{"allow":["GET"]}}],"collection":[{"href":"https:\/\/electricidadeaguas.pt\/index.php?rest_route=\/wp\/v2\/product"}],"about":[{"href":"https:\/\/electricidadeaguas.pt\/index.php?rest_route=\/wp\/v2\/types\/product"}],"replies":[{"embeddable":true,"href":"https:\/\/electricidadeaguas.pt\/index.php?rest_route=%2Fwp%2Fv2%2Fcomments&post=606"}],"wp:featuredmedia":[{"embeddable":true,"href":"https:\/\/electricidadeaguas.pt\/index.php?rest_route=\/wp\/v2\/media\/607"}],"wp:attachment":[{"href":"https:\/\/electricidadeaguas.pt\/index.php?rest_route=%2Fwp%2Fv2%2Fmedia&parent=606"}],"wp:term":[{"taxonomy":"product_brand","embeddable":true,"href":"https:\/\/electricidadeaguas.pt\/index.php?rest_route=%2Fwp%2Fv2%2Fproduct_brand&post=606"},{"taxonomy":"product_cat","embeddable":true,"href":"https:\/\/electricidadeaguas.pt\/index.php?rest_route=%2Fwp%2Fv2%2Fproduct_cat&post=606"},{"taxonomy":"product_tag","embeddable":true,"href":"https:\/\/electricidadeaguas.pt\/index.php?rest_route=%2Fwp%2Fv2%2Fproduct_tag&post=606"}],"curies":[{"name":"wp","href":"https:\/\/api.w.org\/{rel}","templated":true}]}}