{"id":613,"date":"2025-03-25T11:08:09","date_gmt":"2025-03-25T11:08:09","guid":{"rendered":"https:\/\/electricidadeaguas.pt\/?post_type=product&#038;p=613"},"modified":"2025-03-25T11:08:10","modified_gmt":"2025-03-25T11:08:10","slug":"catalogo-legrand-descarregadores-de-sobretensoes","status":"publish","type":"product","link":"https:\/\/electricidadeaguas.pt\/?product=catalogo-legrand-descarregadores-de-sobretensoes","title":{"rendered":"Cat\u00e1logo Legrand &#8211; Descarregadores de Sobretens\u00f5es"},"content":{"rendered":"<p class=\"\" data-start=\"137\" data-end=\"570\">A <strong data-start=\"139\" data-end=\"150\">Legrand<\/strong> oferece uma gama avan\u00e7ada de <strong data-start=\"180\" data-end=\"215\">descarregadores de sobretens\u00f5es<\/strong>, desenvolvidos para proteger as instala\u00e7\u00f5es el\u00e9tricas contra picos de tens\u00e3o que podem ser causados por eventos como raios, falhas na rede el\u00e9trica ou outros dist\u00farbios. Esses dispositivos s\u00e3o essenciais para garantir a seguran\u00e7a de equipamentos el\u00e9tricos e eletr\u00f4nicos sens\u00edveis, prevenindo danos que podem resultar em perdas financeiras e operacionais.<\/p>\n<p class=\"\" data-start=\"572\" data-end=\"1064\">Com tecnologia de ponta, os <strong data-start=\"600\" data-end=\"635\">descarregadores de sobretens\u00f5es<\/strong> da <strong data-start=\"639\" data-end=\"650\">Legrand<\/strong> oferecem um desempenho superior, proporcionando uma prote\u00e7\u00e3o eficaz para sistemas residenciais, comerciais e industriais. Eles s\u00e3o projetados para serem facilmente integrados em quadros de distribui\u00e7\u00e3o e s\u00e3o ideais para ambientes com risco elevado de sobretens\u00f5es. A marca assegura que os seus descarregadores atendem a normas rigorosas de seguran\u00e7a e oferecem uma longa durabilidade, mesmo em condi\u00e7\u00f5es adversas.<\/p>\n<p class=\"\" data-start=\"1066\" data-end=\"1247\">Com as solu\u00e7\u00f5es da <strong data-start=\"1085\" data-end=\"1096\">Legrand<\/strong>, pode-se garantir a continuidade e a integridade dos sistemas el\u00e9tricos, evitando preju\u00edzos com falhas em equipamentos devido a sobrecargas de tens\u00e3o.<\/p>\n<p data-start=\"1066\" data-end=\"1247\">Explore mais ao clicar abaixo.<\/p>\n<p data-start=\"1066\" data-end=\"1247\"><a href=\"http:\/\/electricidadeaguas.pt\/wp-content\/uploads\/2025\/03\/Catalogo-Descarregadores-de-Sobretensoes-Legrand.pdf\">Catalogo-Descarregadores-de-Sobretensoes-Legrand<\/a><\/p>\n","protected":false},"excerpt":{"rendered":"<p>A Legrand oferece uma gama avan\u00e7ada de descarregadores de sobretens\u00f5es, desenvolvidos para proteger as instala\u00e7\u00f5es el\u00e9tricas contra picos de tens\u00e3o que podem ser causados por eventos como raios, falhas na rede el\u00e9trica ou outros dist\u00farbios. Esses dispositivos s\u00e3o essenciais para garantir a seguran\u00e7a de equipamentos el\u00e9tricos e eletr\u00f4nicos sens\u00edveis, prevenindo danos que podem resultar em&hellip;&nbsp;<a href=\"https:\/\/electricidadeaguas.pt\/?product=catalogo-legrand-descarregadores-de-sobretensoes\" rel=\"bookmark\">Ler mais &raquo;<span class=\"screen-reader-text\">Cat\u00e1logo Legrand &#8211; Descarregadores de Sobretens\u00f5es<\/span><\/a><\/p>\n","protected":false},"featured_media":615,"comment_status":"open","ping_status":"closed","template":"","meta":{"neve_meta_sidebar":"","neve_meta_container":"","neve_meta_enable_content_width":"off","neve_meta_content_width":100,"neve_meta_title_alignment":"","neve_meta_author_avatar":"","neve_post_elements_order":"","neve_meta_disable_header":"","neve_meta_disable_footer":"","neve_meta_disable_title":""},"product_brand":[],"product_cat":[30],"product_tag":[],"class_list":{"0":"post-613","1":"product","2":"type-product","3":"status-publish","4":"has-post-thumbnail","6":"product_cat-legrand","8":"first","9":"instock","10":"virtual","11":"product-type-simple"},"jetpack_sharing_enabled":true,"_links":{"self":[{"href":"https:\/\/electricidadeaguas.pt\/index.php?rest_route=\/wp\/v2\/product\/613","targetHints":{"allow":["GET"]}}],"collection":[{"href":"https:\/\/electricidadeaguas.pt\/index.php?rest_route=\/wp\/v2\/product"}],"about":[{"href":"https:\/\/electricidadeaguas.pt\/index.php?rest_route=\/wp\/v2\/types\/product"}],"replies":[{"embeddable":true,"href":"https:\/\/electricidadeaguas.pt\/index.php?rest_route=%2Fwp%2Fv2%2Fcomments&post=613"}],"wp:featuredmedia":[{"embeddable":true,"href":"https:\/\/electricidadeaguas.pt\/index.php?rest_route=\/wp\/v2\/media\/615"}],"wp:attachment":[{"href":"https:\/\/electricidadeaguas.pt\/index.php?rest_route=%2Fwp%2Fv2%2Fmedia&parent=613"}],"wp:term":[{"taxonomy":"product_brand","embeddable":true,"href":"https:\/\/electricidadeaguas.pt\/index.php?rest_route=%2Fwp%2Fv2%2Fproduct_brand&post=613"},{"taxonomy":"product_cat","embeddable":true,"href":"https:\/\/electricidadeaguas.pt\/index.php?rest_route=%2Fwp%2Fv2%2Fproduct_cat&post=613"},{"taxonomy":"product_tag","embeddable":true,"href":"https:\/\/electricidadeaguas.pt\/index.php?rest_route=%2Fwp%2Fv2%2Fproduct_tag&post=613"}],"curies":[{"name":"wp","href":"https:\/\/api.w.org\/{rel}","templated":true}]}}