{"id":618,"date":"2025-03-25T11:22:41","date_gmt":"2025-03-25T11:22:41","guid":{"rendered":"https:\/\/electricidadeaguas.pt\/?post_type=product&#038;p=618"},"modified":"2025-03-25T11:22:41","modified_gmt":"2025-03-25T11:22:41","slug":"catalogo-legrand-solucoes-para-as-distribuicoes-eletricas","status":"publish","type":"product","link":"https:\/\/electricidadeaguas.pt\/?product=catalogo-legrand-solucoes-para-as-distribuicoes-eletricas","title":{"rendered":"Cat\u00e1logo Legrand &#8211; Solu\u00e7\u00f5es para as distribui\u00e7\u00f5es el\u00e9tricas"},"content":{"rendered":"<p class=\"\" data-start=\"155\" data-end=\"636\">A <strong data-start=\"157\" data-end=\"168\">Legrand<\/strong> oferece solu\u00e7\u00f5es completas e inovadoras para <strong data-start=\"214\" data-end=\"241\">distribui\u00e7\u00f5es el\u00e9tricas<\/strong>, projetadas para garantir seguran\u00e7a, efici\u00eancia e fiabilidade em instala\u00e7\u00f5es residenciais, comerciais e industriais. Com um portf\u00f3lio de produtos que inclui <strong data-start=\"399\" data-end=\"426\">quadros de distribui\u00e7\u00e3o<\/strong>, <strong data-start=\"428\" data-end=\"443\">disjuntores<\/strong>, <strong data-start=\"445\" data-end=\"456\">tomadas<\/strong>, <strong data-start=\"458\" data-end=\"475\">interruptores<\/strong> e outros dispositivos, a <strong data-start=\"501\" data-end=\"512\">Legrand<\/strong> assegura o perfeito funcionamento das infraestruturas el\u00e9tricas, com m\u00e1xima prote\u00e7\u00e3o contra sobrecargas e curtos-circuitos.<\/p>\n<p class=\"\" data-start=\"638\" data-end=\"1029\">As solu\u00e7\u00f5es de distribui\u00e7\u00e3o el\u00e9trica da <strong data-start=\"678\" data-end=\"689\">Legrand<\/strong> s\u00e3o desenvolvidas com foco na <strong data-start=\"720\" data-end=\"745\">efici\u00eancia energ\u00e9tica<\/strong>, proporcionando maior controle e otimiza\u00e7\u00e3o do consumo de energia, ao mesmo tempo que garantem o cumprimento das normas de seguran\u00e7a mais rigorosas. A modularidade e a flexibilidade das solu\u00e7\u00f5es permitem uma instala\u00e7\u00e3o personalizada, adapt\u00e1vel a qualquer tipo de projeto ou edif\u00edcio.<\/p>\n<p class=\"\" data-start=\"1031\" data-end=\"1307\">A <strong data-start=\"1033\" data-end=\"1044\">Legrand<\/strong> tamb\u00e9m oferece sistemas de <strong data-start=\"1072\" data-end=\"1107\">monitoramento e controlo remoto<\/strong>, que proporcionam uma gest\u00e3o inteligente da distribui\u00e7\u00e3o el\u00e9trica, permitindo o acompanhamento e a an\u00e1lise de dados em tempo real, e assegurando que os sistemas operem sempre com o melhor desempenho.<\/p>\n<p class=\"\" data-start=\"1309\" data-end=\"1526\">Com a <strong data-start=\"1315\" data-end=\"1326\">Legrand<\/strong>, \u00e9 poss\u00edvel garantir uma distribui\u00e7\u00e3o el\u00e9trica segura, eficiente e duradoura, atendendo \u00e0s necessidades de qualquer instala\u00e7\u00e3o, desde resid\u00eancias at\u00e9 grandes infraestruturas comerciais e industriais.<\/p>\n<p data-start=\"1309\" data-end=\"1526\">Explore mais ao clicar abaixo.<\/p>\n<p data-start=\"1309\" data-end=\"1526\"><a href=\"https:\/\/electrosiluz.pt\/wp-content\/uploads\/2024\/05\/Catalogo-Geral-Zucchini-2015_compressed-1.pdf\">Solu\u00e7\u00f5es para as Distribui\u00e7\u00f5es El\u00e9tricas &#8211; Legrand<\/a><\/p>\n","protected":false},"excerpt":{"rendered":"<p>A Legrand oferece solu\u00e7\u00f5es completas e inovadoras para distribui\u00e7\u00f5es el\u00e9tricas, projetadas para garantir seguran\u00e7a, efici\u00eancia e fiabilidade em instala\u00e7\u00f5es residenciais, comerciais e industriais. Com um portf\u00f3lio de produtos que inclui quadros de distribui\u00e7\u00e3o, disjuntores, tomadas, interruptores e outros dispositivos, a Legrand assegura o perfeito funcionamento das infraestruturas el\u00e9tricas, com m\u00e1xima prote\u00e7\u00e3o contra sobrecargas e curtos-circuitos.&hellip;&nbsp;<a href=\"https:\/\/electricidadeaguas.pt\/?product=catalogo-legrand-solucoes-para-as-distribuicoes-eletricas\" rel=\"bookmark\">Ler mais &raquo;<span class=\"screen-reader-text\">Cat\u00e1logo Legrand &#8211; Solu\u00e7\u00f5es para as distribui\u00e7\u00f5es el\u00e9tricas<\/span><\/a><\/p>\n","protected":false},"featured_media":619,"comment_status":"open","ping_status":"closed","template":"","meta":{"neve_meta_sidebar":"","neve_meta_container":"","neve_meta_enable_content_width":"off","neve_meta_content_width":100,"neve_meta_title_alignment":"","neve_meta_author_avatar":"","neve_post_elements_order":"","neve_meta_disable_header":"","neve_meta_disable_footer":"","neve_meta_disable_title":""},"product_brand":[],"product_cat":[30],"product_tag":[],"class_list":{"0":"post-618","1":"product","2":"type-product","3":"status-publish","4":"has-post-thumbnail","6":"product_cat-legrand","8":"first","9":"instock","10":"virtual","11":"product-type-simple"},"jetpack_sharing_enabled":true,"_links":{"self":[{"href":"https:\/\/electricidadeaguas.pt\/index.php?rest_route=\/wp\/v2\/product\/618","targetHints":{"allow":["GET"]}}],"collection":[{"href":"https:\/\/electricidadeaguas.pt\/index.php?rest_route=\/wp\/v2\/product"}],"about":[{"href":"https:\/\/electricidadeaguas.pt\/index.php?rest_route=\/wp\/v2\/types\/product"}],"replies":[{"embeddable":true,"href":"https:\/\/electricidadeaguas.pt\/index.php?rest_route=%2Fwp%2Fv2%2Fcomments&post=618"}],"wp:featuredmedia":[{"embeddable":true,"href":"https:\/\/electricidadeaguas.pt\/index.php?rest_route=\/wp\/v2\/media\/619"}],"wp:attachment":[{"href":"https:\/\/electricidadeaguas.pt\/index.php?rest_route=%2Fwp%2Fv2%2Fmedia&parent=618"}],"wp:term":[{"taxonomy":"product_brand","embeddable":true,"href":"https:\/\/electricidadeaguas.pt\/index.php?rest_route=%2Fwp%2Fv2%2Fproduct_brand&post=618"},{"taxonomy":"product_cat","embeddable":true,"href":"https:\/\/electricidadeaguas.pt\/index.php?rest_route=%2Fwp%2Fv2%2Fproduct_cat&post=618"},{"taxonomy":"product_tag","embeddable":true,"href":"https:\/\/electricidadeaguas.pt\/index.php?rest_route=%2Fwp%2Fv2%2Fproduct_tag&post=618"}],"curies":[{"name":"wp","href":"https:\/\/api.w.org\/{rel}","templated":true}]}}