{"id":623,"date":"2025-03-25T11:33:44","date_gmt":"2025-03-25T11:33:44","guid":{"rendered":"https:\/\/electricidadeaguas.pt\/?post_type=product&#038;p=623"},"modified":"2025-03-25T11:33:45","modified_gmt":"2025-03-25T11:33:45","slug":"catalogo-legrand-mosaic","status":"publish","type":"product","link":"https:\/\/electricidadeaguas.pt\/?product=catalogo-legrand-mosaic","title":{"rendered":"Cat\u00e1logo Legrand &#8211; Mosaic"},"content":{"rendered":"<p class=\"\" data-start=\"92\" data-end=\"423\">A linha <strong data-start=\"100\" data-end=\"110\">Mosaic<\/strong> da <strong data-start=\"114\" data-end=\"125\">Legrand<\/strong> \u00e9 uma solu\u00e7\u00e3o vers\u00e1til e moderna para instala\u00e7\u00f5es el\u00e9tricas e de conectividade. Desenvolvida para oferecer m\u00e1xima flexibilidade e personaliza\u00e7\u00e3o, a <strong data-start=\"274\" data-end=\"284\">Mosaic<\/strong> permite a cria\u00e7\u00e3o de sistemas el\u00e9tricos e de comunica\u00e7\u00e3o adaptados a qualquer tipo de ambiente, seja residencial, comercial ou industrial.<\/p>\n<p class=\"\" data-start=\"425\" data-end=\"956\">Com um design sofisticado e funcional, a linha <strong data-start=\"472\" data-end=\"482\">Mosaic<\/strong> inclui uma ampla gama de <strong data-start=\"508\" data-end=\"519\">tomadas<\/strong>, <strong data-start=\"521\" data-end=\"538\">interruptores<\/strong>, <strong data-start=\"540\" data-end=\"554\">conectores<\/strong> e <strong data-start=\"557\" data-end=\"579\">pain\u00e9is de comando<\/strong>, todos com a possibilidade de personaliza\u00e7\u00e3o das molduras e acabamentos, permitindo que se integrem perfeitamente ao estilo e \u00e0 decora\u00e7\u00e3o de qualquer espa\u00e7o. A modularidade dos dispositivos permite que sejam facilmente combinados para atender \u00e0s necessidades espec\u00edficas de cada instala\u00e7\u00e3o, garantindo uma gest\u00e3o eficiente e intuitiva das infraestruturas el\u00e9tricas e digitais.<\/p>\n<p class=\"\" data-start=\"958\" data-end=\"1347\">Al\u00e9m de seu design moderno e adapt\u00e1vel, os produtos <strong data-start=\"1010\" data-end=\"1020\">Mosaic<\/strong> da <strong data-start=\"1024\" data-end=\"1035\">Legrand<\/strong> s\u00e3o fabricados com materiais de alta qualidade, oferecendo durabilidade e seguran\u00e7a. A linha tamb\u00e9m \u00e9 desenvolvida com foco na <strong data-start=\"1163\" data-end=\"1188\">efici\u00eancia energ\u00e9tica<\/strong> e na <strong data-start=\"1194\" data-end=\"1214\">sustentabilidade<\/strong>, garantindo solu\u00e7\u00f5es que n\u00e3o apenas atendem aos requisitos de seguran\u00e7a, mas tamb\u00e9m contribuem para a redu\u00e7\u00e3o do consumo de energia.<\/p>\n<p data-start=\"958\" data-end=\"1347\">Explore mais ao clicar abaixo.<\/p>\n<p data-start=\"958\" data-end=\"1347\"><a href=\"http:\/\/electricidadeaguas.pt\/wp-content\/uploads\/2025\/03\/Catalogo-Mosaic-2020_compressed.pdf\">Catalogo-Mosaic-2020_compressed<\/a><\/p>\n","protected":false},"excerpt":{"rendered":"<p>A linha Mosaic da Legrand \u00e9 uma solu\u00e7\u00e3o vers\u00e1til e moderna para instala\u00e7\u00f5es el\u00e9tricas e de conectividade. Desenvolvida para oferecer m\u00e1xima flexibilidade e personaliza\u00e7\u00e3o, a Mosaic permite a cria\u00e7\u00e3o de sistemas el\u00e9tricos e de comunica\u00e7\u00e3o adaptados a qualquer tipo de ambiente, seja residencial, comercial ou industrial. Com um design sofisticado e funcional, a linha Mosaic&hellip;&nbsp;<a href=\"https:\/\/electricidadeaguas.pt\/?product=catalogo-legrand-mosaic\" rel=\"bookmark\">Ler mais &raquo;<span class=\"screen-reader-text\">Cat\u00e1logo Legrand &#8211; Mosaic<\/span><\/a><\/p>\n","protected":false},"featured_media":625,"comment_status":"open","ping_status":"closed","template":"","meta":{"neve_meta_sidebar":"","neve_meta_container":"","neve_meta_enable_content_width":"off","neve_meta_content_width":100,"neve_meta_title_alignment":"","neve_meta_author_avatar":"","neve_post_elements_order":"","neve_meta_disable_header":"","neve_meta_disable_footer":"","neve_meta_disable_title":""},"product_brand":[],"product_cat":[30],"product_tag":[],"class_list":{"0":"post-623","1":"product","2":"type-product","3":"status-publish","4":"has-post-thumbnail","6":"product_cat-legrand","8":"first","9":"instock","10":"virtual","11":"product-type-simple"},"jetpack_sharing_enabled":true,"_links":{"self":[{"href":"https:\/\/electricidadeaguas.pt\/index.php?rest_route=\/wp\/v2\/product\/623","targetHints":{"allow":["GET"]}}],"collection":[{"href":"https:\/\/electricidadeaguas.pt\/index.php?rest_route=\/wp\/v2\/product"}],"about":[{"href":"https:\/\/electricidadeaguas.pt\/index.php?rest_route=\/wp\/v2\/types\/product"}],"replies":[{"embeddable":true,"href":"https:\/\/electricidadeaguas.pt\/index.php?rest_route=%2Fwp%2Fv2%2Fcomments&post=623"}],"wp:featuredmedia":[{"embeddable":true,"href":"https:\/\/electricidadeaguas.pt\/index.php?rest_route=\/wp\/v2\/media\/625"}],"wp:attachment":[{"href":"https:\/\/electricidadeaguas.pt\/index.php?rest_route=%2Fwp%2Fv2%2Fmedia&parent=623"}],"wp:term":[{"taxonomy":"product_brand","embeddable":true,"href":"https:\/\/electricidadeaguas.pt\/index.php?rest_route=%2Fwp%2Fv2%2Fproduct_brand&post=623"},{"taxonomy":"product_cat","embeddable":true,"href":"https:\/\/electricidadeaguas.pt\/index.php?rest_route=%2Fwp%2Fv2%2Fproduct_cat&post=623"},{"taxonomy":"product_tag","embeddable":true,"href":"https:\/\/electricidadeaguas.pt\/index.php?rest_route=%2Fwp%2Fv2%2Fproduct_tag&post=623"}],"curies":[{"name":"wp","href":"https:\/\/api.w.org\/{rel}","templated":true}]}}