{"id":626,"date":"2025-03-25T11:43:28","date_gmt":"2025-03-25T11:43:28","guid":{"rendered":"https:\/\/electricidadeaguas.pt\/?post_type=product&#038;p=626"},"modified":"2025-03-25T11:43:29","modified_gmt":"2025-03-25T11:43:29","slug":"catalogo-legrand-guia-pro","status":"publish","type":"product","link":"https:\/\/electricidadeaguas.pt\/?product=catalogo-legrand-guia-pro","title":{"rendered":"Cat\u00e1logo Legrand &#8211; Guia Pro"},"content":{"rendered":"<p class=\"\" data-start=\"90\" data-end=\"454\">O <strong data-start=\"92\" data-end=\"104\">Guia Pro<\/strong> da <strong data-start=\"108\" data-end=\"119\">Legrand<\/strong> \u00e9 uma ferramenta essencial para profissionais do setor el\u00e9trico, oferecendo um acesso f\u00e1cil e r\u00e1pido \u00e0s solu\u00e7\u00f5es mais avan\u00e7adas e eficientes da marca. Este guia foi desenvolvido para ajudar os instaladores, engenheiros e arquitetos a selecionar e aplicar os produtos <strong data-start=\"387\" data-end=\"398\">Legrand<\/strong> de maneira eficaz em projetos el\u00e9tricos e de automa\u00e7\u00e3o.<\/p>\n<p class=\"\" data-start=\"456\" data-end=\"848\">O <strong data-start=\"458\" data-end=\"470\">Guia Pro<\/strong> inclui informa\u00e7\u00f5es detalhadas sobre os produtos, especifica\u00e7\u00f5es t\u00e9cnicas, recomenda\u00e7\u00f5es de instala\u00e7\u00e3o e exemplos pr\u00e1ticos de aplica\u00e7\u00e3o. Atrav\u00e9s dele, os profissionais podem consultar diretamente as melhores solu\u00e7\u00f5es para instala\u00e7\u00f5es residenciais, comerciais e industriais, garantindo que cada projeto seja executado com seguran\u00e7a, efici\u00eancia e dentro dos requisitos normativos.<\/p>\n<p class=\"\" data-start=\"850\" data-end=\"1200\">Com foco em <strong data-start=\"862\" data-end=\"883\">facilidade de uso<\/strong> e <strong data-start=\"886\" data-end=\"904\">confiabilidade<\/strong>, o <strong data-start=\"908\" data-end=\"920\">Guia Pro<\/strong> oferece uma vis\u00e3o clara dos produtos, desde <strong data-start=\"965\" data-end=\"1004\">sistemas de distribui\u00e7\u00e3o de energia<\/strong> at\u00e9 <strong data-start=\"1009\" data-end=\"1046\">solu\u00e7\u00f5es de automa\u00e7\u00e3o inteligente<\/strong> e <strong data-start=\"1049\" data-end=\"1066\">conectividade<\/strong>. Ele \u00e9 uma ferramenta indispens\u00e1vel para quem busca otimizar seus projetos el\u00e9tricos com as mais recentes tecnologias da <strong data-start=\"1188\" data-end=\"1199\">Legrand<\/strong>.<\/p>\n<p data-start=\"850\" data-end=\"1200\">Para mais informa\u00e7\u00f5es clique abaixo.<\/p>\n<p data-start=\"850\" data-end=\"1200\"><a href=\"https:\/\/electrosiluz.pt\/wp-content\/uploads\/2024\/05\/Guia-Pro-Valena-Life-with-Netatmo.pdf\">Guia Pro &#8211; Legrand<\/a><\/p>\n","protected":false},"excerpt":{"rendered":"<p>O Guia Pro da Legrand \u00e9 uma ferramenta essencial para profissionais do setor el\u00e9trico, oferecendo um acesso f\u00e1cil e r\u00e1pido \u00e0s solu\u00e7\u00f5es mais avan\u00e7adas e eficientes da marca. Este guia foi desenvolvido para ajudar os instaladores, engenheiros e arquitetos a selecionar e aplicar os produtos Legrand de maneira eficaz em projetos el\u00e9tricos e de automa\u00e7\u00e3o.&hellip;&nbsp;<a href=\"https:\/\/electricidadeaguas.pt\/?product=catalogo-legrand-guia-pro\" rel=\"bookmark\">Ler mais &raquo;<span class=\"screen-reader-text\">Cat\u00e1logo Legrand &#8211; Guia Pro<\/span><\/a><\/p>\n","protected":false},"featured_media":627,"comment_status":"open","ping_status":"closed","template":"","meta":{"neve_meta_sidebar":"","neve_meta_container":"","neve_meta_enable_content_width":"off","neve_meta_content_width":100,"neve_meta_title_alignment":"","neve_meta_author_avatar":"","neve_post_elements_order":"","neve_meta_disable_header":"","neve_meta_disable_footer":"","neve_meta_disable_title":""},"product_brand":[],"product_cat":[30],"product_tag":[],"class_list":{"0":"post-626","1":"product","2":"type-product","3":"status-publish","4":"has-post-thumbnail","6":"product_cat-legrand","8":"first","9":"instock","10":"virtual","11":"product-type-simple"},"jetpack_sharing_enabled":true,"_links":{"self":[{"href":"https:\/\/electricidadeaguas.pt\/index.php?rest_route=\/wp\/v2\/product\/626","targetHints":{"allow":["GET"]}}],"collection":[{"href":"https:\/\/electricidadeaguas.pt\/index.php?rest_route=\/wp\/v2\/product"}],"about":[{"href":"https:\/\/electricidadeaguas.pt\/index.php?rest_route=\/wp\/v2\/types\/product"}],"replies":[{"embeddable":true,"href":"https:\/\/electricidadeaguas.pt\/index.php?rest_route=%2Fwp%2Fv2%2Fcomments&post=626"}],"wp:featuredmedia":[{"embeddable":true,"href":"https:\/\/electricidadeaguas.pt\/index.php?rest_route=\/wp\/v2\/media\/627"}],"wp:attachment":[{"href":"https:\/\/electricidadeaguas.pt\/index.php?rest_route=%2Fwp%2Fv2%2Fmedia&parent=626"}],"wp:term":[{"taxonomy":"product_brand","embeddable":true,"href":"https:\/\/electricidadeaguas.pt\/index.php?rest_route=%2Fwp%2Fv2%2Fproduct_brand&post=626"},{"taxonomy":"product_cat","embeddable":true,"href":"https:\/\/electricidadeaguas.pt\/index.php?rest_route=%2Fwp%2Fv2%2Fproduct_cat&post=626"},{"taxonomy":"product_tag","embeddable":true,"href":"https:\/\/electricidadeaguas.pt\/index.php?rest_route=%2Fwp%2Fv2%2Fproduct_tag&post=626"}],"curies":[{"name":"wp","href":"https:\/\/api.w.org\/{rel}","templated":true}]}}