{"id":632,"date":"2025-03-25T12:19:10","date_gmt":"2025-03-25T12:19:10","guid":{"rendered":"https:\/\/electricidadeaguas.pt\/?post_type=product&#038;p=632"},"modified":"2025-03-25T12:19:10","modified_gmt":"2025-03-25T12:19:10","slug":"catalogo-hager-lumina","status":"publish","type":"product","link":"https:\/\/electricidadeaguas.pt\/?product=catalogo-hager-lumina","title":{"rendered":"Cat\u00e1logo Hager &#8211; Lumina"},"content":{"rendered":"<p class=\"\" data-start=\"88\" data-end=\"450\">A linha <strong data-start=\"96\" data-end=\"106\">Lumina<\/strong> da <strong data-start=\"110\" data-end=\"119\">Hager<\/strong> oferece solu\u00e7\u00f5es elegantes e funcionais para instala\u00e7\u00f5es el\u00e9tricas, especialmente focadas em <strong data-start=\"213\" data-end=\"230\">interruptores<\/strong>, <strong data-start=\"232\" data-end=\"243\">tomadas<\/strong> e outros dispositivos de comando. Com um design moderno e sofisticado, a linha <strong data-start=\"323\" data-end=\"333\">Lumina<\/strong> \u00e9 ideal para quem busca aliar <strong data-start=\"364\" data-end=\"376\">est\u00e9tica<\/strong> e <strong data-start=\"379\" data-end=\"393\">efici\u00eancia<\/strong> em ambientes residenciais, comerciais e at\u00e9 industriais.<\/p>\n<p class=\"\" data-start=\"452\" data-end=\"808\">Os produtos <strong data-start=\"464\" data-end=\"474\">Lumina<\/strong> s\u00e3o projetados para serem altamente <strong data-start=\"511\" data-end=\"524\">modulares<\/strong>, permitindo uma f\u00e1cil personaliza\u00e7\u00e3o das instala\u00e7\u00f5es. Dispon\u00edvel em uma variedade de acabamentos, incluindo op\u00e7\u00f5es em <strong data-start=\"643\" data-end=\"653\">branco<\/strong>, <strong data-start=\"655\" data-end=\"670\">metalizados<\/strong> e <strong data-start=\"673\" data-end=\"684\">madeira<\/strong>, a linha atende \u00e0s mais variadas necessidades de decora\u00e7\u00e3o e estilo, integrando-se de forma harmoniosa a qualquer ambiente.<\/p>\n<p class=\"\" data-start=\"810\" data-end=\"1203\">Al\u00e9m de seu design inovador, a linha <strong data-start=\"847\" data-end=\"857\">Lumina<\/strong> oferece uma <strong data-start=\"870\" data-end=\"891\">alta durabilidade<\/strong> e <strong data-start=\"894\" data-end=\"907\">seguran\u00e7a<\/strong>, garantindo que cada dispositivo esteja em conformidade com as mais rigorosas normas de qualidade. As solu\u00e7\u00f5es <strong data-start=\"1019\" data-end=\"1029\">Lumina<\/strong> s\u00e3o ideais para quem procura funcionalidade, simplicidade de instala\u00e7\u00e3o e uma est\u00e9tica contempor\u00e2nea, sem abrir m\u00e3o da confiabilidade e seguran\u00e7a para os sistemas el\u00e9tricos.<\/p>\n<p data-start=\"810\" data-end=\"1203\">Explore mais abaixo.<\/p>\n<p data-start=\"810\" data-end=\"1203\"><a href=\"http:\/\/electricidadeaguas.pt\/wp-content\/uploads\/2025\/03\/FOLHETO-LUMINA_WEB_hager.pdf\">FOLHETO-LUMINA_WEB_hager<\/a><\/p>\n","protected":false},"excerpt":{"rendered":"<p>A linha Lumina da Hager oferece solu\u00e7\u00f5es elegantes e funcionais para instala\u00e7\u00f5es el\u00e9tricas, especialmente focadas em interruptores, tomadas e outros dispositivos de comando. Com um design moderno e sofisticado, a linha Lumina \u00e9 ideal para quem busca aliar est\u00e9tica e efici\u00eancia em ambientes residenciais, comerciais e at\u00e9 industriais. Os produtos Lumina s\u00e3o projetados para serem&hellip;&nbsp;<a href=\"https:\/\/electricidadeaguas.pt\/?product=catalogo-hager-lumina\" rel=\"bookmark\">Ler mais &raquo;<span class=\"screen-reader-text\">Cat\u00e1logo Hager &#8211; Lumina<\/span><\/a><\/p>\n","protected":false},"featured_media":634,"comment_status":"open","ping_status":"closed","template":"","meta":{"neve_meta_sidebar":"","neve_meta_container":"","neve_meta_enable_content_width":"off","neve_meta_content_width":100,"neve_meta_title_alignment":"","neve_meta_author_avatar":"","neve_post_elements_order":"","neve_meta_disable_header":"","neve_meta_disable_footer":"","neve_meta_disable_title":""},"product_brand":[],"product_cat":[31],"product_tag":[],"class_list":{"0":"post-632","1":"product","2":"type-product","3":"status-publish","4":"has-post-thumbnail","6":"product_cat-hager","8":"first","9":"instock","10":"virtual","11":"product-type-simple"},"jetpack_sharing_enabled":true,"_links":{"self":[{"href":"https:\/\/electricidadeaguas.pt\/index.php?rest_route=\/wp\/v2\/product\/632","targetHints":{"allow":["GET"]}}],"collection":[{"href":"https:\/\/electricidadeaguas.pt\/index.php?rest_route=\/wp\/v2\/product"}],"about":[{"href":"https:\/\/electricidadeaguas.pt\/index.php?rest_route=\/wp\/v2\/types\/product"}],"replies":[{"embeddable":true,"href":"https:\/\/electricidadeaguas.pt\/index.php?rest_route=%2Fwp%2Fv2%2Fcomments&post=632"}],"wp:featuredmedia":[{"embeddable":true,"href":"https:\/\/electricidadeaguas.pt\/index.php?rest_route=\/wp\/v2\/media\/634"}],"wp:attachment":[{"href":"https:\/\/electricidadeaguas.pt\/index.php?rest_route=%2Fwp%2Fv2%2Fmedia&parent=632"}],"wp:term":[{"taxonomy":"product_brand","embeddable":true,"href":"https:\/\/electricidadeaguas.pt\/index.php?rest_route=%2Fwp%2Fv2%2Fproduct_brand&post=632"},{"taxonomy":"product_cat","embeddable":true,"href":"https:\/\/electricidadeaguas.pt\/index.php?rest_route=%2Fwp%2Fv2%2Fproduct_cat&post=632"},{"taxonomy":"product_tag","embeddable":true,"href":"https:\/\/electricidadeaguas.pt\/index.php?rest_route=%2Fwp%2Fv2%2Fproduct_tag&post=632"}],"curies":[{"name":"wp","href":"https:\/\/api.w.org\/{rel}","templated":true}]}}